{"id":97,"date":"2025-03-03T05:09:36","date_gmt":"2025-03-03T05:09:36","guid":{"rendered":"https:\/\/lalicorn.com\/fr\/fr-dextra\/"},"modified":"2026-01-27T13:38:02","modified_gmt":"2026-01-27T13:38:02","slug":"dextra","status":"publish","type":"page","link":"https:\/\/lalicorn.com\/fr\/works\/dextra\/","title":{"rendered":"DEXTRA"},"content":{"rendered":"\t\t<div data-elementor-type=\"wp-post\" data-elementor-id=\"97\" class=\"elementor elementor-97\" data-elementor-post-type=\"page\">\n\t\t\t\t<div class=\"elementor-element elementor-element-d8a093d e-flex e-con-boxed e-con e-parent\" data-id=\"d8a093d\" data-element_type=\"container\" data-settings=\"{&quot;background_background&quot;:&quot;classic&quot;}\">\n\t\t\t\t\t<div class=\"e-con-inner\">\n\t\t<div class=\"elementor-element elementor-element-3acb2cc e-con-full e-flex e-con e-child\" data-id=\"3acb2cc\" data-element_type=\"container\" data-settings=\"{&quot;background_background&quot;:&quot;classic&quot;,&quot;background_motion_fx_motion_fx_scrolling&quot;:&quot;yes&quot;,&quot;background_motion_fx_devices&quot;:[&quot;desktop&quot;,&quot;tablet&quot;,&quot;mobile&quot;]}\">\n\t\t\t\t<div class=\"elementor-element elementor-element-4e82881 elementor-hidden-tablet elementor-hidden-phone elementor-widget elementor-widget-theme-post-title elementor-page-title elementor-widget-heading\" data-id=\"4e82881\" data-element_type=\"widget\" data-widget_type=\"theme-post-title.default\">\n\t\t\t\t<div class=\"elementor-widget-container\">\n\t\t\t\t\t<h3 class=\"elementor-heading-title elementor-size-default\">DEXTRA<\/h3>\t\t\t\t<\/div>\n\t\t\t\t<\/div>\n\t\t\t\t<div class=\"elementor-element elementor-element-8c349b4 elementor-hidden-tablet elementor-hidden-phone elementor-widget elementor-widget-theme-post-excerpt\" data-id=\"8c349b4\" data-element_type=\"widget\" data-widget_type=\"theme-post-excerpt.default\">\n\t\t\t\t<div class=\"elementor-widget-container\">\n\t\t\t\t\tDurabilit\u00e9 corporate\t\t\t\t<\/div>\n\t\t\t\t<\/div>\n\t\t\t\t<\/div>\n\t\t\t\t\t<\/div>\n\t\t\t\t<\/div>\n\t\t<div class=\"elementor-element elementor-element-e29aaa2 e-flex e-con-boxed e-con e-parent\" data-id=\"e29aaa2\" data-element_type=\"container\">\n\t\t\t\t\t<div class=\"e-con-inner\">\n\t\t<div class=\"elementor-element elementor-element-5007aba e-con-full e-flex e-con e-child\" data-id=\"5007aba\" data-element_type=\"container\">\n\t\t\t\t<div class=\"elementor-element elementor-element-403fe07 elementor-widget elementor-widget-heading\" data-id=\"403fe07\" data-element_type=\"widget\" data-widget_type=\"heading.default\">\n\t\t\t\t<div class=\"elementor-widget-container\">\n\t\t\t\t\t<p class=\"elementor-heading-title elementor-size-default\">Cat\u00e9gorie : film corporate<\/p>\t\t\t\t<\/div>\n\t\t\t\t<\/div>\n\t\t\t\t<\/div>\n\t\t\t\t\t<\/div>\n\t\t\t\t<\/div>\n\t\t<div class=\"elementor-element elementor-element-f25f6a8 e-flex e-con-boxed e-con e-parent\" data-id=\"f25f6a8\" data-element_type=\"container\">\n\t\t\t\t\t<div class=\"e-con-inner\">\n\t\t<div class=\"elementor-element elementor-element-601f8f1 e-con-full e-flex e-con e-child\" data-id=\"601f8f1\" data-element_type=\"container\">\n\t\t\t\t<div class=\"elementor-element elementor-element-a354767 elementor-hidden-desktop elementor-widget elementor-widget-heading\" data-id=\"a354767\" data-element_type=\"widget\" data-widget_type=\"heading.default\">\n\t\t\t\t<div class=\"elementor-widget-container\">\n\t\t\t\t\t<h1 class=\"elementor-heading-title elementor-size-default\">DEXTRA<\/h1>\t\t\t\t<\/div>\n\t\t\t\t<\/div>\n\t\t\t\t<div class=\"elementor-element elementor-element-f017238 elementor-hidden-desktop elementor-widget elementor-widget-theme-post-excerpt\" data-id=\"f017238\" data-element_type=\"widget\" data-widget_type=\"theme-post-excerpt.default\">\n\t\t\t\t<div class=\"elementor-widget-container\">\n\t\t\t\t\tDurabilit\u00e9 corporate\t\t\t\t<\/div>\n\t\t\t\t<\/div>\n\t\t\t\t<\/div>\n\t\t\t\t\t<\/div>\n\t\t\t\t<\/div>\n\t\t<div class=\"elementor-element elementor-element-7ca06c3c e-flex e-con-boxed e-con e-parent\" data-id=\"7ca06c3c\" data-element_type=\"container\">\n\t\t\t\t\t<div class=\"e-con-inner\">\n\t\t<div class=\"elementor-element elementor-element-5ed45453 e-con-full e-flex e-con e-child\" data-id=\"5ed45453\" data-element_type=\"container\">\n\t\t\t\t<div class=\"elementor-element elementor-element-6f342926 elementor-widget elementor-widget-text-editor\" data-id=\"6f342926\" data-element_type=\"widget\" data-widget_type=\"text-editor.default\">\n\t\t\t\t<div class=\"elementor-widget-container\">\n\t\t\t\t\t\t\t\t\t<p>Dextra a \u00e9t\u00e9 fond\u00e9e en 1983 \u00e0 Bangkok par un entrepreneur fran\u00e7ais.<\/p>\t\t\t\t\t\t\t\t<\/div>\n\t\t\t\t<\/div>\n\t\t\t\t<div class=\"elementor-element elementor-element-4d04ac5f elementor-widget elementor-widget-text-editor\" data-id=\"4d04ac5f\" data-element_type=\"widget\" data-widget_type=\"text-editor.default\">\n\t\t\t\t<div class=\"elementor-widget-container\">\n\t\t\t\t\t\t\t\t\t<p>Le groupe Dextra est devenu un leader mondial dans la production d&rsquo;acier d&rsquo;ing\u00e9nierie et de mat\u00e9riaux de construction en polym\u00e8res renforc\u00e9s de fibres.<\/p>\t\t\t\t\t\t\t\t<\/div>\n\t\t\t\t<\/div>\n\t\t\t\t<\/div>\n\t\t\t\t\t<\/div>\n\t\t\t\t<\/div>\n\t\t<div class=\"elementor-element elementor-element-a7859ec e-flex e-con-boxed e-con e-parent\" data-id=\"a7859ec\" data-element_type=\"container\">\n\t\t\t\t\t<div class=\"e-con-inner\">\n\t\t<div class=\"elementor-element elementor-element-aa474b0 e-con-full e-flex e-con e-child\" data-id=\"aa474b0\" data-element_type=\"container\">\n\t\t\t\t<div class=\"elementor-element elementor-element-ed84e0c elementor-widget elementor-widget-heading\" data-id=\"ed84e0c\" data-element_type=\"widget\" data-widget_type=\"heading.default\">\n\t\t\t\t<div class=\"elementor-widget-container\">\n\t\t\t\t\t<h2 class=\"elementor-heading-title elementor-size-default\">Film<\/h2>\t\t\t\t<\/div>\n\t\t\t\t<\/div>\n\t\t\t\t<\/div>\n\t\t\t\t\t<\/div>\n\t\t\t\t<\/div>\n\t\t<div class=\"elementor-element elementor-element-55de69f e-flex e-con-boxed e-con e-parent\" data-id=\"55de69f\" data-element_type=\"container\">\n\t\t\t\t\t<div class=\"e-con-inner\">\n\t\t<div class=\"elementor-element elementor-element-68d83063 e-con-full e-flex e-con e-child\" data-id=\"68d83063\" data-element_type=\"container\">\n\t\t<div class=\"elementor-element elementor-element-447b5145 e-con-full e-flex e-con e-child\" data-id=\"447b5145\" data-element_type=\"container\">\n\t\t\t\t<div class=\"elementor-element elementor-element-5da273e9 elementor-widget elementor-widget-video\" data-id=\"5da273e9\" data-element_type=\"widget\" data-settings=\"{&quot;youtube_url&quot;:&quot;https:\\\/\\\/youtu.be\\\/uoaI5On4Q-g&quot;,&quot;autoplay&quot;:&quot;yes&quot;,&quot;mute&quot;:&quot;yes&quot;,&quot;loop&quot;:&quot;yes&quot;,&quot;lazy_load&quot;:&quot;yes&quot;,&quot;play_on_mobile&quot;:&quot;yes&quot;,&quot;video_type&quot;:&quot;youtube&quot;,&quot;controls&quot;:&quot;yes&quot;}\" data-widget_type=\"video.default\">\n\t\t\t\t<div class=\"elementor-widget-container\">\n\t\t\t\t\t\t\t<div class=\"elementor-wrapper elementor-open-inline\">\n\t\t\t<div class=\"elementor-video\"><\/div>\t\t<\/div>\n\t\t\t\t\t\t<\/div>\n\t\t\t\t<\/div>\n\t\t\t\t<div class=\"elementor-element elementor-element-e565e8e elementor-widget elementor-widget-text-editor\" data-id=\"e565e8e\" data-element_type=\"widget\" data-widget_type=\"text-editor.default\">\n\t\t\t\t<div class=\"elementor-widget-container\">\n\t\t\t\t\t\t\t\t\t<p>Dextra &#8211; Film Corporate Durabilit\u00e9<\/p>\t\t\t\t\t\t\t\t<\/div>\n\t\t\t\t<\/div>\n\t\t\t\t<\/div>\n\t\t\t\t<\/div>\n\t\t\t\t\t<\/div>\n\t\t\t\t<\/div>\n\t\t<div class=\"elementor-element elementor-element-9cd9f3c e-flex e-con-boxed e-con e-parent\" data-id=\"9cd9f3c\" data-element_type=\"container\">\n\t\t\t\t\t<div class=\"e-con-inner\">\n\t\t<div class=\"elementor-element elementor-element-5afbdfc e-con-full e-flex e-con e-child\" data-id=\"5afbdfc\" data-element_type=\"container\">\n\t\t\t\t<div class=\"elementor-element elementor-element-a03e626 elementor-widget elementor-widget-heading\" data-id=\"a03e626\" data-element_type=\"widget\" data-widget_type=\"heading.default\">\n\t\t\t\t<div class=\"elementor-widget-container\">\n\t\t\t\t\t<h2 class=\"elementor-heading-title elementor-size-default\">Contexte<\/h2>\t\t\t\t<\/div>\n\t\t\t\t<\/div>\n\t\t\t\t<\/div>\n\t\t\t\t\t<\/div>\n\t\t\t\t<\/div>\n\t\t<div class=\"elementor-element elementor-element-5830b42 e-flex e-con-boxed e-con e-parent\" data-id=\"5830b42\" data-element_type=\"container\">\n\t\t\t\t\t<div class=\"e-con-inner\">\n\t\t<div class=\"elementor-element elementor-element-08024e1 e-con-full e-flex e-con e-child\" data-id=\"08024e1\" data-element_type=\"container\">\n\t\t\t\t<div class=\"elementor-element elementor-element-a5fd821 elementor-widget elementor-widget-text-editor\" data-id=\"a5fd821\" data-element_type=\"widget\" data-widget_type=\"text-editor.default\">\n\t\t\t\t<div class=\"elementor-widget-container\">\n\t\t\t\t\t\t\t\t\t<p>Dextra nous a sollicit\u00e9s pour la cr\u00e9ation de trois films d&rsquo;entreprise percutants ax\u00e9s sur la Durabilit\u00e9, les Ressources Humaines et les Capacit\u00e9s de Fabrication.<\/p><p>L\u2019objectif \u00e9tait de mettre en lumi\u00e8re l\u2019engagement de Dextra sur les sujets de la durabilit\u00e9, la culture dynamique de l&rsquo;entreprise et ses processus de fabrication de pointe.<\/p><p>Dextra souhaitait une combinaison fluide de s\u00e9quences documentaires et d&rsquo;animations contemporaines, s\u2019inspirant de la campagne de durabilit\u00e9 d&rsquo;Apple, pour raconter son histoire.\u00a0<\/p><p>Les films ont \u00e9t\u00e9 con\u00e7us pour engager les clients, attirer de futurs talents et mettre en avant l\u2019excellence de Dextra en mati\u00e8re de production en Tha\u00eflande, en Chine et en Inde.<\/p>\t\t\t\t\t\t\t\t<\/div>\n\t\t\t\t<\/div>\n\t\t\t\t<\/div>\n\t\t\t\t\t<\/div>\n\t\t\t\t<\/div>\n\t\t<div class=\"elementor-element elementor-element-2c999e3 e-flex e-con-boxed e-con e-parent\" data-id=\"2c999e3\" data-element_type=\"container\">\n\t\t\t\t\t<div class=\"e-con-inner\">\n\t\t<div class=\"elementor-element elementor-element-b84d8e9 e-con-full e-flex e-con e-child\" data-id=\"b84d8e9\" data-element_type=\"container\">\n\t\t\t\t<div class=\"elementor-element elementor-element-7223d98 elementor-widget elementor-widget-heading\" data-id=\"7223d98\" data-element_type=\"widget\" data-widget_type=\"heading.default\">\n\t\t\t\t<div class=\"elementor-widget-container\">\n\t\t\t\t\t<h2 class=\"elementor-heading-title elementor-size-default\">D\u00e9fi<\/h2>\t\t\t\t<\/div>\n\t\t\t\t<\/div>\n\t\t\t\t<\/div>\n\t\t\t\t\t<\/div>\n\t\t\t\t<\/div>\n\t\t<div class=\"elementor-element elementor-element-1296f29 e-flex e-con-boxed e-con e-parent\" data-id=\"1296f29\" data-element_type=\"container\">\n\t\t\t\t\t<div class=\"e-con-inner\">\n\t\t<div class=\"elementor-element elementor-element-a027853 e-con-full e-flex e-con e-child\" data-id=\"a027853\" data-element_type=\"container\">\n\t\t\t\t<div class=\"elementor-element elementor-element-1be3de0 elementor-widget elementor-widget-text-editor\" data-id=\"1be3de0\" data-element_type=\"widget\" data-widget_type=\"text-editor.default\">\n\t\t\t\t<div class=\"elementor-widget-container\">\n\t\t\t\t\t\t\t\t\t<p>L&rsquo;approche pour ces trois r\u00e9cits \u00e9tait de mettre en valeur la diversit\u00e9 culturelle au sein de l&rsquo;entreprise, en donnant \u00e0 chacun une voix afin de cr\u00e9er des films plus humains et accessibles.<\/p><p>L\u2019\u00e9quipe de Lalicorn a recueilli la parole des salari\u00e9s\u00a0 sur ces trois th\u00e8mes, en mettant en avant l\u2019\u00e9ventail des capacit\u00e9s et la force de la culture d\u2019entreprise de Dextra.<\/p><p>Gr\u00e2ce \u00e0 l&rsquo;int\u00e9gration minutieuse des couleurs, de la typographie et des \u00e9l\u00e9ments de conception propres \u00e0 Dextra, nous avons d\u00e9velopp\u00e9 un langage visuel distinctif qui respecte l&rsquo;identit\u00e9 de la marque et cr\u00e9e une histoire convaincante et attrayante.<\/p>\t\t\t\t\t\t\t\t<\/div>\n\t\t\t\t<\/div>\n\t\t\t\t<\/div>\n\t\t\t\t\t<\/div>\n\t\t\t\t<\/div>\n\t\t<div class=\"elementor-element elementor-element-60909fd2 e-flex e-con-boxed e-con e-parent\" data-id=\"60909fd2\" data-element_type=\"container\">\n\t\t\t\t\t<div class=\"e-con-inner\">\n\t\t<div class=\"elementor-element elementor-element-5b3c26c5 e-con-full e-flex e-con e-child\" data-id=\"5b3c26c5\" data-element_type=\"container\">\n\t\t\t\t<div class=\"elementor-element elementor-element-1c1451d7 elementor-pagination-position-inside elementor-widget elementor-widget-slides\" data-id=\"1c1451d7\" data-element_type=\"widget\" data-settings=\"{&quot;navigation&quot;:&quot;dots&quot;,&quot;autoplay_speed&quot;:&quot;2000&quot;,&quot;autoplay&quot;:&quot;yes&quot;,&quot;pause_on_interaction&quot;:&quot;yes&quot;,&quot;infinite&quot;:&quot;yes&quot;,&quot;transition&quot;:&quot;slide&quot;,&quot;transition_speed&quot;:500}\" data-widget_type=\"slides.default\">\n\t\t\t\t<div class=\"elementor-widget-container\">\n\t\t\t\t\t\t\t\t\t<div class=\"elementor-swiper\">\n\t\t\t\t\t<div class=\"elementor-slides-wrapper elementor-main-swiper swiper\" role=\"region\" aria-roledescription=\"carousel\" aria-label=\"Slides\" dir=\"ltr\" data-animation=\"fadeInRight\">\n\t\t\t\t<div class=\"swiper-wrapper elementor-slides\">\n\t\t\t\t\t\t\t\t\t\t<div class=\"elementor-repeater-item-e7e40ee swiper-slide\" role=\"group\" aria-roledescription=\"slide\"><div class=\"swiper-slide-bg\" role=\"img\"><\/div><div class=\"swiper-slide-inner\" ><div class=\"swiper-slide-contents\"><\/div><\/div><\/div><div class=\"elementor-repeater-item-65b0759 swiper-slide\" role=\"group\" aria-roledescription=\"slide\"><div class=\"swiper-slide-bg\" role=\"img\"><\/div><div class=\"swiper-slide-inner\" ><div class=\"swiper-slide-contents\"><\/div><\/div><\/div><div class=\"elementor-repeater-item-25e2002 swiper-slide\" role=\"group\" aria-roledescription=\"slide\"><div class=\"swiper-slide-bg\" role=\"img\"><\/div><div class=\"swiper-slide-inner\" ><div class=\"swiper-slide-contents\"><\/div><\/div><\/div><div class=\"elementor-repeater-item-33c4ecb swiper-slide\" role=\"group\" aria-roledescription=\"slide\"><div class=\"swiper-slide-bg\" role=\"img\"><\/div><div class=\"swiper-slide-inner\" ><div class=\"swiper-slide-contents\"><\/div><\/div><\/div><div class=\"elementor-repeater-item-cf29b49 swiper-slide\" role=\"group\" aria-roledescription=\"slide\"><div class=\"swiper-slide-bg\" role=\"img\"><\/div><div class=\"swiper-slide-inner\" ><div class=\"swiper-slide-contents\"><\/div><\/div><\/div><div class=\"elementor-repeater-item-b6d27e8 swiper-slide\" role=\"group\" aria-roledescription=\"slide\"><div class=\"swiper-slide-bg\" role=\"img\"><\/div><div class=\"swiper-slide-inner\" ><div class=\"swiper-slide-contents\"><\/div><\/div><\/div><div class=\"elementor-repeater-item-10dafdd swiper-slide\" role=\"group\" aria-roledescription=\"slide\"><div class=\"swiper-slide-bg\" role=\"img\"><\/div><div class=\"swiper-slide-inner\" ><div class=\"swiper-slide-contents\"><\/div><\/div><\/div><div class=\"elementor-repeater-item-bc7ace8 swiper-slide\" role=\"group\" aria-roledescription=\"slide\"><div class=\"swiper-slide-bg\" role=\"img\"><\/div><div class=\"swiper-slide-inner\" ><div class=\"swiper-slide-contents\"><\/div><\/div><\/div>\t\t\t\t<\/div>\n\t\t\t\t\t\t\t\t\t\t\t\t\t\t\t\t\t\t\t\t<div class=\"swiper-pagination\"><\/div>\n\t\t\t\t\t\t\t\t\t\t\t\t<\/div>\n\t\t\t\t<\/div>\n\t\t\t\t\t\t\t\t<\/div>\n\t\t\t\t<\/div>\n\t\t\t\t<\/div>\n\t\t\t\t\t<\/div>\n\t\t\t\t<\/div>\n\t\t\t\t<\/div>\n\t\t","protected":false},"excerpt":{"rendered":"<p>Durabilit\u00e9 corporate<\/p>\n","protected":false},"author":2,"featured_media":10216,"parent":221,"menu_order":0,"comment_status":"closed","ping_status":"closed","template":"","meta":{"footnotes":""},"class_list":["post-97","page","type-page","status-publish","has-post-thumbnail","hentry"],"_links":{"self":[{"href":"https:\/\/lalicorn.com\/fr\/wp-json\/wp\/v2\/pages\/97","targetHints":{"allow":["GET"]}}],"collection":[{"href":"https:\/\/lalicorn.com\/fr\/wp-json\/wp\/v2\/pages"}],"about":[{"href":"https:\/\/lalicorn.com\/fr\/wp-json\/wp\/v2\/types\/page"}],"author":[{"embeddable":true,"href":"https:\/\/lalicorn.com\/fr\/wp-json\/wp\/v2\/users\/2"}],"replies":[{"embeddable":true,"href":"https:\/\/lalicorn.com\/fr\/wp-json\/wp\/v2\/comments?post=97"}],"version-history":[{"count":194,"href":"https:\/\/lalicorn.com\/fr\/wp-json\/wp\/v2\/pages\/97\/revisions"}],"predecessor-version":[{"id":14776,"href":"https:\/\/lalicorn.com\/fr\/wp-json\/wp\/v2\/pages\/97\/revisions\/14776"}],"up":[{"embeddable":true,"href":"https:\/\/lalicorn.com\/fr\/wp-json\/wp\/v2\/pages\/221"}],"wp:featuredmedia":[{"embeddable":true,"href":"https:\/\/lalicorn.com\/fr\/wp-json\/wp\/v2\/media\/10216"}],"wp:attachment":[{"href":"https:\/\/lalicorn.com\/fr\/wp-json\/wp\/v2\/media?parent=97"}],"curies":[{"name":"wp","href":"https:\/\/api.w.org\/{rel}","templated":true}]}}