{"id":213,"date":"2025-03-03T05:10:14","date_gmt":"2025-03-03T05:10:14","guid":{"rendered":"https:\/\/lalicorn.com\/fr\/fr-hennessy\/"},"modified":"2026-01-27T07:18:23","modified_gmt":"2026-01-27T07:18:23","slug":"hennessy-securite-au-travail","status":"publish","type":"page","link":"https:\/\/lalicorn.com\/fr\/works\/hennessy-securite-au-travail\/","title":{"rendered":"HENNESSY"},"content":{"rendered":"\t\t<div data-elementor-type=\"wp-post\" data-elementor-id=\"213\" class=\"elementor elementor-213\" data-elementor-post-type=\"page\">\n\t\t\t\t<div class=\"elementor-element elementor-element-a39806e e-flex e-con-boxed e-con e-parent\" data-id=\"a39806e\" data-element_type=\"container\" data-settings=\"{&quot;background_background&quot;:&quot;classic&quot;}\">\n\t\t\t\t\t<div class=\"e-con-inner\">\n\t\t<div class=\"elementor-element elementor-element-1768d11 e-con-full e-flex e-con e-child\" data-id=\"1768d11\" data-element_type=\"container\" data-settings=\"{&quot;background_background&quot;:&quot;classic&quot;,&quot;background_motion_fx_motion_fx_scrolling&quot;:&quot;yes&quot;,&quot;background_motion_fx_devices&quot;:[&quot;desktop&quot;,&quot;tablet&quot;,&quot;mobile&quot;]}\">\n\t\t\t\t<div class=\"elementor-element elementor-element-fa6a238 elementor-hidden-tablet elementor-hidden-phone elementor-widget elementor-widget-theme-post-title elementor-page-title elementor-widget-heading\" data-id=\"fa6a238\" data-element_type=\"widget\" data-widget_type=\"theme-post-title.default\">\n\t\t\t\t<div class=\"elementor-widget-container\">\n\t\t\t\t\t<h3 class=\"elementor-heading-title elementor-size-default\">HENNESSY<\/h3>\t\t\t\t<\/div>\n\t\t\t\t<\/div>\n\t\t\t\t<div class=\"elementor-element elementor-element-78a47e6 elementor-hidden-tablet elementor-hidden-phone elementor-widget elementor-widget-theme-post-excerpt\" data-id=\"78a47e6\" data-element_type=\"widget\" data-widget_type=\"theme-post-excerpt.default\">\n\t\t\t\t<div class=\"elementor-widget-container\">\n\t\t\t\t\tSant\u00e9 et s\u00e9curit\u00e9 au travail\t\t\t\t<\/div>\n\t\t\t\t<\/div>\n\t\t\t\t<\/div>\n\t\t\t\t\t<\/div>\n\t\t\t\t<\/div>\n\t\t<div class=\"elementor-element elementor-element-05ed61d e-flex e-con-boxed e-con e-parent\" data-id=\"05ed61d\" data-element_type=\"container\">\n\t\t\t\t\t<div class=\"e-con-inner\">\n\t\t<div class=\"elementor-element elementor-element-2dbbd26 e-con-full e-flex e-con e-child\" data-id=\"2dbbd26\" data-element_type=\"container\">\n\t\t\t\t<div class=\"elementor-element elementor-element-1f1d5bf elementor-widget elementor-widget-heading\" data-id=\"1f1d5bf\" data-element_type=\"widget\" data-widget_type=\"heading.default\">\n\t\t\t\t<div class=\"elementor-widget-container\">\n\t\t\t\t\t<p class=\"elementor-heading-title elementor-size-default\">Cat\u00e9gorie : film d'animation \u00e9ducatif<\/p>\t\t\t\t<\/div>\n\t\t\t\t<\/div>\n\t\t\t\t<\/div>\n\t\t\t\t\t<\/div>\n\t\t\t\t<\/div>\n\t\t<div class=\"elementor-element elementor-element-a517889 e-flex e-con-boxed e-con e-parent\" data-id=\"a517889\" data-element_type=\"container\">\n\t\t\t\t\t<div class=\"e-con-inner\">\n\t\t<div class=\"elementor-element elementor-element-7d89a2b e-con-full e-flex e-con e-child\" data-id=\"7d89a2b\" data-element_type=\"container\">\n\t\t\t\t<div class=\"elementor-element elementor-element-a33fbde elementor-hidden-desktop elementor-widget elementor-widget-heading\" data-id=\"a33fbde\" data-element_type=\"widget\" data-widget_type=\"heading.default\">\n\t\t\t\t<div class=\"elementor-widget-container\">\n\t\t\t\t\t<h1 class=\"elementor-heading-title elementor-size-default\">HENNESSY<\/h1>\t\t\t\t<\/div>\n\t\t\t\t<\/div>\n\t\t\t\t<div class=\"elementor-element elementor-element-cdaa66f elementor-hidden-desktop elementor-widget elementor-widget-theme-post-excerpt\" data-id=\"cdaa66f\" data-element_type=\"widget\" data-widget_type=\"theme-post-excerpt.default\">\n\t\t\t\t<div class=\"elementor-widget-container\">\n\t\t\t\t\tSant\u00e9 et s\u00e9curit\u00e9 au travail\t\t\t\t<\/div>\n\t\t\t\t<\/div>\n\t\t\t\t<\/div>\n\t\t\t\t\t<\/div>\n\t\t\t\t<\/div>\n\t\t<div class=\"elementor-element elementor-element-b1446de e-flex e-con-boxed e-con e-parent\" data-id=\"b1446de\" data-element_type=\"container\">\n\t\t\t\t\t<div class=\"e-con-inner\">\n\t\t<div class=\"elementor-element elementor-element-48916dd e-con-full e-flex e-con e-child\" data-id=\"48916dd\" data-element_type=\"container\">\n\t\t\t\t<div class=\"elementor-element elementor-element-23911e6 elementor-widget elementor-widget-text-editor\" data-id=\"23911e6\" data-element_type=\"widget\" data-widget_type=\"text-editor.default\">\n\t\t\t\t<div class=\"elementor-widget-container\">\n\t\t\t\t\t\t\t\t\t<p>Hennessy est une marque aux normes exceptionnellement \u00e9lev\u00e9es.<\/p>\t\t\t\t\t\t\t\t<\/div>\n\t\t\t\t<\/div>\n\t\t\t\t<div class=\"elementor-element elementor-element-c89baa6 elementor-widget elementor-widget-text-editor\" data-id=\"c89baa6\" data-element_type=\"widget\" data-widget_type=\"text-editor.default\">\n\t\t\t\t<div class=\"elementor-widget-container\">\n\t\t\t\t\t\t\t\t\t<p>Notre client, l&rsquo;agence parisienne SUPPER, nous a confi\u00e9 la r\u00e9alisation d&rsquo;un film d&rsquo;animation pour la nouvelle campagne \u00abSant\u00e9 et S\u00e9curit\u00e9 au Travail\u00bb.<\/p>\t\t\t\t\t\t\t\t<\/div>\n\t\t\t\t<\/div>\n\t\t\t\t<\/div>\n\t\t\t\t\t<\/div>\n\t\t\t\t<\/div>\n\t\t<div class=\"elementor-element elementor-element-8b69a6b e-flex e-con-boxed e-con e-parent\" data-id=\"8b69a6b\" data-element_type=\"container\">\n\t\t\t\t\t<div class=\"e-con-inner\">\n\t\t<div class=\"elementor-element elementor-element-1446b51 e-con-full e-flex e-con e-child\" data-id=\"1446b51\" data-element_type=\"container\">\n\t\t\t\t<div class=\"elementor-element elementor-element-20c1145 elementor-widget elementor-widget-heading\" data-id=\"20c1145\" data-element_type=\"widget\" data-widget_type=\"heading.default\">\n\t\t\t\t<div class=\"elementor-widget-container\">\n\t\t\t\t\t<h2 class=\"elementor-heading-title elementor-size-default\">Film<\/h2>\t\t\t\t<\/div>\n\t\t\t\t<\/div>\n\t\t\t\t<\/div>\n\t\t\t\t\t<\/div>\n\t\t\t\t<\/div>\n\t\t<div class=\"elementor-element elementor-element-8fa2b8a e-flex e-con-boxed e-con e-parent\" data-id=\"8fa2b8a\" data-element_type=\"container\">\n\t\t\t\t\t<div class=\"e-con-inner\">\n\t\t<div class=\"elementor-element elementor-element-820a2c0 e-con-full e-flex e-con e-child\" data-id=\"820a2c0\" data-element_type=\"container\">\n\t\t<div class=\"elementor-element elementor-element-9ee9f36 e-con-full e-flex e-con e-child\" data-id=\"9ee9f36\" data-element_type=\"container\">\n\t\t\t\t<div class=\"elementor-element elementor-element-1b5b7d0 elementor-widget elementor-widget-video\" data-id=\"1b5b7d0\" data-element_type=\"widget\" data-settings=\"{&quot;youtube_url&quot;:&quot;https:\\\/\\\/youtu.be\\\/lE0p49lDlaI&quot;,&quot;autoplay&quot;:&quot;yes&quot;,&quot;mute&quot;:&quot;yes&quot;,&quot;loop&quot;:&quot;yes&quot;,&quot;lazy_load&quot;:&quot;yes&quot;,&quot;play_on_mobile&quot;:&quot;yes&quot;,&quot;video_type&quot;:&quot;youtube&quot;,&quot;controls&quot;:&quot;yes&quot;}\" data-widget_type=\"video.default\">\n\t\t\t\t<div class=\"elementor-widget-container\">\n\t\t\t\t\t\t\t<div class=\"elementor-wrapper elementor-open-inline\">\n\t\t\t<div class=\"elementor-video\"><\/div>\t\t<\/div>\n\t\t\t\t\t\t<\/div>\n\t\t\t\t<\/div>\n\t\t\t\t<div class=\"elementor-element elementor-element-d0bbb2a elementor-widget elementor-widget-text-editor\" data-id=\"d0bbb2a\" data-element_type=\"widget\" data-widget_type=\"text-editor.default\">\n\t\t\t\t<div class=\"elementor-widget-container\">\n\t\t\t\t\t\t\t\t\t<p>Hennessy &#8211; Film S\u00e9curit\u00e9 sur le lieu de travail<\/p>\t\t\t\t\t\t\t\t<\/div>\n\t\t\t\t<\/div>\n\t\t\t\t<\/div>\n\t\t\t\t<\/div>\n\t\t\t\t\t<\/div>\n\t\t\t\t<\/div>\n\t\t<div class=\"elementor-element elementor-element-17e86f1 e-flex e-con-boxed e-con e-parent\" data-id=\"17e86f1\" data-element_type=\"container\">\n\t\t\t\t\t<div class=\"e-con-inner\">\n\t\t<div class=\"elementor-element elementor-element-9ba220f e-con-full e-flex e-con e-child\" data-id=\"9ba220f\" data-element_type=\"container\">\n\t\t\t\t<div class=\"elementor-element elementor-element-40ae1f9 elementor-widget elementor-widget-heading\" data-id=\"40ae1f9\" data-element_type=\"widget\" data-widget_type=\"heading.default\">\n\t\t\t\t<div class=\"elementor-widget-container\">\n\t\t\t\t\t<h2 class=\"elementor-heading-title elementor-size-default\">Contexte<\/h2>\t\t\t\t<\/div>\n\t\t\t\t<\/div>\n\t\t\t\t<\/div>\n\t\t\t\t\t<\/div>\n\t\t\t\t<\/div>\n\t\t<div class=\"elementor-element elementor-element-f50269d e-flex e-con-boxed e-con e-parent\" data-id=\"f50269d\" data-element_type=\"container\">\n\t\t\t\t\t<div class=\"e-con-inner\">\n\t\t<div class=\"elementor-element elementor-element-232a35c e-con-full e-flex e-con e-child\" data-id=\"232a35c\" data-element_type=\"container\">\n\t\t\t\t<div class=\"elementor-element elementor-element-1a54871 elementor-widget elementor-widget-text-editor\" data-id=\"1a54871\" data-element_type=\"widget\" data-widget_type=\"text-editor.default\">\n\t\t\t\t<div class=\"elementor-widget-container\">\n\t\t\t\t\t\t\t\t\t<p>Le film s\u2019adresse \u00e0 la communaut\u00e9 des vignerons d&rsquo;Hennessy pour leur rappeler les trois points cl\u00e9s qui garantissent leur s\u00e9curit\u00e9 au travail dans les installations, en particulier dans les cuves de stockage des alcools.<\/p>\t\t\t\t\t\t\t\t<\/div>\n\t\t\t\t<\/div>\n\t\t\t\t<\/div>\n\t\t<div class=\"elementor-element elementor-element-1c61225 e-con-full e-flex e-con e-child\" data-id=\"1c61225\" data-element_type=\"container\">\n\t\t\t\t<div class=\"elementor-element elementor-element-8d55a93 elementor-widget elementor-widget-image\" data-id=\"8d55a93\" data-element_type=\"widget\" data-widget_type=\"image.default\">\n\t\t\t\t<div class=\"elementor-widget-container\">\n\t\t\t\t\t\t\t\t\t\t\t\t\t\t\t<img fetchpriority=\"high\" decoding=\"async\" width=\"560\" height=\"315\" src=\"https:\/\/lalicorn.com\/fr\/wp-content\/uploads\/sites\/3\/2021\/09\/3Men.jpg\" class=\"attachment-large size-large wp-image-4158\" alt=\"\" srcset=\"https:\/\/lalicorn.com\/fr\/wp-content\/uploads\/sites\/3\/2021\/09\/3Men.jpg 560w, https:\/\/lalicorn.com\/fr\/wp-content\/uploads\/sites\/3\/2021\/09\/3Men-300x169.jpg 300w\" sizes=\"(max-width: 560px) 100vw, 560px\" \/>\t\t\t\t\t\t\t\t\t\t\t\t\t\t\t<\/div>\n\t\t\t\t<\/div>\n\t\t\t\t<\/div>\n\t\t\t\t\t<\/div>\n\t\t\t\t<\/div>\n\t\t<div class=\"elementor-element elementor-element-43dbc56 e-flex e-con-boxed e-con e-parent\" data-id=\"43dbc56\" data-element_type=\"container\">\n\t\t\t\t\t<div class=\"e-con-inner\">\n\t\t<div class=\"elementor-element elementor-element-5f84fb3 e-con-full e-flex e-con e-child\" data-id=\"5f84fb3\" data-element_type=\"container\">\n\t\t\t\t<div class=\"elementor-element elementor-element-a7a84fc elementor-widget elementor-widget-heading\" data-id=\"a7a84fc\" data-element_type=\"widget\" data-widget_type=\"heading.default\">\n\t\t\t\t<div class=\"elementor-widget-container\">\n\t\t\t\t\t<h2 class=\"elementor-heading-title elementor-size-default\">Design<\/h2>\t\t\t\t<\/div>\n\t\t\t\t<\/div>\n\t\t\t\t<\/div>\n\t\t\t\t\t<\/div>\n\t\t\t\t<\/div>\n\t\t<div class=\"elementor-element elementor-element-383fb17 e-flex e-con-boxed e-con e-parent\" data-id=\"383fb17\" data-element_type=\"container\">\n\t\t\t\t\t<div class=\"e-con-inner\">\n\t\t\t\t<div class=\"elementor-element elementor-element-03408ec elementor-widget elementor-widget-text-editor\" data-id=\"03408ec\" data-element_type=\"widget\" data-widget_type=\"text-editor.default\">\n\t\t\t\t<div class=\"elementor-widget-container\">\n\t\t\t\t\t\t\t\t\t<p>Le client nous avait fourni un script d\u00e9taill\u00e9, accompagn\u00e9 d&rsquo;illustrations pr\u00eates \u00e0 \u00eatre anim\u00e9es. Nous avons enrichi le tout en ajoutant quelques \u00e9l\u00e9ments pour dynamiser le style, et cr\u00e9\u00e9 un shoot board audacieux avant d&rsquo;animer toutes les sc\u00e8nes. Nous avons par la suite d\u00e9nich\u00e9 une musique parfaite et apport\u00e9 une touche finale avec la conception sonore pour compl\u00e9ter l&rsquo;ensemble.<\/p>\t\t\t\t\t\t\t\t<\/div>\n\t\t\t\t<\/div>\n\t\t\t\t\t<\/div>\n\t\t\t\t<\/div>\n\t\t<div class=\"elementor-element elementor-element-66370f39 e-flex e-con-boxed e-con e-parent\" data-id=\"66370f39\" data-element_type=\"container\">\n\t\t\t\t\t<div class=\"e-con-inner\">\n\t\t<div class=\"elementor-element elementor-element-4d944bd e-con-full e-flex e-con e-child\" data-id=\"4d944bd\" data-element_type=\"container\">\n\t\t\t\t<div class=\"elementor-element elementor-element-f85c781 elementor-widget elementor-widget-image\" data-id=\"f85c781\" data-element_type=\"widget\" data-widget_type=\"image.default\">\n\t\t\t\t<div class=\"elementor-widget-container\">\n\t\t\t\t\t\t\t\t\t\t\t\t\t\t\t<img decoding=\"async\" width=\"560\" height=\"315\" src=\"https:\/\/lalicorn.com\/fr\/wp-content\/uploads\/sites\/3\/2021\/09\/Hennessy.jpg\" class=\"attachment-full size-full wp-image-4206\" alt=\"\" srcset=\"https:\/\/lalicorn.com\/fr\/wp-content\/uploads\/sites\/3\/2021\/09\/Hennessy.jpg 560w, https:\/\/lalicorn.com\/fr\/wp-content\/uploads\/sites\/3\/2021\/09\/Hennessy-300x169.jpg 300w\" sizes=\"(max-width: 560px) 100vw, 560px\" \/>\t\t\t\t\t\t\t\t\t\t\t\t\t\t\t<\/div>\n\t\t\t\t<\/div>\n\t\t\t\t<\/div>\n\t\t<div class=\"elementor-element elementor-element-9ea529e e-con-full e-flex e-con e-child\" data-id=\"9ea529e\" data-element_type=\"container\">\n\t\t\t\t<div class=\"elementor-element elementor-element-1170a8b9 elementor-widget elementor-widget-image\" data-id=\"1170a8b9\" data-element_type=\"widget\" data-widget_type=\"image.default\">\n\t\t\t\t<div class=\"elementor-widget-container\">\n\t\t\t\t\t\t\t\t\t\t\t\t\t\t\t<img decoding=\"async\" width=\"560\" height=\"315\" src=\"https:\/\/lalicorn.com\/fr\/wp-content\/uploads\/sites\/3\/2021\/09\/Eye.jpg\" class=\"attachment-full size-full wp-image-4153\" alt=\"\" srcset=\"https:\/\/lalicorn.com\/fr\/wp-content\/uploads\/sites\/3\/2021\/09\/Eye.jpg 560w, https:\/\/lalicorn.com\/fr\/wp-content\/uploads\/sites\/3\/2021\/09\/Eye-300x169.jpg 300w\" sizes=\"(max-width: 560px) 100vw, 560px\" \/>\t\t\t\t\t\t\t\t\t\t\t\t\t\t\t<\/div>\n\t\t\t\t<\/div>\n\t\t\t\t<\/div>\n\t\t\t\t\t<\/div>\n\t\t\t\t<\/div>\n\t\t<div class=\"elementor-element elementor-element-3b7129ca e-flex e-con-boxed e-con e-parent\" data-id=\"3b7129ca\" data-element_type=\"container\">\n\t\t\t\t\t<div class=\"e-con-inner\">\n\t\t<div class=\"elementor-element elementor-element-3a486c55 e-con-full e-flex e-con e-child\" data-id=\"3a486c55\" data-element_type=\"container\">\n\t\t\t\t<div class=\"elementor-element elementor-element-7905f40 elementor-widget elementor-widget-image\" data-id=\"7905f40\" data-element_type=\"widget\" data-widget_type=\"image.default\">\n\t\t\t\t<div class=\"elementor-widget-container\">\n\t\t\t\t\t\t\t\t\t\t\t\t\t\t\t<img loading=\"lazy\" decoding=\"async\" width=\"462\" height=\"260\" src=\"https:\/\/lalicorn.com\/fr\/wp-content\/uploads\/sites\/3\/2025\/03\/Design_1.jpg\" class=\"attachment-large size-large wp-image-11149\" alt=\"\" srcset=\"https:\/\/lalicorn.com\/fr\/wp-content\/uploads\/sites\/3\/2025\/03\/Design_1.jpg 462w, https:\/\/lalicorn.com\/fr\/wp-content\/uploads\/sites\/3\/2025\/03\/Design_1-300x169.jpg 300w\" sizes=\"(max-width: 462px) 100vw, 462px\" \/>\t\t\t\t\t\t\t\t\t\t\t\t\t\t\t<\/div>\n\t\t\t\t<\/div>\n\t\t\t\t<\/div>\n\t\t<div class=\"elementor-element elementor-element-56a1153d e-con-full e-flex e-con e-child\" data-id=\"56a1153d\" data-element_type=\"container\">\n\t\t\t\t<div class=\"elementor-element elementor-element-c02c8d5 elementor-widget elementor-widget-image\" data-id=\"c02c8d5\" data-element_type=\"widget\" data-widget_type=\"image.default\">\n\t\t\t\t<div class=\"elementor-widget-container\">\n\t\t\t\t\t\t\t\t\t\t\t\t\t\t\t<img loading=\"lazy\" decoding=\"async\" width=\"462\" height=\"260\" src=\"https:\/\/lalicorn.com\/fr\/wp-content\/uploads\/sites\/3\/2025\/03\/Design_3.jpg\" class=\"attachment-large size-large wp-image-11151\" alt=\"\" srcset=\"https:\/\/lalicorn.com\/fr\/wp-content\/uploads\/sites\/3\/2025\/03\/Design_3.jpg 462w, https:\/\/lalicorn.com\/fr\/wp-content\/uploads\/sites\/3\/2025\/03\/Design_3-300x169.jpg 300w\" sizes=\"(max-width: 462px) 100vw, 462px\" \/>\t\t\t\t\t\t\t\t\t\t\t\t\t\t\t<\/div>\n\t\t\t\t<\/div>\n\t\t\t\t<\/div>\n\t\t<div class=\"elementor-element elementor-element-3ed238bc e-con-full e-flex e-con e-child\" data-id=\"3ed238bc\" data-element_type=\"container\">\n\t\t\t\t<div class=\"elementor-element elementor-element-60ade81 elementor-widget elementor-widget-image\" data-id=\"60ade81\" data-element_type=\"widget\" data-widget_type=\"image.default\">\n\t\t\t\t<div class=\"elementor-widget-container\">\n\t\t\t\t\t\t\t\t\t\t\t\t\t\t\t<img loading=\"lazy\" decoding=\"async\" width=\"462\" height=\"260\" src=\"https:\/\/lalicorn.com\/fr\/wp-content\/uploads\/sites\/3\/2025\/03\/Design_4.jpg\" class=\"attachment-large size-large wp-image-11152\" alt=\"\" srcset=\"https:\/\/lalicorn.com\/fr\/wp-content\/uploads\/sites\/3\/2025\/03\/Design_4.jpg 462w, https:\/\/lalicorn.com\/fr\/wp-content\/uploads\/sites\/3\/2025\/03\/Design_4-300x169.jpg 300w\" sizes=\"(max-width: 462px) 100vw, 462px\" \/>\t\t\t\t\t\t\t\t\t\t\t\t\t\t\t<\/div>\n\t\t\t\t<\/div>\n\t\t\t\t<\/div>\n\t\t<div class=\"elementor-element elementor-element-43828237 e-con-full e-flex e-con e-child\" data-id=\"43828237\" data-element_type=\"container\">\n\t\t\t\t<div class=\"elementor-element elementor-element-c2c29eb elementor-widget elementor-widget-image\" data-id=\"c2c29eb\" data-element_type=\"widget\" data-widget_type=\"image.default\">\n\t\t\t\t<div class=\"elementor-widget-container\">\n\t\t\t\t\t\t\t\t\t\t\t\t\t\t\t<img loading=\"lazy\" decoding=\"async\" width=\"462\" height=\"260\" src=\"https:\/\/lalicorn.com\/fr\/wp-content\/uploads\/sites\/3\/2025\/03\/Design_6.jpg\" class=\"attachment-large size-large wp-image-11154\" alt=\"\" srcset=\"https:\/\/lalicorn.com\/fr\/wp-content\/uploads\/sites\/3\/2025\/03\/Design_6.jpg 462w, https:\/\/lalicorn.com\/fr\/wp-content\/uploads\/sites\/3\/2025\/03\/Design_6-300x169.jpg 300w\" sizes=\"(max-width: 462px) 100vw, 462px\" \/>\t\t\t\t\t\t\t\t\t\t\t\t\t\t\t<\/div>\n\t\t\t\t<\/div>\n\t\t\t\t<\/div>\n\t\t\t\t\t<\/div>\n\t\t\t\t<\/div>\n\t\t<div class=\"elementor-element elementor-element-6d3344b e-flex e-con-boxed e-con e-parent\" data-id=\"6d3344b\" data-element_type=\"container\">\n\t\t\t\t\t<div class=\"e-con-inner\">\n\t\t<div class=\"elementor-element elementor-element-b0fbefe e-con-full e-flex e-con e-child\" data-id=\"b0fbefe\" data-element_type=\"container\">\n\t\t\t\t<div class=\"elementor-element elementor-element-3d17f9c elementor-widget elementor-widget-image\" data-id=\"3d17f9c\" data-element_type=\"widget\" data-widget_type=\"image.default\">\n\t\t\t\t<div class=\"elementor-widget-container\">\n\t\t\t\t\t\t\t\t\t\t\t\t\t\t\t<img loading=\"lazy\" decoding=\"async\" width=\"462\" height=\"260\" src=\"https:\/\/lalicorn.com\/fr\/wp-content\/uploads\/sites\/3\/2025\/03\/Design_51.jpg\" class=\"attachment-large size-large wp-image-11195\" alt=\"\" srcset=\"https:\/\/lalicorn.com\/fr\/wp-content\/uploads\/sites\/3\/2025\/03\/Design_51.jpg 462w, https:\/\/lalicorn.com\/fr\/wp-content\/uploads\/sites\/3\/2025\/03\/Design_51-300x169.jpg 300w\" sizes=\"(max-width: 462px) 100vw, 462px\" \/>\t\t\t\t\t\t\t\t\t\t\t\t\t\t\t<\/div>\n\t\t\t\t<\/div>\n\t\t\t\t<\/div>\n\t\t<div class=\"elementor-element elementor-element-772e50c e-con-full e-flex e-con e-child\" data-id=\"772e50c\" data-element_type=\"container\">\n\t\t\t\t<div class=\"elementor-element elementor-element-7fef2fe elementor-widget elementor-widget-image\" data-id=\"7fef2fe\" data-element_type=\"widget\" data-widget_type=\"image.default\">\n\t\t\t\t<div class=\"elementor-widget-container\">\n\t\t\t\t\t\t\t\t\t\t\t\t\t\t\t<img loading=\"lazy\" decoding=\"async\" width=\"462\" height=\"260\" src=\"https:\/\/lalicorn.com\/fr\/wp-content\/uploads\/sites\/3\/2025\/03\/Design_7.jpg\" class=\"attachment-large size-large wp-image-11155\" alt=\"\" srcset=\"https:\/\/lalicorn.com\/fr\/wp-content\/uploads\/sites\/3\/2025\/03\/Design_7.jpg 462w, https:\/\/lalicorn.com\/fr\/wp-content\/uploads\/sites\/3\/2025\/03\/Design_7-300x169.jpg 300w\" sizes=\"(max-width: 462px) 100vw, 462px\" \/>\t\t\t\t\t\t\t\t\t\t\t\t\t\t\t<\/div>\n\t\t\t\t<\/div>\n\t\t\t\t<\/div>\n\t\t<div class=\"elementor-element elementor-element-e6288aa e-con-full e-flex e-con e-child\" data-id=\"e6288aa\" data-element_type=\"container\">\n\t\t\t\t<div class=\"elementor-element elementor-element-1ecc2d4 elementor-widget elementor-widget-image\" data-id=\"1ecc2d4\" data-element_type=\"widget\" data-widget_type=\"image.default\">\n\t\t\t\t<div class=\"elementor-widget-container\">\n\t\t\t\t\t\t\t\t\t\t\t\t\t\t\t<img fetchpriority=\"high\" decoding=\"async\" width=\"560\" height=\"315\" src=\"https:\/\/lalicorn.com\/fr\/wp-content\/uploads\/sites\/3\/2021\/09\/3Men.jpg\" class=\"attachment-large size-large wp-image-4158\" alt=\"\" srcset=\"https:\/\/lalicorn.com\/fr\/wp-content\/uploads\/sites\/3\/2021\/09\/3Men.jpg 560w, https:\/\/lalicorn.com\/fr\/wp-content\/uploads\/sites\/3\/2021\/09\/3Men-300x169.jpg 300w\" sizes=\"(max-width: 560px) 100vw, 560px\" \/>\t\t\t\t\t\t\t\t\t\t\t\t\t\t\t<\/div>\n\t\t\t\t<\/div>\n\t\t\t\t<\/div>\n\t\t<div class=\"elementor-element elementor-element-45f90fe e-con-full e-flex e-con e-child\" data-id=\"45f90fe\" data-element_type=\"container\">\n\t\t\t\t<div class=\"elementor-element elementor-element-c44b29c elementor-widget elementor-widget-image\" data-id=\"c44b29c\" data-element_type=\"widget\" data-widget_type=\"image.default\">\n\t\t\t\t<div class=\"elementor-widget-container\">\n\t\t\t\t\t\t\t\t\t\t\t\t\t\t\t<img loading=\"lazy\" decoding=\"async\" width=\"462\" height=\"260\" src=\"https:\/\/lalicorn.com\/fr\/wp-content\/uploads\/sites\/3\/2025\/03\/Design_8.jpg\" class=\"attachment-large size-large wp-image-11156\" alt=\"\" srcset=\"https:\/\/lalicorn.com\/fr\/wp-content\/uploads\/sites\/3\/2025\/03\/Design_8.jpg 462w, https:\/\/lalicorn.com\/fr\/wp-content\/uploads\/sites\/3\/2025\/03\/Design_8-300x169.jpg 300w\" sizes=\"(max-width: 462px) 100vw, 462px\" \/>\t\t\t\t\t\t\t\t\t\t\t\t\t\t\t<\/div>\n\t\t\t\t<\/div>\n\t\t\t\t<\/div>\n\t\t\t\t\t<\/div>\n\t\t\t\t<\/div>\n\t\t\t\t<\/div>\n\t\t","protected":false},"excerpt":{"rendered":"<p>Sant\u00e9 et s\u00e9curit\u00e9 au travail<\/p>\n","protected":false},"author":2,"featured_media":0,"parent":221,"menu_order":0,"comment_status":"closed","ping_status":"closed","template":"","meta":{"footnotes":""},"class_list":["post-213","page","type-page","status-publish","hentry"],"_links":{"self":[{"href":"https:\/\/lalicorn.com\/fr\/wp-json\/wp\/v2\/pages\/213","targetHints":{"allow":["GET"]}}],"collection":[{"href":"https:\/\/lalicorn.com\/fr\/wp-json\/wp\/v2\/pages"}],"about":[{"href":"https:\/\/lalicorn.com\/fr\/wp-json\/wp\/v2\/types\/page"}],"author":[{"embeddable":true,"href":"https:\/\/lalicorn.com\/fr\/wp-json\/wp\/v2\/users\/2"}],"replies":[{"embeddable":true,"href":"https:\/\/lalicorn.com\/fr\/wp-json\/wp\/v2\/comments?post=213"}],"version-history":[{"count":128,"href":"https:\/\/lalicorn.com\/fr\/wp-json\/wp\/v2\/pages\/213\/revisions"}],"predecessor-version":[{"id":14712,"href":"https:\/\/lalicorn.com\/fr\/wp-json\/wp\/v2\/pages\/213\/revisions\/14712"}],"up":[{"embeddable":true,"href":"https:\/\/lalicorn.com\/fr\/wp-json\/wp\/v2\/pages\/221"}],"wp:attachment":[{"href":"https:\/\/lalicorn.com\/fr\/wp-json\/wp\/v2\/media?parent=213"}],"curies":[{"name":"wp","href":"https:\/\/api.w.org\/{rel}","templated":true}]}}