{"id":201,"date":"2025-03-03T05:10:11","date_gmt":"2025-03-03T05:10:11","guid":{"rendered":"https:\/\/lalicorn.com\/fr\/fr-garnier-ultra-doux\/"},"modified":"2026-01-27T06:40:48","modified_gmt":"2026-01-27T06:40:48","slug":"garnier-ultra-doux","status":"publish","type":"page","link":"https:\/\/lalicorn.com\/fr\/works\/garnier-ultra-doux\/","title":{"rendered":"GARNIER Ultra Doux"},"content":{"rendered":"\t\t<div data-elementor-type=\"wp-post\" data-elementor-id=\"201\" class=\"elementor elementor-201\" data-elementor-post-type=\"page\">\n\t\t\t\t<div class=\"elementor-element elementor-element-eb6ccd1 e-flex e-con-boxed e-con e-parent\" data-id=\"eb6ccd1\" data-element_type=\"container\" data-settings=\"{&quot;background_background&quot;:&quot;classic&quot;}\">\n\t\t\t\t\t<div class=\"e-con-inner\">\n\t\t<div class=\"elementor-element elementor-element-35d1785 e-con-full e-flex e-con e-child\" data-id=\"35d1785\" data-element_type=\"container\" data-settings=\"{&quot;background_background&quot;:&quot;classic&quot;,&quot;background_motion_fx_motion_fx_scrolling&quot;:&quot;yes&quot;,&quot;background_motion_fx_devices&quot;:[&quot;desktop&quot;,&quot;tablet&quot;,&quot;mobile&quot;]}\">\n\t\t\t\t<div class=\"elementor-element elementor-element-cd2f5f7 elementor-hidden-tablet elementor-hidden-phone elementor-widget elementor-widget-theme-post-title elementor-page-title elementor-widget-heading\" data-id=\"cd2f5f7\" data-element_type=\"widget\" data-widget_type=\"theme-post-title.default\">\n\t\t\t\t<div class=\"elementor-widget-container\">\n\t\t\t\t\t<h3 class=\"elementor-heading-title elementor-size-default\">GARNIER Ultra Doux<\/h3>\t\t\t\t<\/div>\n\t\t\t\t<\/div>\n\t\t\t\t<div class=\"elementor-element elementor-element-a91a2ae elementor-hidden-tablet elementor-hidden-phone elementor-widget elementor-widget-theme-post-excerpt\" data-id=\"a91a2ae\" data-element_type=\"widget\" data-widget_type=\"theme-post-excerpt.default\">\n\t\t\t\t<div class=\"elementor-widget-container\">\n\t\t\t\t\tLa douceur prend corps\t\t\t\t<\/div>\n\t\t\t\t<\/div>\n\t\t\t\t<\/div>\n\t\t\t\t\t<\/div>\n\t\t\t\t<\/div>\n\t\t<div class=\"elementor-element elementor-element-fdd3ba7 e-flex e-con-boxed e-con e-parent\" data-id=\"fdd3ba7\" data-element_type=\"container\">\n\t\t\t\t\t<div class=\"e-con-inner\">\n\t\t<div class=\"elementor-element elementor-element-374e09c e-con-full e-flex e-con e-child\" data-id=\"374e09c\" data-element_type=\"container\">\n\t\t\t\t<div class=\"elementor-element elementor-element-7a07203 elementor-widget elementor-widget-heading\" data-id=\"7a07203\" data-element_type=\"widget\" data-widget_type=\"heading.default\">\n\t\t\t\t<div class=\"elementor-widget-container\">\n\t\t\t\t\t<p class=\"elementor-heading-title elementor-size-default\">Cat\u00e9gorie : narration<\/p>\t\t\t\t<\/div>\n\t\t\t\t<\/div>\n\t\t\t\t<\/div>\n\t\t\t\t\t<\/div>\n\t\t\t\t<\/div>\n\t\t<div class=\"elementor-element elementor-element-3a74c95 e-flex e-con-boxed e-con e-parent\" data-id=\"3a74c95\" data-element_type=\"container\">\n\t\t\t\t\t<div class=\"e-con-inner\">\n\t\t<div class=\"elementor-element elementor-element-778ec06 e-con-full e-flex e-con e-child\" data-id=\"778ec06\" data-element_type=\"container\">\n\t\t\t\t<div class=\"elementor-element elementor-element-df936ea elementor-hidden-desktop elementor-widget elementor-widget-heading\" data-id=\"df936ea\" data-element_type=\"widget\" data-widget_type=\"heading.default\">\n\t\t\t\t<div class=\"elementor-widget-container\">\n\t\t\t\t\t<h1 class=\"elementor-heading-title elementor-size-default\">GARNIER Ultra Doux<\/h1>\t\t\t\t<\/div>\n\t\t\t\t<\/div>\n\t\t\t\t<div class=\"elementor-element elementor-element-b78c182 elementor-hidden-desktop elementor-widget elementor-widget-theme-post-excerpt\" data-id=\"b78c182\" data-element_type=\"widget\" data-widget_type=\"theme-post-excerpt.default\">\n\t\t\t\t<div class=\"elementor-widget-container\">\n\t\t\t\t\tLa douceur prend corps\t\t\t\t<\/div>\n\t\t\t\t<\/div>\n\t\t\t\t<\/div>\n\t\t\t\t\t<\/div>\n\t\t\t\t<\/div>\n\t\t<div class=\"elementor-element elementor-element-86c7cd3 e-flex e-con-boxed e-con e-parent\" data-id=\"86c7cd3\" data-element_type=\"container\">\n\t\t\t\t\t<div class=\"e-con-inner\">\n\t\t<div class=\"elementor-element elementor-element-acddbc4 e-con-full e-flex e-con e-child\" data-id=\"acddbc4\" data-element_type=\"container\">\n\t\t\t\t<div class=\"elementor-element elementor-element-d0e226e elementor-widget elementor-widget-text-editor\" data-id=\"d0e226e\" data-element_type=\"widget\" data-widget_type=\"text-editor.default\">\n\t\t\t\t<div class=\"elementor-widget-container\">\n\t\t\t\t\t\t\t\t\t<p>Avec le lancement de la gamme de soins corporels ULTRA DOUX, l&rsquo;agence No Site (Paris) a imagin\u00e9 le concept de la campagne consistant \u00e0 proposer \u00e0 de parfaits inconnus d&rsquo;essayer le produit les uns sur les autres.<\/p>\t\t\t\t\t\t\t\t<\/div>\n\t\t\t\t<\/div>\n\t\t\t\t<div class=\"elementor-element elementor-element-010c5ad elementor-widget elementor-widget-text-editor\" data-id=\"010c5ad\" data-element_type=\"widget\" data-widget_type=\"text-editor.default\">\n\t\t\t\t<div class=\"elementor-widget-container\">\n\t\t\t\t\t\t\t\t\t<p>Lalicorn a supervis\u00e9 la r\u00e9alisation du film et la performance des 12 com\u00e9diens professionnels et amateurs. Un film exp\u00e9rimental en ligne sur le pouvoir du toucher.<\/p>\t\t\t\t\t\t\t\t<\/div>\n\t\t\t\t<\/div>\n\t\t\t\t<\/div>\n\t\t\t\t\t<\/div>\n\t\t\t\t<\/div>\n\t\t<div class=\"elementor-element elementor-element-04db883 e-flex e-con-boxed e-con e-parent\" data-id=\"04db883\" data-element_type=\"container\">\n\t\t\t\t\t<div class=\"e-con-inner\">\n\t\t<div class=\"elementor-element elementor-element-3804239 e-con-full e-flex e-con e-child\" data-id=\"3804239\" data-element_type=\"container\">\n\t\t\t\t<div class=\"elementor-element elementor-element-91d3355 elementor-widget elementor-widget-heading\" data-id=\"91d3355\" data-element_type=\"widget\" data-widget_type=\"heading.default\">\n\t\t\t\t<div class=\"elementor-widget-container\">\n\t\t\t\t\t<h2 class=\"elementor-heading-title elementor-size-default\">Film<\/h2>\t\t\t\t<\/div>\n\t\t\t\t<\/div>\n\t\t\t\t<\/div>\n\t\t\t\t\t<\/div>\n\t\t\t\t<\/div>\n\t\t<div class=\"elementor-element elementor-element-e5cab38 e-flex e-con-boxed e-con e-parent\" data-id=\"e5cab38\" data-element_type=\"container\">\n\t\t\t\t\t<div class=\"e-con-inner\">\n\t\t<div class=\"elementor-element elementor-element-cb4c72f e-con-full e-flex e-con e-child\" data-id=\"cb4c72f\" data-element_type=\"container\">\n\t\t<div class=\"elementor-element elementor-element-fe44b95 e-con-full e-flex e-con e-child\" data-id=\"fe44b95\" data-element_type=\"container\">\n\t\t\t\t<div class=\"elementor-element elementor-element-b891a06 elementor-widget elementor-widget-video\" data-id=\"b891a06\" data-element_type=\"widget\" data-settings=\"{&quot;youtube_url&quot;:&quot;https:\\\/\\\/youtu.be\\\/76Y1eiqtsLw&quot;,&quot;autoplay&quot;:&quot;yes&quot;,&quot;mute&quot;:&quot;yes&quot;,&quot;loop&quot;:&quot;yes&quot;,&quot;lazy_load&quot;:&quot;yes&quot;,&quot;play_on_mobile&quot;:&quot;yes&quot;,&quot;video_type&quot;:&quot;youtube&quot;,&quot;controls&quot;:&quot;yes&quot;}\" data-widget_type=\"video.default\">\n\t\t\t\t<div class=\"elementor-widget-container\">\n\t\t\t\t\t\t\t<div class=\"elementor-wrapper elementor-open-inline\">\n\t\t\t<div class=\"elementor-video\"><\/div>\t\t<\/div>\n\t\t\t\t\t\t<\/div>\n\t\t\t\t<\/div>\n\t\t\t\t<div class=\"elementor-element elementor-element-2798670 elementor-widget elementor-widget-text-editor\" data-id=\"2798670\" data-element_type=\"widget\" data-widget_type=\"text-editor.default\">\n\t\t\t\t<div class=\"elementor-widget-container\">\n\t\t\t\t\t\t\t\t\t<p>Garnier Ultra Doux &#8211; La douceur prend corps<\/p>\t\t\t\t\t\t\t\t<\/div>\n\t\t\t\t<\/div>\n\t\t\t\t<\/div>\n\t\t\t\t<\/div>\n\t\t\t\t\t<\/div>\n\t\t\t\t<\/div>\n\t\t<div class=\"elementor-element elementor-element-7010832 e-flex e-con-boxed e-con e-parent\" data-id=\"7010832\" data-element_type=\"container\">\n\t\t\t\t\t<div class=\"e-con-inner\">\n\t\t<div class=\"elementor-element elementor-element-f3302d0 e-con-full e-flex e-con e-child\" data-id=\"f3302d0\" data-element_type=\"container\">\n\t\t\t\t<div class=\"elementor-element elementor-element-ac3378f elementor-widget elementor-widget-heading\" data-id=\"ac3378f\" data-element_type=\"widget\" data-widget_type=\"heading.default\">\n\t\t\t\t<div class=\"elementor-widget-container\">\n\t\t\t\t\t<h2 class=\"elementor-heading-title elementor-size-default\">Pitch<\/h2>\t\t\t\t<\/div>\n\t\t\t\t<\/div>\n\t\t\t\t<\/div>\n\t\t\t\t\t<\/div>\n\t\t\t\t<\/div>\n\t\t<div class=\"elementor-element elementor-element-75e230c e-flex e-con-boxed e-con e-parent\" data-id=\"75e230c\" data-element_type=\"container\">\n\t\t\t\t\t<div class=\"e-con-inner\">\n\t\t<div class=\"elementor-element elementor-element-e247fc6 e-con-full e-flex e-con e-child\" data-id=\"e247fc6\" data-element_type=\"container\">\n\t\t\t\t<div class=\"elementor-element elementor-element-4df04aa elementor-widget elementor-widget-text-editor\" data-id=\"4df04aa\" data-element_type=\"widget\" data-widget_type=\"text-editor.default\">\n\t\t\t\t<div class=\"elementor-widget-container\">\n\t\t\t\t\t\t\t\t\t<p>Apr\u00e8s le succ\u00e8s de la s\u00e9rie <em>Osez votre #Hairfie<\/em> avec le Youtubeur Andy, l&rsquo;agence NoSite, en charge du digital pour Garnier en France, a sign\u00e9 pour cr\u00e9er de nouveaux contenus innovants pour la marque Ultra DOUX.<\/p><p>Six couples, choisis via les r\u00e9seaux sociaux , se retrouvent face \u00e0 face sans s\u2019\u00eatre jamais rencontr\u00e9s auparavant.<\/p><p>Leur mission : prendre le flacon de cr\u00e8me \u00e0 proximit\u00e9 et l\u2019appliquer sur n&rsquo;importe quelle partie du corps de leur partenaire.<\/p><p>Apr\u00e8s la surprise et les premiers gestes maladroits, les \u00e9motions commencent \u00e0 \u00e9merger. Du rire \u00e0 l&#8217;embarras, en passant par des instants plus profonds, ces participants, qui se connaissaient \u00e0 peine quelques minutes plus t\u00f4t, partagent un moment intime et suspendu, hors du temps.<\/p>\t\t\t\t\t\t\t\t<\/div>\n\t\t\t\t<\/div>\n\t\t\t\t<\/div>\n\t\t<div class=\"elementor-element elementor-element-cd24a34 e-con-full e-flex e-con e-child\" data-id=\"cd24a34\" data-element_type=\"container\">\n\t\t\t\t<div class=\"elementor-element elementor-element-413cd02 elementor-widget elementor-widget-image\" data-id=\"413cd02\" data-element_type=\"widget\" data-widget_type=\"image.default\">\n\t\t\t\t<div class=\"elementor-widget-container\">\n\t\t\t\t\t\t\t\t\t\t\t\t\t\t\t<img fetchpriority=\"high\" decoding=\"async\" width=\"500\" height=\"667\" src=\"https:\/\/lalicorn.com\/fr\/wp-content\/uploads\/sites\/3\/2019\/01\/image6.jpeg\" class=\"attachment-full size-full wp-image-575\" alt=\"\" srcset=\"https:\/\/lalicorn.com\/fr\/wp-content\/uploads\/sites\/3\/2019\/01\/image6.jpeg 500w, https:\/\/lalicorn.com\/fr\/wp-content\/uploads\/sites\/3\/2019\/01\/image6-225x300.jpeg 225w\" sizes=\"(max-width: 500px) 100vw, 500px\" \/>\t\t\t\t\t\t\t\t\t\t\t\t\t\t\t<\/div>\n\t\t\t\t<\/div>\n\t\t\t\t<\/div>\n\t\t\t\t\t<\/div>\n\t\t\t\t<\/div>\n\t\t<div class=\"elementor-element elementor-element-df562c0 e-flex e-con-boxed e-con e-parent\" data-id=\"df562c0\" data-element_type=\"container\">\n\t\t\t\t\t<div class=\"e-con-inner\">\n\t\t<div class=\"elementor-element elementor-element-dbeb02b e-con-full e-flex e-con e-child\" data-id=\"dbeb02b\" data-element_type=\"container\">\n\t\t\t\t<div class=\"elementor-element elementor-element-0172009 elementor-widget elementor-widget-heading\" data-id=\"0172009\" data-element_type=\"widget\" data-widget_type=\"heading.default\">\n\t\t\t\t<div class=\"elementor-widget-container\">\n\t\t\t\t\t<h2 class=\"elementor-heading-title elementor-size-default\">Anecdote<\/h2>\t\t\t\t<\/div>\n\t\t\t\t<\/div>\n\t\t\t\t<\/div>\n\t\t\t\t\t<\/div>\n\t\t\t\t<\/div>\n\t\t<div class=\"elementor-element elementor-element-d966a68 e-flex e-con-boxed e-con e-parent\" data-id=\"d966a68\" data-element_type=\"container\">\n\t\t\t\t\t<div class=\"e-con-inner\">\n\t\t<div class=\"elementor-element elementor-element-8d4f9b2 e-con-full e-flex e-con e-child\" data-id=\"8d4f9b2\" data-element_type=\"container\">\n\t\t\t\t<div class=\"elementor-element elementor-element-6d97be9 elementor-widget elementor-widget-text-editor\" data-id=\"6d97be9\" data-element_type=\"widget\" data-widget_type=\"text-editor.default\">\n\t\t\t\t<div class=\"elementor-widget-container\">\n\t\t\t\t\t\t\t\t\t<p>Le film a attir\u00e9 l&rsquo;attention de l&rsquo;acteur am\u00e9ricain Ashton Kuchar qui a post\u00e9 un article tr\u00e8s \u00e9logieux sur sa plateforme A+ et sa page Facebook. Le post a g\u00e9n\u00e9r\u00e9 8800 likes et plus de 1500 partages en quelques heures.<\/p>\t\t\t\t\t\t\t\t<\/div>\n\t\t\t\t<\/div>\n\t\t\t\t<\/div>\n\t\t<div class=\"elementor-element elementor-element-2782426 e-con-full e-flex e-con e-child\" data-id=\"2782426\" data-element_type=\"container\">\n\t\t\t\t<div class=\"elementor-element elementor-element-b995256 elementor-widget elementor-widget-image\" data-id=\"b995256\" data-element_type=\"widget\" data-widget_type=\"image.default\">\n\t\t\t\t<div class=\"elementor-widget-container\">\n\t\t\t\t\t\t\t\t\t\t\t\t\t\t\t<img decoding=\"async\" width=\"491\" height=\"561\" src=\"https:\/\/lalicorn.com\/fr\/wp-content\/uploads\/sites\/3\/2019\/01\/image7.png\" class=\"attachment-full size-full wp-image-574\" alt=\"\" srcset=\"https:\/\/lalicorn.com\/fr\/wp-content\/uploads\/sites\/3\/2019\/01\/image7.png 491w, https:\/\/lalicorn.com\/fr\/wp-content\/uploads\/sites\/3\/2019\/01\/image7-263x300.png 263w\" sizes=\"(max-width: 491px) 100vw, 491px\" \/>\t\t\t\t\t\t\t\t\t\t\t\t\t\t\t<\/div>\n\t\t\t\t<\/div>\n\t\t\t\t<\/div>\n\t\t\t\t\t<\/div>\n\t\t\t\t<\/div>\n\t\t\t\t<\/div>\n\t\t","protected":false},"excerpt":{"rendered":"<p>La douceur prend corps<\/p>\n","protected":false},"author":2,"featured_media":0,"parent":221,"menu_order":0,"comment_status":"closed","ping_status":"closed","template":"","meta":{"footnotes":""},"class_list":["post-201","page","type-page","status-publish","hentry"],"_links":{"self":[{"href":"https:\/\/lalicorn.com\/fr\/wp-json\/wp\/v2\/pages\/201","targetHints":{"allow":["GET"]}}],"collection":[{"href":"https:\/\/lalicorn.com\/fr\/wp-json\/wp\/v2\/pages"}],"about":[{"href":"https:\/\/lalicorn.com\/fr\/wp-json\/wp\/v2\/types\/page"}],"author":[{"embeddable":true,"href":"https:\/\/lalicorn.com\/fr\/wp-json\/wp\/v2\/users\/2"}],"replies":[{"embeddable":true,"href":"https:\/\/lalicorn.com\/fr\/wp-json\/wp\/v2\/comments?post=201"}],"version-history":[{"count":65,"href":"https:\/\/lalicorn.com\/fr\/wp-json\/wp\/v2\/pages\/201\/revisions"}],"predecessor-version":[{"id":14651,"href":"https:\/\/lalicorn.com\/fr\/wp-json\/wp\/v2\/pages\/201\/revisions\/14651"}],"up":[{"embeddable":true,"href":"https:\/\/lalicorn.com\/fr\/wp-json\/wp\/v2\/pages\/221"}],"wp:attachment":[{"href":"https:\/\/lalicorn.com\/fr\/wp-json\/wp\/v2\/media?parent=201"}],"curies":[{"name":"wp","href":"https:\/\/api.w.org\/{rel}","templated":true}]}}