{"id":14294,"date":"2026-01-26T11:01:01","date_gmt":"2026-01-26T11:01:01","guid":{"rendered":"https:\/\/lalicorn.com\/fr\/?page_id=14294"},"modified":"2026-01-27T06:48:20","modified_gmt":"2026-01-27T06:48:20","slug":"unesco-mondiacult","status":"publish","type":"page","link":"https:\/\/lalicorn.com\/fr\/works\/unesco-mondiacult\/","title":{"rendered":"UNESCO"},"content":{"rendered":"\t\t<div data-elementor-type=\"wp-post\" data-elementor-id=\"14294\" class=\"elementor elementor-14294\" data-elementor-post-type=\"page\">\n\t\t\t\t<div class=\"elementor-element elementor-element-03ed1b9 e-flex e-con-boxed e-con e-parent\" data-id=\"03ed1b9\" data-element_type=\"container\" data-settings=\"{&quot;background_background&quot;:&quot;classic&quot;}\">\n\t\t\t\t\t<div class=\"e-con-inner\">\n\t\t<div class=\"elementor-element elementor-element-73139d8 e-con-full e-flex e-con e-child\" data-id=\"73139d8\" data-element_type=\"container\" data-settings=\"{&quot;background_background&quot;:&quot;classic&quot;,&quot;background_motion_fx_motion_fx_scrolling&quot;:&quot;yes&quot;,&quot;background_motion_fx_devices&quot;:[&quot;desktop&quot;,&quot;tablet&quot;,&quot;mobile&quot;]}\">\n\t\t\t\t<div class=\"elementor-element elementor-element-21398bb elementor-hidden-tablet elementor-hidden-phone elementor-widget elementor-widget-theme-post-title elementor-page-title elementor-widget-heading\" data-id=\"21398bb\" data-element_type=\"widget\" data-widget_type=\"theme-post-title.default\">\n\t\t\t\t<div class=\"elementor-widget-container\">\n\t\t\t\t\t<h3 class=\"elementor-heading-title elementor-size-default\">UNESCO<\/h3>\t\t\t\t<\/div>\n\t\t\t\t<\/div>\n\t\t\t\t<div class=\"elementor-element elementor-element-e736748 elementor-hidden-tablet elementor-hidden-phone elementor-widget elementor-widget-theme-post-excerpt\" data-id=\"e736748\" data-element_type=\"widget\" data-widget_type=\"theme-post-excerpt.default\">\n\t\t\t\t<div class=\"elementor-widget-container\">\n\t\t\t\t\tLe Pacifique et Mondiacult\t\t\t\t<\/div>\n\t\t\t\t<\/div>\n\t\t\t\t<\/div>\n\t\t\t\t\t<\/div>\n\t\t\t\t<\/div>\n\t\t<div class=\"elementor-element elementor-element-c36d102 e-flex e-con-boxed e-con e-parent\" data-id=\"c36d102\" data-element_type=\"container\">\n\t\t\t\t\t<div class=\"e-con-inner\">\n\t\t<div class=\"elementor-element elementor-element-65f1ca2 e-con-full e-flex e-con e-child\" data-id=\"65f1ca2\" data-element_type=\"container\">\n\t\t\t\t<div class=\"elementor-element elementor-element-ca85df9 elementor-widget elementor-widget-heading\" data-id=\"ca85df9\" data-element_type=\"widget\" data-widget_type=\"heading.default\">\n\t\t\t\t<div class=\"elementor-widget-container\">\n\t\t\t\t\t<p class=\"elementor-heading-title elementor-size-default\">Cat\u00e9gorie : film d'animation<\/p>\t\t\t\t<\/div>\n\t\t\t\t<\/div>\n\t\t\t\t<\/div>\n\t\t\t\t\t<\/div>\n\t\t\t\t<\/div>\n\t\t<div class=\"elementor-element elementor-element-651132f e-flex e-con-boxed e-con e-parent\" data-id=\"651132f\" data-element_type=\"container\">\n\t\t\t\t\t<div class=\"e-con-inner\">\n\t\t<div class=\"elementor-element elementor-element-7310e69 e-con-full e-flex e-con e-child\" data-id=\"7310e69\" data-element_type=\"container\">\n\t\t\t\t<div class=\"elementor-element elementor-element-8d047c5 elementor-hidden-desktop elementor-widget elementor-widget-heading\" data-id=\"8d047c5\" data-element_type=\"widget\" data-widget_type=\"heading.default\">\n\t\t\t\t<div class=\"elementor-widget-container\">\n\t\t\t\t\t<h1 class=\"elementor-heading-title elementor-size-default\">UNESCO<\/h1>\t\t\t\t<\/div>\n\t\t\t\t<\/div>\n\t\t\t\t<div class=\"elementor-element elementor-element-d11aa33 elementor-hidden-desktop elementor-widget elementor-widget-theme-post-excerpt\" data-id=\"d11aa33\" data-element_type=\"widget\" data-widget_type=\"theme-post-excerpt.default\">\n\t\t\t\t<div class=\"elementor-widget-container\">\n\t\t\t\t\tLe Pacifique et Mondiacult\t\t\t\t<\/div>\n\t\t\t\t<\/div>\n\t\t\t\t<\/div>\n\t\t\t\t\t<\/div>\n\t\t\t\t<\/div>\n\t\t<div class=\"elementor-element elementor-element-2b0ecbb e-flex e-con-boxed e-con e-parent\" data-id=\"2b0ecbb\" data-element_type=\"container\">\n\t\t\t\t\t<div class=\"e-con-inner\">\n\t\t<div class=\"elementor-element elementor-element-46b7962 e-con-full e-flex e-con e-child\" data-id=\"46b7962\" data-element_type=\"container\">\n\t\t\t\t<div class=\"elementor-element elementor-element-bf3da13 elementor-widget elementor-widget-text-editor\" data-id=\"bf3da13\" data-element_type=\"widget\" data-widget_type=\"text-editor.default\">\n\t\t\t\t<div class=\"elementor-widget-container\">\n\t\t\t\t\t\t\t\t\t<p>Dans l\u2019ensemble de la r\u00e9gion du Pacifique, une voix collective forte s\u2019affirme pour rappeler que la culture n\u2019est pas un simple \u00ab\u00a0compl\u00e9ment\u00a0\u00bb, mais un moteur central du d\u00e9veloppement durable \u2014 contribuant \u00e0 la coh\u00e9sion sociale, \u00e0 la r\u00e9silience, \u00e0 l\u2019innovation et \u00e0 des impacts durables \u00e0 long terme.<\/p>\t\t\t\t\t\t\t\t<\/div>\n\t\t\t\t<\/div>\n\t\t\t\t<div class=\"elementor-element elementor-element-6729f08 elementor-widget elementor-widget-text-editor\" data-id=\"6729f08\" data-element_type=\"widget\" data-widget_type=\"text-editor.default\">\n\t\t\t\t<div class=\"elementor-widget-container\">\n\t\t\t\t\t\t\t\t\t<p>Lalicorn a eu l\u2019honneur de produire une vid\u00e9o pour l\u2019UNESCO qui explore une id\u00e9e forte et d\u2019actualit\u00e9 : la n\u00e9cessit\u00e9 de reconna\u00eetre la culture comme un Objectif de d\u00e9veloppement durable (ODD) \u00e0 part enti\u00e8re.<\/p>\t\t\t\t\t\t\t\t<\/div>\n\t\t\t\t<\/div>\n\t\t\t\t<\/div>\n\t\t\t\t\t<\/div>\n\t\t\t\t<\/div>\n\t\t<div class=\"elementor-element elementor-element-414095f e-flex e-con-boxed e-con e-parent\" data-id=\"414095f\" data-element_type=\"container\">\n\t\t\t\t\t<div class=\"e-con-inner\">\n\t\t<div class=\"elementor-element elementor-element-10a284b e-con-full e-flex e-con e-child\" data-id=\"10a284b\" data-element_type=\"container\">\n\t\t\t\t<div class=\"elementor-element elementor-element-d32e86f elementor-widget elementor-widget-heading\" data-id=\"d32e86f\" data-element_type=\"widget\" data-widget_type=\"heading.default\">\n\t\t\t\t<div class=\"elementor-widget-container\">\n\t\t\t\t\t<h2 class=\"elementor-heading-title elementor-size-default\">Film<\/h2>\t\t\t\t<\/div>\n\t\t\t\t<\/div>\n\t\t\t\t<\/div>\n\t\t\t\t\t<\/div>\n\t\t\t\t<\/div>\n\t\t<div class=\"elementor-element elementor-element-5ed423d e-flex e-con-boxed e-con e-parent\" data-id=\"5ed423d\" data-element_type=\"container\">\n\t\t\t\t\t<div class=\"e-con-inner\">\n\t\t<div class=\"elementor-element elementor-element-c82fda9 e-con-full e-flex e-con e-child\" data-id=\"c82fda9\" data-element_type=\"container\">\n\t\t<div class=\"elementor-element elementor-element-103f6d0 e-con-full e-flex e-con e-child\" data-id=\"103f6d0\" data-element_type=\"container\">\n\t\t\t\t<div class=\"elementor-element elementor-element-faed87d elementor-widget elementor-widget-video\" data-id=\"faed87d\" data-element_type=\"widget\" data-settings=\"{&quot;youtube_url&quot;:&quot;https:\\\/\\\/www.youtube.com\\\/watch?v=8dCPjvwiRGY&quot;,&quot;autoplay&quot;:&quot;yes&quot;,&quot;mute&quot;:&quot;yes&quot;,&quot;loop&quot;:&quot;yes&quot;,&quot;lazy_load&quot;:&quot;yes&quot;,&quot;play_on_mobile&quot;:&quot;yes&quot;,&quot;video_type&quot;:&quot;youtube&quot;,&quot;controls&quot;:&quot;yes&quot;}\" data-widget_type=\"video.default\">\n\t\t\t\t<div class=\"elementor-widget-container\">\n\t\t\t\t\t\t\t<div class=\"elementor-wrapper elementor-open-inline\">\n\t\t\t<div class=\"elementor-video\"><\/div>\t\t<\/div>\n\t\t\t\t\t\t<\/div>\n\t\t\t\t<\/div>\n\t\t\t\t<div class=\"elementor-element elementor-element-6b84996 elementor-widget elementor-widget-text-editor\" data-id=\"6b84996\" data-element_type=\"widget\" data-widget_type=\"text-editor.default\">\n\t\t\t\t<div class=\"elementor-widget-container\">\n\t\t\t\t\t\t\t\t\t<p>UNESCO &#8211; Le Pacifique et Mondiacult<\/p>\t\t\t\t\t\t\t\t<\/div>\n\t\t\t\t<\/div>\n\t\t\t\t<\/div>\n\t\t\t\t<\/div>\n\t\t\t\t\t<\/div>\n\t\t\t\t<\/div>\n\t\t<div class=\"elementor-element elementor-element-fbe41cd e-flex e-con-boxed e-con e-parent\" data-id=\"fbe41cd\" data-element_type=\"container\">\n\t\t\t\t\t<div class=\"e-con-inner\">\n\t\t<div class=\"elementor-element elementor-element-f9e716c e-con-full e-flex e-con e-child\" data-id=\"f9e716c\" data-element_type=\"container\">\n\t\t\t\t<div class=\"elementor-element elementor-element-9873a23 elementor-widget elementor-widget-heading\" data-id=\"9873a23\" data-element_type=\"widget\" data-widget_type=\"heading.default\">\n\t\t\t\t<div class=\"elementor-widget-container\">\n\t\t\t\t\t<h2 class=\"elementor-heading-title elementor-size-default\">Contexte<\/h2>\t\t\t\t<\/div>\n\t\t\t\t<\/div>\n\t\t\t\t<\/div>\n\t\t\t\t\t<\/div>\n\t\t\t\t<\/div>\n\t\t<div class=\"elementor-element elementor-element-b154023 e-flex e-con-boxed e-con e-parent\" data-id=\"b154023\" data-element_type=\"container\">\n\t\t\t\t\t<div class=\"e-con-inner\">\n\t\t<div class=\"elementor-element elementor-element-af4141b e-con-full e-flex e-con e-child\" data-id=\"af4141b\" data-element_type=\"container\">\n\t\t\t\t<div class=\"elementor-element elementor-element-272f6f0 elementor-widget elementor-widget-text-editor\" data-id=\"272f6f0\" data-element_type=\"widget\" data-widget_type=\"text-editor.default\">\n\t\t\t\t<div class=\"elementor-widget-container\">\n\t\t\t\t\t\t\t\t\t<p>R\u00e9unissant plus de 120 ministres et des repr\u00e9sentants de plus de 150 pays, MONDIACULT fixe l\u2019agenda international de la culture, en mettant en lumi\u00e8re son r\u00f4le dans le d\u00e9veloppement durable, la transformation num\u00e9rique et la coh\u00e9sion sociale.<\/p>\t\t\t\t\t\t\t\t<\/div>\n\t\t\t\t<\/div>\n\t\t\t\t<\/div>\n\t\t<div class=\"elementor-element elementor-element-4b9b146 e-con-full e-flex e-con e-child\" data-id=\"4b9b146\" data-element_type=\"container\">\n\t\t\t\t<div class=\"elementor-element elementor-element-a60082d elementor-widget elementor-widget-image\" data-id=\"a60082d\" data-element_type=\"widget\" data-widget_type=\"image.default\">\n\t\t\t\t<div class=\"elementor-widget-container\">\n\t\t\t\t\t\t\t\t\t\t\t\t\t\t\t<img fetchpriority=\"high\" decoding=\"async\" width=\"800\" height=\"450\" src=\"https:\/\/lalicorn.com\/fr\/wp-content\/uploads\/sites\/3\/2026\/01\/Still_1-1024x576.jpg\" class=\"attachment-large size-large wp-image-14297\" alt=\"\" srcset=\"https:\/\/lalicorn.com\/fr\/wp-content\/uploads\/sites\/3\/2026\/01\/Still_1-1024x576.jpg 1024w, https:\/\/lalicorn.com\/fr\/wp-content\/uploads\/sites\/3\/2026\/01\/Still_1-300x169.jpg 300w, https:\/\/lalicorn.com\/fr\/wp-content\/uploads\/sites\/3\/2026\/01\/Still_1-768x432.jpg 768w, https:\/\/lalicorn.com\/fr\/wp-content\/uploads\/sites\/3\/2026\/01\/Still_1-1536x864.jpg 1536w, https:\/\/lalicorn.com\/fr\/wp-content\/uploads\/sites\/3\/2026\/01\/Still_1.jpg 1920w\" sizes=\"(max-width: 800px) 100vw, 800px\" \/>\t\t\t\t\t\t\t\t\t\t\t\t\t\t\t<\/div>\n\t\t\t\t<\/div>\n\t\t\t\t<div class=\"elementor-element elementor-element-90e2db7 elementor-widget elementor-widget-text-editor\" data-id=\"90e2db7\" data-element_type=\"widget\" data-widget_type=\"text-editor.default\">\n\t\t\t\t<div class=\"elementor-widget-container\">\n\t\t\t\t\t\t\t\t\t<p>\u00ab\u00a0Le Pacifique fa\u00e7onne et fait progresser l\u2019avenir mondial de la culture.\u00a0\u00bb<\/p>\t\t\t\t\t\t\t\t<\/div>\n\t\t\t\t<\/div>\n\t\t\t\t<\/div>\n\t\t\t\t\t<\/div>\n\t\t\t\t<\/div>\n\t\t<div class=\"elementor-element elementor-element-43af7f2 e-flex e-con-boxed e-con e-parent\" data-id=\"43af7f2\" data-element_type=\"container\">\n\t\t\t\t\t<div class=\"e-con-inner\">\n\t\t<div class=\"elementor-element elementor-element-dd45fe3 e-con-full e-flex e-con e-child\" data-id=\"dd45fe3\" data-element_type=\"container\">\n\t\t\t\t<div class=\"elementor-element elementor-element-498d8f9 elementor-widget elementor-widget-heading\" data-id=\"498d8f9\" data-element_type=\"widget\" data-widget_type=\"heading.default\">\n\t\t\t\t<div class=\"elementor-widget-container\">\n\t\t\t\t\t<h2 class=\"elementor-heading-title elementor-size-default\">Utilisation de l'IA<\/h2>\t\t\t\t<\/div>\n\t\t\t\t<\/div>\n\t\t\t\t<\/div>\n\t\t\t\t\t<\/div>\n\t\t\t\t<\/div>\n\t\t<div class=\"elementor-element elementor-element-586e2cc e-flex e-con-boxed e-con e-parent\" data-id=\"586e2cc\" data-element_type=\"container\">\n\t\t\t\t\t<div class=\"e-con-inner\">\n\t\t\t\t<div class=\"elementor-element elementor-element-17e9179 elementor-widget elementor-widget-text-editor\" data-id=\"17e9179\" data-element_type=\"widget\" data-widget_type=\"text-editor.default\">\n\t\t\t\t<div class=\"elementor-widget-container\">\n\t\t\t\t\t\t\t\t\t<p>C\u2019\u00e9tait notre premi\u00e8re occasion d\u2019utiliser l\u2019IA dans une vid\u00e9o anim\u00e9e.<\/p><p>L\u2019IA nous a permis d\u2019am\u00e9liorer le r\u00e9sultat final en rendant possibles des plans de style animation image par image habituellement tr\u00e8s chronophages, qui n\u2019auraient pas \u00e9t\u00e9 r\u00e9alisables dans le cadre d\u2019un budget UNESCO. Il est important de noter que cela n\u2019a pas r\u00e9duit la charge de travail globale attendue.<\/p>\t\t\t\t\t\t\t\t<\/div>\n\t\t\t\t<\/div>\n\t\t\t\t<div class=\"elementor-element elementor-element-a2738bf elementor-widget elementor-widget-text-editor\" data-id=\"a2738bf\" data-element_type=\"widget\" data-widget_type=\"text-editor.default\">\n\t\t\t\t<div class=\"elementor-widget-container\">\n\t\t\t\t\t\t\t\t\t<p>Merci \u00e0 toute l&rsquo;\u00e9quipe pour cet excellent travail.<\/p>\t\t\t\t\t\t\t\t<\/div>\n\t\t\t\t<\/div>\n\t\t\t\t\t<\/div>\n\t\t\t\t<\/div>\n\t\t\t\t<\/div>\n\t\t","protected":false},"excerpt":{"rendered":"<p>Le Pacifique et Mondiacult<\/p>\n","protected":false},"author":2,"featured_media":0,"parent":221,"menu_order":0,"comment_status":"closed","ping_status":"closed","template":"","meta":{"footnotes":""},"class_list":["post-14294","page","type-page","status-publish","hentry"],"_links":{"self":[{"href":"https:\/\/lalicorn.com\/fr\/wp-json\/wp\/v2\/pages\/14294","targetHints":{"allow":["GET"]}}],"collection":[{"href":"https:\/\/lalicorn.com\/fr\/wp-json\/wp\/v2\/pages"}],"about":[{"href":"https:\/\/lalicorn.com\/fr\/wp-json\/wp\/v2\/types\/page"}],"author":[{"embeddable":true,"href":"https:\/\/lalicorn.com\/fr\/wp-json\/wp\/v2\/users\/2"}],"replies":[{"embeddable":true,"href":"https:\/\/lalicorn.com\/fr\/wp-json\/wp\/v2\/comments?post=14294"}],"version-history":[{"count":43,"href":"https:\/\/lalicorn.com\/fr\/wp-json\/wp\/v2\/pages\/14294\/revisions"}],"predecessor-version":[{"id":14672,"href":"https:\/\/lalicorn.com\/fr\/wp-json\/wp\/v2\/pages\/14294\/revisions\/14672"}],"up":[{"embeddable":true,"href":"https:\/\/lalicorn.com\/fr\/wp-json\/wp\/v2\/pages\/221"}],"wp:attachment":[{"href":"https:\/\/lalicorn.com\/fr\/wp-json\/wp\/v2\/media?parent=14294"}],"curies":[{"name":"wp","href":"https:\/\/api.w.org\/{rel}","templated":true}]}}