{"id":14226,"date":"2025-06-09T11:14:39","date_gmt":"2025-06-09T11:14:39","guid":{"rendered":"https:\/\/lalicorn.com\/fr\/?page_id=14226"},"modified":"2026-01-27T09:28:42","modified_gmt":"2026-01-27T09:28:42","slug":"expertise-france-podcast","status":"publish","type":"page","link":"https:\/\/lalicorn.com\/fr\/works\/expertise-france-podcast\/","title":{"rendered":"EXPERTISE FRANCE"},"content":{"rendered":"\t\t<div data-elementor-type=\"wp-post\" data-elementor-id=\"14226\" class=\"elementor elementor-14226\" data-elementor-post-type=\"page\">\n\t\t\t\t<div class=\"elementor-element elementor-element-37c0d76 e-flex e-con-boxed e-con e-parent\" data-id=\"37c0d76\" data-element_type=\"container\" data-settings=\"{&quot;background_background&quot;:&quot;classic&quot;}\">\n\t\t\t\t\t<div class=\"e-con-inner\">\n\t\t<div class=\"elementor-element elementor-element-62e21ea e-con-full e-flex e-con e-child\" data-id=\"62e21ea\" data-element_type=\"container\" data-settings=\"{&quot;background_background&quot;:&quot;classic&quot;,&quot;background_motion_fx_motion_fx_scrolling&quot;:&quot;yes&quot;,&quot;background_motion_fx_devices&quot;:[&quot;desktop&quot;,&quot;tablet&quot;,&quot;mobile&quot;]}\">\n\t\t\t\t<div class=\"elementor-element elementor-element-b6f4e47 elementor-hidden-tablet elementor-hidden-phone elementor-widget elementor-widget-theme-post-title elementor-page-title elementor-widget-heading\" data-id=\"b6f4e47\" data-element_type=\"widget\" data-widget_type=\"theme-post-title.default\">\n\t\t\t\t<div class=\"elementor-widget-container\">\n\t\t\t\t\t<h3 class=\"elementor-heading-title elementor-size-default\">EXPERTISE FRANCE<\/h3>\t\t\t\t<\/div>\n\t\t\t\t<\/div>\n\t\t\t\t<div class=\"elementor-element elementor-element-8520946 elementor-hidden-tablet elementor-hidden-phone elementor-widget elementor-widget-theme-post-excerpt\" data-id=\"8520946\" data-element_type=\"widget\" data-widget_type=\"theme-post-excerpt.default\">\n\t\t\t\t<div class=\"elementor-widget-container\">\n\t\t\t\t\tL'Initiative\t\t\t\t<\/div>\n\t\t\t\t<\/div>\n\t\t\t\t<\/div>\n\t\t\t\t\t<\/div>\n\t\t\t\t<\/div>\n\t\t<div class=\"elementor-element elementor-element-4a55e67 e-flex e-con-boxed e-con e-parent\" data-id=\"4a55e67\" data-element_type=\"container\">\n\t\t\t\t\t<div class=\"e-con-inner\">\n\t\t<div class=\"elementor-element elementor-element-d9743ad e-con-full e-flex e-con e-child\" data-id=\"d9743ad\" data-element_type=\"container\">\n\t\t\t\t<div class=\"elementor-element elementor-element-cf54b09 elementor-widget elementor-widget-heading\" data-id=\"cf54b09\" data-element_type=\"widget\" data-widget_type=\"heading.default\">\n\t\t\t\t<div class=\"elementor-widget-container\">\n\t\t\t\t\t<p class=\"elementor-heading-title elementor-size-default\">Cat\u00e9gorie : podcasts<\/p>\t\t\t\t<\/div>\n\t\t\t\t<\/div>\n\t\t\t\t<\/div>\n\t\t\t\t\t<\/div>\n\t\t\t\t<\/div>\n\t\t<div class=\"elementor-element elementor-element-560b2a2 e-flex e-con-boxed e-con e-parent\" data-id=\"560b2a2\" data-element_type=\"container\">\n\t\t\t\t\t<div class=\"e-con-inner\">\n\t\t<div class=\"elementor-element elementor-element-9f8aaf5 e-con-full e-flex e-con e-child\" data-id=\"9f8aaf5\" data-element_type=\"container\">\n\t\t\t\t<div class=\"elementor-element elementor-element-37a96af elementor-hidden-desktop elementor-widget elementor-widget-heading\" data-id=\"37a96af\" data-element_type=\"widget\" data-widget_type=\"heading.default\">\n\t\t\t\t<div class=\"elementor-widget-container\">\n\t\t\t\t\t<h1 class=\"elementor-heading-title elementor-size-default\">EXPERTISE FRANCE<\/h1>\t\t\t\t<\/div>\n\t\t\t\t<\/div>\n\t\t\t\t<div class=\"elementor-element elementor-element-7b40455 elementor-hidden-desktop elementor-widget elementor-widget-theme-post-excerpt\" data-id=\"7b40455\" data-element_type=\"widget\" data-widget_type=\"theme-post-excerpt.default\">\n\t\t\t\t<div class=\"elementor-widget-container\">\n\t\t\t\t\tL'Initiative\t\t\t\t<\/div>\n\t\t\t\t<\/div>\n\t\t\t\t<\/div>\n\t\t\t\t\t<\/div>\n\t\t\t\t<\/div>\n\t\t<div class=\"elementor-element elementor-element-9f8ba7b e-flex e-con-boxed e-con e-parent\" data-id=\"9f8ba7b\" data-element_type=\"container\">\n\t\t\t\t\t<div class=\"e-con-inner\">\n\t\t<div class=\"elementor-element elementor-element-7cb0c6c e-con-full e-flex e-con e-child\" data-id=\"7cb0c6c\" data-element_type=\"container\">\n\t\t\t\t<div class=\"elementor-element elementor-element-f3d2df6 elementor-widget elementor-widget-text-editor\" data-id=\"f3d2df6\" data-element_type=\"widget\" data-widget_type=\"text-editor.default\">\n\t\t\t\t<div class=\"elementor-widget-container\">\n\t\t\t\t\t\t\t\t\t<p>L\u2019Initiative, \u00e9manation d\u2019Expertise France, est un dispositif fran\u00e7ais qui acc\u00e9l\u00e8re la lutte contre les grandes pand\u00e9mies et aide les pays \u00e0 am\u00e9liorer l\u2019acc\u00e8s des populations \u00e0 des services de sant\u00e9 de qualit\u00e9.<\/p>\t\t\t\t\t\t\t\t<\/div>\n\t\t\t\t<\/div>\n\t\t\t\t<div class=\"elementor-element elementor-element-1d637bb elementor-widget elementor-widget-text-editor\" data-id=\"1d637bb\" data-element_type=\"widget\" data-widget_type=\"text-editor.default\">\n\t\t\t\t<div class=\"elementor-widget-container\">\n\t\t\t\t\t\t\t\t\t<p>Lalicorn a assur\u00e9 le design et la post-production de deux podcasts pour L\u2019Initiative, l&rsquo;un sur l\u2019impact du changement climatique sur la transmission du paludisme en Afrique et l&rsquo;autre sur la sant\u00e9 communautaire en Afrique.<\/p>\t\t\t\t\t\t\t\t<\/div>\n\t\t\t\t<\/div>\n\t\t\t\t<\/div>\n\t\t\t\t\t<\/div>\n\t\t\t\t<\/div>\n\t\t<div class=\"elementor-element elementor-element-fc1c9e5 e-flex e-con-boxed e-con e-parent\" data-id=\"fc1c9e5\" data-element_type=\"container\">\n\t\t\t\t\t<div class=\"e-con-inner\">\n\t\t<div class=\"elementor-element elementor-element-f0bb152 e-con-full e-flex e-con e-child\" data-id=\"f0bb152\" data-element_type=\"container\">\n\t\t\t\t<div class=\"elementor-element elementor-element-e6db944 elementor-widget elementor-widget-heading\" data-id=\"e6db944\" data-element_type=\"widget\" data-widget_type=\"heading.default\">\n\t\t\t\t<div class=\"elementor-widget-container\">\n\t\t\t\t\t<h2 class=\"elementor-heading-title elementor-size-default\">Podcast 1<\/h2>\t\t\t\t<\/div>\n\t\t\t\t<\/div>\n\t\t\t\t<\/div>\n\t\t\t\t\t<\/div>\n\t\t\t\t<\/div>\n\t\t<div class=\"elementor-element elementor-element-7ba9549 e-flex e-con-boxed e-con e-parent\" data-id=\"7ba9549\" data-element_type=\"container\">\n\t\t\t\t\t<div class=\"e-con-inner\">\n\t\t<div class=\"elementor-element elementor-element-90c9776 e-con-full e-flex e-con e-child\" data-id=\"90c9776\" data-element_type=\"container\">\n\t\t\t\t<div class=\"elementor-element elementor-element-ca8abeb elementor-widget elementor-widget-text-editor\" data-id=\"ca8abeb\" data-element_type=\"widget\" data-widget_type=\"text-editor.default\">\n\t\t\t\t<div class=\"elementor-widget-container\">\n\t\t\t\t\t\t\t\t\t<p>En d\u00e9cembre 2024, \u00e0 Musanze, au Rwanda, L\u2019Initiative a organis\u00e9 un atelier de formation autour de l\u2019impact du changement climatique sur le paludisme. Des participants venus de 19 pays francophones d\u2019Afrique subsaharienne se sont r\u00e9unis pour partager leurs exp\u00e9riences et \u00e9changer, avec des chercheurs et d\u2019autres sp\u00e9cialistes, sur les nouvelles strat\u00e9gies de lutte.<\/p>\t\t\t\t\t\t\t\t<\/div>\n\t\t\t\t<\/div>\n\t\t\t\t<\/div>\n\t\t\t\t\t<\/div>\n\t\t\t\t<\/div>\n\t\t<div class=\"elementor-element elementor-element-7799332 e-flex e-con-boxed e-con e-parent\" data-id=\"7799332\" data-element_type=\"container\">\n\t\t\t\t\t<div class=\"e-con-inner\">\n\t\t<div class=\"elementor-element elementor-element-49c2cbd e-con-full e-flex e-con e-child\" data-id=\"49c2cbd\" data-element_type=\"container\">\n\t\t\t\t<div class=\"elementor-element elementor-element-3f1cfff elementor-widget elementor-widget-text-editor\" data-id=\"3f1cfff\" data-element_type=\"widget\" data-widget_type=\"text-editor.default\">\n\t\t\t\t<div class=\"elementor-widget-container\">\n\t\t\t\t\t\t\t\t\t<iframe name=\"Ausha Podcast Player\" frameborder=\"0\" loading=\"lazy\" id=\"ausha-uPGb\" height=\"220\" style=\"border: none; width:100%; height:220px\" src=\"https:\/\/player.ausha.co\/?podcastId=qxzvpi4xDQlO&#038;playlist=false&#038;color=%23000091&#038;v=3&#038;playerId=ausha-uPGb\"><\/iframe><script src=\"https:\/\/player.ausha.co\/ausha-player.js\"><\/script>\n\t\t\t\t\t\t\t\t<\/div>\n\t\t\t\t<\/div>\n\t\t\t\t<div class=\"elementor-element elementor-element-09689d8 elementor-widget elementor-widget-text-editor\" data-id=\"09689d8\" data-element_type=\"widget\" data-widget_type=\"text-editor.default\">\n\t\t\t\t<div class=\"elementor-widget-container\">\n\t\t\t\t\t\t\t\t\t<iframe name=\"Ausha Podcast Player\" frameborder=\"0\" loading=\"lazy\" id=\"ausha-T6gm\" height=\"220\" style=\"border: none; width:100%; height:220px\" src=\"https:\/\/player.ausha.co\/?podcastId=XqPDNcVMldLQ&#038;playlist=false&#038;color=%23000091&#038;v=3&#038;playerId=ausha-T6gm\"><\/iframe><script src=\"https:\/\/player.ausha.co\/ausha-player.js\"><\/script>\n\t\t\t\t\t\t\t\t<\/div>\n\t\t\t\t<\/div>\n\t\t\t\t<div class=\"elementor-element elementor-element-c4120d1 elementor-widget elementor-widget-text-editor\" data-id=\"c4120d1\" data-element_type=\"widget\" data-widget_type=\"text-editor.default\">\n\t\t\t\t<div class=\"elementor-widget-container\">\n\t\t\t\t\t\t\t\t\t<iframe name=\"Ausha Podcast Player\" frameborder=\"0\" loading=\"lazy\" id=\"ausha-Ma4r\" height=\"220\" style=\"border: none; width:100%; height:220px\" src=\"https:\/\/player.ausha.co\/?podcastId=7P0mOIVeWn44&#038;playlist=false&#038;color=%23000091&#038;v=3&#038;playerId=ausha-Ma4r\"><\/iframe><script src=\"https:\/\/player.ausha.co\/ausha-player.js\"><\/script>\t\t\t\t\t\t\t\t<\/div>\n\t\t\t\t<\/div>\n\t\t\t\t<\/div>\n\t\t<div class=\"elementor-element elementor-element-7b9c5e6 e-con-full e-flex e-con e-child\" data-id=\"7b9c5e6\" data-element_type=\"container\">\n\t\t\t\t<div class=\"elementor-element elementor-element-43498cb elementor-widget elementor-widget-text-editor\" data-id=\"43498cb\" data-element_type=\"widget\" data-widget_type=\"text-editor.default\">\n\t\t\t\t<div class=\"elementor-widget-container\">\n\t\t\t\t\t\t\t\t\t<iframe name=\"Ausha Podcast Player\" frameborder=\"0\" loading=\"lazy\" id=\"ausha-CHAB\" height=\"220\" style=\"border: none; width:100%; height:220px\" src=\"https:\/\/player.ausha.co\/?podcastId=00q2DcJAVAZ5&#038;playlist=false&#038;color=%23000091&#038;v=3&#038;playerId=ausha-CHAB\"><\/iframe><script src=\"https:\/\/player.ausha.co\/ausha-player.js\"><\/script>\n\n\t\t\t\t\t\t\t\t<\/div>\n\t\t\t\t<\/div>\n\t\t\t\t<div class=\"elementor-element elementor-element-99ce594 elementor-widget elementor-widget-text-editor\" data-id=\"99ce594\" data-element_type=\"widget\" data-widget_type=\"text-editor.default\">\n\t\t\t\t<div class=\"elementor-widget-container\">\n\t\t\t\t\t\t\t\t\t<iframe name=\"Ausha Podcast Player\" frameborder=\"0\" loading=\"lazy\" id=\"ausha-RktE\" height=\"220\" style=\"border: none; width:100%; height:220px\" src=\"https:\/\/player.ausha.co\/?podcastId=zrwLaC1KR5LE&#038;playlist=false&#038;color=%23000091&#038;v=3&#038;playerId=ausha-RktE\"><\/iframe><script src=\"https:\/\/player.ausha.co\/ausha-player.js\"><\/script>\n\t\t\t\t\t\t\t\t<\/div>\n\t\t\t\t<\/div>\n\t\t\t\t<\/div>\n\t\t\t\t\t<\/div>\n\t\t\t\t<\/div>\n\t\t<div class=\"elementor-element elementor-element-a4ddc42 e-flex e-con-boxed e-con e-parent\" data-id=\"a4ddc42\" data-element_type=\"container\">\n\t\t\t\t\t<div class=\"e-con-inner\">\n\t\t<div class=\"elementor-element elementor-element-35d5aea e-con-full e-flex e-con e-child\" data-id=\"35d5aea\" data-element_type=\"container\">\n\t\t\t\t<div class=\"elementor-element elementor-element-aa08a9a elementor-widget elementor-widget-image\" data-id=\"aa08a9a\" data-element_type=\"widget\" data-widget_type=\"image.default\">\n\t\t\t\t<div class=\"elementor-widget-container\">\n\t\t\t\t\t\t\t\t\t\t\t\t\t\t\t<img fetchpriority=\"high\" decoding=\"async\" width=\"1200\" height=\"470\" src=\"https:\/\/lalicorn.com\/fr\/wp-content\/uploads\/sites\/3\/2025\/06\/groupe-de-photos-1-encadre-formation_dsc4999-e1769501976830.webp\" class=\"attachment-full size-full wp-image-14236\" alt=\"\" srcset=\"https:\/\/lalicorn.com\/fr\/wp-content\/uploads\/sites\/3\/2025\/06\/groupe-de-photos-1-encadre-formation_dsc4999-e1769501976830.webp 1200w, https:\/\/lalicorn.com\/fr\/wp-content\/uploads\/sites\/3\/2025\/06\/groupe-de-photos-1-encadre-formation_dsc4999-e1769501976830-300x118.webp 300w, https:\/\/lalicorn.com\/fr\/wp-content\/uploads\/sites\/3\/2025\/06\/groupe-de-photos-1-encadre-formation_dsc4999-e1769501976830-1024x401.webp 1024w, https:\/\/lalicorn.com\/fr\/wp-content\/uploads\/sites\/3\/2025\/06\/groupe-de-photos-1-encadre-formation_dsc4999-e1769501976830-768x301.webp 768w\" sizes=\"(max-width: 1200px) 100vw, 1200px\" \/>\t\t\t\t\t\t\t\t\t\t\t\t\t\t\t<\/div>\n\t\t\t\t<\/div>\n\t\t\t\t<\/div>\n\t\t\t\t\t<\/div>\n\t\t\t\t<\/div>\n\t\t<div class=\"elementor-element elementor-element-039850d e-flex e-con-boxed e-con e-parent\" data-id=\"039850d\" data-element_type=\"container\">\n\t\t\t\t\t<div class=\"e-con-inner\">\n\t\t<div class=\"elementor-element elementor-element-1f9a987 e-con-full e-flex e-con e-child\" data-id=\"1f9a987\" data-element_type=\"container\">\n\t\t\t\t<div class=\"elementor-element elementor-element-6d5d907 elementor-widget elementor-widget-heading\" data-id=\"6d5d907\" data-element_type=\"widget\" data-widget_type=\"heading.default\">\n\t\t\t\t<div class=\"elementor-widget-container\">\n\t\t\t\t\t<h2 class=\"elementor-heading-title elementor-size-default\">Podcast 2<\/h2>\t\t\t\t<\/div>\n\t\t\t\t<\/div>\n\t\t\t\t<\/div>\n\t\t\t\t\t<\/div>\n\t\t\t\t<\/div>\n\t\t<div class=\"elementor-element elementor-element-fa003f2 e-flex e-con-boxed e-con e-parent\" data-id=\"fa003f2\" data-element_type=\"container\">\n\t\t\t\t\t<div class=\"e-con-inner\">\n\t\t<div class=\"elementor-element elementor-element-8d0d325 e-con-full e-flex e-con e-child\" data-id=\"8d0d325\" data-element_type=\"container\">\n\t\t\t\t<div class=\"elementor-element elementor-element-fe2b546 elementor-widget elementor-widget-text-editor\" data-id=\"fe2b546\" data-element_type=\"widget\" data-widget_type=\"text-editor.default\">\n\t\t\t\t<div class=\"elementor-widget-container\">\n\t\t\t\t\t\t\t\t\t<p>\u00c0 l\u2019issue de la journ\u00e9e scientifique 2025 organis\u00e9e par L\u2019Initiative et centr\u00e9e sur \u00ab La sant\u00e9 communautaire : entre innovations et contraintes \u00bb ce podcast invite \u00e0 plonger en immersion aux c\u00f4t\u00e9s des praticiens, chercheurs et acteurs communautaires.<\/p>\t\t\t\t\t\t\t\t<\/div>\n\t\t\t\t<\/div>\n\t\t\t\t<\/div>\n\t\t\t\t\t<\/div>\n\t\t\t\t<\/div>\n\t\t<div class=\"elementor-element elementor-element-d60f40e e-flex e-con-boxed e-con e-parent\" data-id=\"d60f40e\" data-element_type=\"container\">\n\t\t\t\t\t<div class=\"e-con-inner\">\n\t\t<div class=\"elementor-element elementor-element-f1bb046 e-con-full e-flex e-con e-child\" data-id=\"f1bb046\" data-element_type=\"container\">\n\t\t\t\t<div class=\"elementor-element elementor-element-7ebce34 elementor-widget elementor-widget-text-editor\" data-id=\"7ebce34\" data-element_type=\"widget\" data-widget_type=\"text-editor.default\">\n\t\t\t\t<div class=\"elementor-widget-container\">\n\t\t\t\t\t\t\t\t\t<iframe id=\"ausha-M4tZ\" style=\"border: none; width: 100%; height: 220px;\" src=\"https:\/\/player.ausha.co\/?podcastId=3mLQxcjMQ86r&amp;color=%2387CD28&amp;v=3&amp;playerId=ausha-M4tZ\" name=\"Ausha Podcast Player\" height=\"220\" frameborder=\"0\"><span style=\"display: inline-block; width: 0px; overflow: hidden; line-height: 0;\" data-mce-type=\"bookmark\" class=\"mce_SELRES_start\">\ufeff<\/span><\/iframe><script src=\"https:\/\/player.ausha.co\/ausha-player.js\"><\/script>\t\t\t\t\t\t\t\t<\/div>\n\t\t\t\t<\/div>\n\t\t\t\t<div class=\"elementor-element elementor-element-5a2b10c elementor-widget elementor-widget-text-editor\" data-id=\"5a2b10c\" data-element_type=\"widget\" data-widget_type=\"text-editor.default\">\n\t\t\t\t<div class=\"elementor-widget-container\">\n\t\t\t\t\t\t\t\t\t<iframe name=\"Ausha Podcast Player\" frameborder=\"0\" loading=\"lazy\" id=\"ausha-Pjqj\" height=\"220\" style=\"border: none; width:100%; height:220px\" src=\"https:\/\/player.ausha.co\/?podcastId=00pQrFEenYZE&#038;color=%2387CD28&#038;v=3&#038;playerId=ausha-Pjqj\"><\/iframe><script src=\"https:\/\/player.ausha.co\/ausha-player.js\"><\/script>\n\t\t\t\t\t\t\t\t<\/div>\n\t\t\t\t<\/div>\n\t\t\t\t<div class=\"elementor-element elementor-element-7d3fcd6 elementor-widget elementor-widget-text-editor\" data-id=\"7d3fcd6\" data-element_type=\"widget\" data-widget_type=\"text-editor.default\">\n\t\t\t\t<div class=\"elementor-widget-container\">\n\t\t\t\t\t\t\t\t\t<iframe name=\"Ausha Podcast Player\" frameborder=\"0\" loading=\"lazy\" id=\"ausha-Negl\" height=\"220\" style=\"border: none; width:100%; height:220px\" src=\"https:\/\/player.ausha.co\/?podcastId=d0Xk6FRYELl7&#038;color=%2387CD28&#038;v=3&#038;playerId=ausha-Negl\"><\/iframe><script src=\"https:\/\/player.ausha.co\/ausha-player.js\"><\/script>\n\t\t\t\t\t\t\t\t<\/div>\n\t\t\t\t<\/div>\n\t\t\t\t<\/div>\n\t\t<div class=\"elementor-element elementor-element-bcfb7a6 e-con-full e-flex e-con e-child\" data-id=\"bcfb7a6\" data-element_type=\"container\">\n\t\t\t\t<div class=\"elementor-element elementor-element-09cd01e elementor-widget elementor-widget-text-editor\" data-id=\"09cd01e\" data-element_type=\"widget\" data-widget_type=\"text-editor.default\">\n\t\t\t\t<div class=\"elementor-widget-container\">\n\t\t\t\t\t\t\t\t\t<iframe name=\"Ausha Podcast Player\" frameborder=\"0\" loading=\"lazy\" id=\"ausha-41ic\" height=\"220\" style=\"border: none; width:100%; height:220px\" src=\"https:\/\/player.ausha.co\/?podcastId=yJ2m0nIP8mAN&#038;color=%2387CD28&#038;v=3&#038;playerId=ausha-41ic\"><\/iframe><script src=\"https:\/\/player.ausha.co\/ausha-player.js\"><\/script>\n\t\t\t\t\t\t\t\t<\/div>\n\t\t\t\t<\/div>\n\t\t\t\t<div class=\"elementor-element elementor-element-fdc5e12 elementor-widget elementor-widget-text-editor\" data-id=\"fdc5e12\" data-element_type=\"widget\" data-widget_type=\"text-editor.default\">\n\t\t\t\t<div class=\"elementor-widget-container\">\n\t\t\t\t\t\t\t\t\t<iframe name=\"Ausha Podcast Player\" frameborder=\"0\" loading=\"lazy\" id=\"ausha-Mri0\" height=\"220\" style=\"border: none; width:100%; height:220px\" src=\"https:\/\/player.ausha.co\/?podcastId=ZR7E8Tm3Dv7d&#038;color=%2387CD28&#038;v=3&#038;playerId=ausha-Mri0\"><\/iframe><script src=\"https:\/\/player.ausha.co\/ausha-player.js\"><\/script>\n\t\t\t\t\t\t\t\t<\/div>\n\t\t\t\t<\/div>\n\t\t\t\t<\/div>\n\t\t\t\t\t<\/div>\n\t\t\t\t<\/div>\n\t\t<div class=\"elementor-element elementor-element-3e07b7f e-flex e-con-boxed e-con e-parent\" data-id=\"3e07b7f\" data-element_type=\"container\">\n\t\t\t\t\t<div class=\"e-con-inner\">\n\t\t<div class=\"elementor-element elementor-element-e8bea5e e-con-full e-flex e-con e-child\" data-id=\"e8bea5e\" data-element_type=\"container\">\n\t\t\t\t<div class=\"elementor-element elementor-element-a7c5610 elementor-widget elementor-widget-image\" data-id=\"a7c5610\" data-element_type=\"widget\" data-widget_type=\"image.default\">\n\t\t\t\t<div class=\"elementor-widget-container\">\n\t\t\t\t\t\t\t\t\t\t\t\t\t\t\t<img decoding=\"async\" width=\"1200\" height=\"470\" src=\"https:\/\/lalicorn.com\/fr\/wp-content\/uploads\/sites\/3\/2026\/01\/LinitiativeSanteCommunautaire.jpg\" class=\"attachment-full size-full wp-image-14740\" alt=\"\" srcset=\"https:\/\/lalicorn.com\/fr\/wp-content\/uploads\/sites\/3\/2026\/01\/LinitiativeSanteCommunautaire.jpg 1200w, https:\/\/lalicorn.com\/fr\/wp-content\/uploads\/sites\/3\/2026\/01\/LinitiativeSanteCommunautaire-300x118.jpg 300w, https:\/\/lalicorn.com\/fr\/wp-content\/uploads\/sites\/3\/2026\/01\/LinitiativeSanteCommunautaire-1024x401.jpg 1024w, https:\/\/lalicorn.com\/fr\/wp-content\/uploads\/sites\/3\/2026\/01\/LinitiativeSanteCommunautaire-768x301.jpg 768w\" sizes=\"(max-width: 1200px) 100vw, 1200px\" \/>\t\t\t\t\t\t\t\t\t\t\t\t\t\t\t<\/div>\n\t\t\t\t<\/div>\n\t\t\t\t<\/div>\n\t\t\t\t\t<\/div>\n\t\t\t\t<\/div>\n\t\t<div class=\"elementor-element elementor-element-3dfeaf6 e-flex e-con-boxed e-con e-parent\" data-id=\"3dfeaf6\" data-element_type=\"container\">\n\t\t\t\t\t<div class=\"e-con-inner\">\n\t\t<div class=\"elementor-element elementor-element-3bcc92c e-con-full e-flex e-con e-child\" data-id=\"3bcc92c\" data-element_type=\"container\">\n\t\t\t\t<div class=\"elementor-element elementor-element-eaf28b3 elementor-widget elementor-widget-heading\" data-id=\"eaf28b3\" data-element_type=\"widget\" data-widget_type=\"heading.default\">\n\t\t\t\t<div class=\"elementor-widget-container\">\n\t\t\t\t\t<h2 class=\"elementor-heading-title elementor-size-default\">Works<\/h2>\t\t\t\t<\/div>\n\t\t\t\t<\/div>\n\t\t\t\t<\/div>\n\t\t\t\t\t<\/div>\n\t\t\t\t<\/div>\n\t\t<div class=\"elementor-element elementor-element-a6996a9 e-flex e-con-boxed e-con e-parent\" data-id=\"a6996a9\" data-element_type=\"container\">\n\t\t\t\t\t<div class=\"e-con-inner\">\n\t\t\t\t<div class=\"elementor-element elementor-element-3327bca elementor-widget elementor-widget-text-editor\" data-id=\"3327bca\" data-element_type=\"widget\" data-widget_type=\"text-editor.default\">\n\t\t\t\t<div class=\"elementor-widget-container\">\n\t\t\t\t\t\t\t\t\t<p><span style=\"text-decoration: underline;\">SIMPLIFIER &amp; CONSEILLER<\/span><\/p><p>Les podcasts se devaient d\u2019\u00eatre accessibles \u00e0 un large public.<\/p><p>Pour le premier podcast, notre premi\u00e8re t\u00e2che, bien avant l\u2019enregistrement, a \u00e9t\u00e9 de trouver un m\u00e9decin \u00e9galement journaliste et qui connaisse bien la probl\u00e9matique du paludisme. Son r\u00f4le consistait \u00e0 \u00e9changer avec les intervenants sur les r\u00e9ponses aux questions qui leur seraient pos\u00e9es, afin de les aider \u00e0 simplifier leurs messages.<\/p><p>Notre deuxi\u00e8me t\u00e2che a \u00e9t\u00e9 de fournir des conseils d\u2019ordre technique \u00e0 la cheffe de projet afin qu\u2019elle puisse r\u00e9aliser un enregistrement de qualit\u00e9 par elle-m\u00eame, sans la pr\u00e9sence d\u2019un ing\u00e9nieur du son au Rwanda.<\/p>\t\t\t\t\t\t\t\t<\/div>\n\t\t\t\t<\/div>\n\t\t\t\t\t<\/div>\n\t\t\t\t<\/div>\n\t\t<div class=\"elementor-element elementor-element-c6c143a e-flex e-con-boxed e-con e-parent\" data-id=\"c6c143a\" data-element_type=\"container\">\n\t\t\t\t\t<div class=\"e-con-inner\">\n\t\t\t\t<div class=\"elementor-element elementor-element-84cf762 elementor-widget elementor-widget-text-editor\" data-id=\"84cf762\" data-element_type=\"widget\" data-widget_type=\"text-editor.default\">\n\t\t\t\t<div class=\"elementor-widget-container\">\n\t\t\t\t\t\t\t\t\t<p><span style=\"text-decoration: underline;\">DESIGN &amp; MONTAGE<\/span><\/p><p data-start=\"111\" data-end=\"378\">Les enregistrements du premier podcast \u00e9taient globalement de bonne qualit\u00e9. Pour le deuxi\u00e8me podcast, la situation \u00e9tait plus d\u00e9licate : les enregistrements \u00e9taient de mauvaise qualit\u00e9, car ils n\u2019avaient pas \u00e9t\u00e9 r\u00e9alis\u00e9s \u00e0 l\u2019origine pour \u00eatre utilis\u00e9s de cette mani\u00e8re.<\/p><p data-start=\"380\" data-end=\"761\">Puis est venue la longue phase de montage : raccourcir les interviews fleuves, int\u00e9grer les enregistrements des chercheurs et m\u00e9decins participants, ainsi que les introductions et prises additionnelles de l\u2019animateur. Pour les deux projets, les intervenants \u00e9taient pour la plupart non professionnels, ce qui a n\u00e9cessit\u00e9 un important travail de nettoyage et d\u2019assemblage.<\/p><p data-start=\"763\" data-end=\"956\">Afin de donner aux podcasts une identit\u00e9 distincte, nous avons cr\u00e9\u00e9 des gimmicks sonores et ajout\u00e9 des musiques \u00e9nergiques. Enfin, nous avons apport\u00e9 la touche finale avec le mixage\u2026 et voil\u00e0 !<\/p>\t\t\t\t\t\t\t\t<\/div>\n\t\t\t\t<\/div>\n\t\t\t\t\t<\/div>\n\t\t\t\t<\/div>\n\t\t<div class=\"elementor-element elementor-element-181ba85 e-flex e-con-boxed e-con e-parent\" data-id=\"181ba85\" data-element_type=\"container\">\n\t\t\t\t\t<div class=\"e-con-inner\">\n\t\t\t\t<div class=\"elementor-element elementor-element-948cbbf elementor-widget elementor-widget-text-editor\" data-id=\"948cbbf\" data-element_type=\"widget\" data-widget_type=\"text-editor.default\">\n\t\t\t\t<div class=\"elementor-widget-container\">\n\t\t\t\t\t\t\t\t\t<p>\u00c0 quoi ressemblerait votre histoire ? D\u00e9couvrons-le ensemble et cr\u00e9ons un podcast qui fera vibrer votre audience.<\/p>\t\t\t\t\t\t\t\t<\/div>\n\t\t\t\t<\/div>\n\t\t\t\t\t<\/div>\n\t\t\t\t<\/div>\n\t\t\t\t<\/div>\n\t\t","protected":false},"excerpt":{"rendered":"<p>L&rsquo;Initiative<\/p>\n","protected":false},"author":2,"featured_media":0,"parent":221,"menu_order":0,"comment_status":"closed","ping_status":"closed","template":"","meta":{"footnotes":""},"class_list":["post-14226","page","type-page","status-publish","hentry"],"_links":{"self":[{"href":"https:\/\/lalicorn.com\/fr\/wp-json\/wp\/v2\/pages\/14226","targetHints":{"allow":["GET"]}}],"collection":[{"href":"https:\/\/lalicorn.com\/fr\/wp-json\/wp\/v2\/pages"}],"about":[{"href":"https:\/\/lalicorn.com\/fr\/wp-json\/wp\/v2\/types\/page"}],"author":[{"embeddable":true,"href":"https:\/\/lalicorn.com\/fr\/wp-json\/wp\/v2\/users\/2"}],"replies":[{"embeddable":true,"href":"https:\/\/lalicorn.com\/fr\/wp-json\/wp\/v2\/comments?post=14226"}],"version-history":[{"count":73,"href":"https:\/\/lalicorn.com\/fr\/wp-json\/wp\/v2\/pages\/14226\/revisions"}],"predecessor-version":[{"id":14751,"href":"https:\/\/lalicorn.com\/fr\/wp-json\/wp\/v2\/pages\/14226\/revisions\/14751"}],"up":[{"embeddable":true,"href":"https:\/\/lalicorn.com\/fr\/wp-json\/wp\/v2\/pages\/221"}],"wp:attachment":[{"href":"https:\/\/lalicorn.com\/fr\/wp-json\/wp\/v2\/media?parent=14226"}],"curies":[{"name":"wp","href":"https:\/\/api.w.org\/{rel}","templated":true}]}}