{"id":136,"date":"2025-03-03T05:09:49","date_gmt":"2025-03-03T05:09:49","guid":{"rendered":"https:\/\/lalicorn.com\/fr\/fr-foundation-klorane\/"},"modified":"2026-01-27T13:40:26","modified_gmt":"2026-01-27T13:40:26","slug":"fondation-klorane","status":"publish","type":"page","link":"https:\/\/lalicorn.com\/fr\/works\/fondation-klorane\/","title":{"rendered":"KLORANE"},"content":{"rendered":"\t\t<div data-elementor-type=\"wp-post\" data-elementor-id=\"136\" class=\"elementor elementor-136\" data-elementor-post-type=\"page\">\n\t\t\t\t<div class=\"elementor-element elementor-element-11fcf64 e-flex e-con-boxed e-con e-parent\" data-id=\"11fcf64\" data-element_type=\"container\" data-settings=\"{&quot;background_background&quot;:&quot;classic&quot;}\">\n\t\t\t\t\t<div class=\"e-con-inner\">\n\t\t<div class=\"elementor-element elementor-element-f5d4f0d e-con-full e-flex e-con e-child\" data-id=\"f5d4f0d\" data-element_type=\"container\" data-settings=\"{&quot;background_background&quot;:&quot;classic&quot;,&quot;background_motion_fx_motion_fx_scrolling&quot;:&quot;yes&quot;,&quot;background_motion_fx_devices&quot;:[&quot;desktop&quot;,&quot;tablet&quot;,&quot;mobile&quot;]}\">\n\t\t\t\t<div class=\"elementor-element elementor-element-c747f98 elementor-hidden-tablet elementor-hidden-phone elementor-widget elementor-widget-theme-post-title elementor-page-title elementor-widget-heading\" data-id=\"c747f98\" data-element_type=\"widget\" data-widget_type=\"theme-post-title.default\">\n\t\t\t\t<div class=\"elementor-widget-container\">\n\t\t\t\t\t<h3 class=\"elementor-heading-title elementor-size-default\">KLORANE<\/h3>\t\t\t\t<\/div>\n\t\t\t\t<\/div>\n\t\t\t\t<div class=\"elementor-element elementor-element-77ecd21 elementor-hidden-tablet elementor-hidden-phone elementor-widget elementor-widget-theme-post-excerpt\" data-id=\"77ecd21\" data-element_type=\"widget\" data-widget_type=\"theme-post-excerpt.default\">\n\t\t\t\t<div class=\"elementor-widget-container\">\n\t\t\t\t\tFondation \n\t\t\t\t<\/div>\n\t\t\t\t<\/div>\n\t\t\t\t<\/div>\n\t\t\t\t\t<\/div>\n\t\t\t\t<\/div>\n\t\t<div class=\"elementor-element elementor-element-735de4b e-flex e-con-boxed e-con e-parent\" data-id=\"735de4b\" data-element_type=\"container\">\n\t\t\t\t\t<div class=\"e-con-inner\">\n\t\t<div class=\"elementor-element elementor-element-133af99 e-con-full e-flex e-con e-child\" data-id=\"133af99\" data-element_type=\"container\">\n\t\t\t\t<div class=\"elementor-element elementor-element-49d10bd elementor-widget elementor-widget-heading\" data-id=\"49d10bd\" data-element_type=\"widget\" data-widget_type=\"heading.default\">\n\t\t\t\t<div class=\"elementor-widget-container\">\n\t\t\t\t\t<p class=\"elementor-heading-title elementor-size-default\">Categorie : narration<\/p>\t\t\t\t<\/div>\n\t\t\t\t<\/div>\n\t\t\t\t<\/div>\n\t\t\t\t\t<\/div>\n\t\t\t\t<\/div>\n\t\t<div class=\"elementor-element elementor-element-8efc128 e-flex e-con-boxed e-con e-parent\" data-id=\"8efc128\" data-element_type=\"container\">\n\t\t\t\t\t<div class=\"e-con-inner\">\n\t\t<div class=\"elementor-element elementor-element-9560121 e-con-full e-flex e-con e-child\" data-id=\"9560121\" data-element_type=\"container\">\n\t\t\t\t<div class=\"elementor-element elementor-element-d4524a8 elementor-hidden-desktop elementor-widget elementor-widget-heading\" data-id=\"d4524a8\" data-element_type=\"widget\" data-widget_type=\"heading.default\">\n\t\t\t\t<div class=\"elementor-widget-container\">\n\t\t\t\t\t<h1 class=\"elementor-heading-title elementor-size-default\">KLORANE<\/h1>\t\t\t\t<\/div>\n\t\t\t\t<\/div>\n\t\t\t\t<div class=\"elementor-element elementor-element-ef4b73e elementor-hidden-desktop elementor-widget elementor-widget-theme-post-excerpt\" data-id=\"ef4b73e\" data-element_type=\"widget\" data-widget_type=\"theme-post-excerpt.default\">\n\t\t\t\t<div class=\"elementor-widget-container\">\n\t\t\t\t\tFondation \n\t\t\t\t<\/div>\n\t\t\t\t<\/div>\n\t\t\t\t<\/div>\n\t\t\t\t\t<\/div>\n\t\t\t\t<\/div>\n\t\t<div class=\"elementor-element elementor-element-b9c18f1 e-flex e-con-boxed e-con e-parent\" data-id=\"b9c18f1\" data-element_type=\"container\">\n\t\t\t\t\t<div class=\"e-con-inner\">\n\t\t<div class=\"elementor-element elementor-element-cb7a9a4 e-con-full e-flex e-con e-child\" data-id=\"cb7a9a4\" data-element_type=\"container\">\n\t\t\t\t<div class=\"elementor-element elementor-element-9d7015e elementor-widget elementor-widget-text-editor\" data-id=\"9d7015e\" data-element_type=\"widget\" data-widget_type=\"text-editor.default\">\n\t\t\t\t<div class=\"elementor-widget-container\">\n\t\t\t\t\t\t\t\t\t<p>L&rsquo;objectif principal de la Fondation Botanique Klorane est de prot\u00e9ger les esp\u00e8ces v\u00e9g\u00e9tales menac\u00e9es en pr\u00e9servant celles qui restent et en r\u00e9introduisant celles qui ont disparu d&rsquo;une zone.<\/p>\t\t\t\t\t\t\t\t<\/div>\n\t\t\t\t<\/div>\n\t\t\t\t<div class=\"elementor-element elementor-element-b1deba2 elementor-widget elementor-widget-text-editor\" data-id=\"b1deba2\" data-element_type=\"widget\" data-widget_type=\"text-editor.default\">\n\t\t\t\t<div class=\"elementor-widget-container\">\n\t\t\t\t\t\t\t\t\t<p>L&rsquo;Agence Supper Paris a commissionn\u00e9 Lalicorn en tant que Production Service pour tourner en Chine les images du film de leur client intitul\u00e9 \u00ab\u00a0Histoires Vraies\u00a0\u00bb.<\/p>\t\t\t\t\t\t\t\t<\/div>\n\t\t\t\t<\/div>\n\t\t\t\t<\/div>\n\t\t\t\t\t<\/div>\n\t\t\t\t<\/div>\n\t\t<div class=\"elementor-element elementor-element-71c82e1 e-flex e-con-boxed e-con e-parent\" data-id=\"71c82e1\" data-element_type=\"container\">\n\t\t\t\t\t<div class=\"e-con-inner\">\n\t\t<div class=\"elementor-element elementor-element-1f70a66 e-con-full e-flex e-con e-child\" data-id=\"1f70a66\" data-element_type=\"container\">\n\t\t\t\t<div class=\"elementor-element elementor-element-a0ea8c5 elementor-widget elementor-widget-heading\" data-id=\"a0ea8c5\" data-element_type=\"widget\" data-widget_type=\"heading.default\">\n\t\t\t\t<div class=\"elementor-widget-container\">\n\t\t\t\t\t<h2 class=\"elementor-heading-title elementor-size-default\">Film<\/h2>\t\t\t\t<\/div>\n\t\t\t\t<\/div>\n\t\t\t\t<\/div>\n\t\t\t\t\t<\/div>\n\t\t\t\t<\/div>\n\t\t<div class=\"elementor-element elementor-element-a0ac031 e-flex e-con-boxed e-con e-parent\" data-id=\"a0ac031\" data-element_type=\"container\">\n\t\t\t\t\t<div class=\"e-con-inner\">\n\t\t\t\t<div class=\"elementor-element elementor-element-d121f83 elementor-widget elementor-widget-text-editor\" data-id=\"d121f83\" data-element_type=\"widget\" data-widget_type=\"text-editor.default\">\n\t\t\t\t<div class=\"elementor-widget-container\">\n\t\t\t\t\t\t\t\t\t<p>Tournage \u00e0 P\u00e9kin, \u00e0 l&rsquo;IBCAS (Institut de Botanique de l&rsquo;Acad\u00e9mie des Sciences de Chine) et dans le Jardin de Pivoines Guo Se, dans la ville de Dayushu, district de Yanqing.<\/p>\t\t\t\t\t\t\t\t<\/div>\n\t\t\t\t<\/div>\n\t\t\t\t\t<\/div>\n\t\t\t\t<\/div>\n\t\t<div class=\"elementor-element elementor-element-c956a6e e-flex e-con-boxed e-con e-parent\" data-id=\"c956a6e\" data-element_type=\"container\">\n\t\t\t\t\t<div class=\"e-con-inner\">\n\t\t<div class=\"elementor-element elementor-element-4595f32 e-con-full e-flex e-con e-child\" data-id=\"4595f32\" data-element_type=\"container\">\n\t\t<div class=\"elementor-element elementor-element-8b2766f e-con-full e-flex e-con e-child\" data-id=\"8b2766f\" data-element_type=\"container\">\n\t\t\t\t<div class=\"elementor-element elementor-element-b88f901 elementor-widget elementor-widget-video\" data-id=\"b88f901\" data-element_type=\"widget\" data-settings=\"{&quot;youtube_url&quot;:&quot;https:\\\/\\\/youtu.be\\\/sBxaom9HjHc&quot;,&quot;autoplay&quot;:&quot;yes&quot;,&quot;mute&quot;:&quot;yes&quot;,&quot;loop&quot;:&quot;yes&quot;,&quot;lazy_load&quot;:&quot;yes&quot;,&quot;video_type&quot;:&quot;youtube&quot;,&quot;controls&quot;:&quot;yes&quot;}\" data-widget_type=\"video.default\">\n\t\t\t\t<div class=\"elementor-widget-container\">\n\t\t\t\t\t\t\t<div class=\"elementor-wrapper elementor-open-inline\">\n\t\t\t<div class=\"elementor-video\"><\/div>\t\t<\/div>\n\t\t\t\t\t\t<\/div>\n\t\t\t\t<\/div>\n\t\t\t\t<div class=\"elementor-element elementor-element-e4921fb elementor-widget elementor-widget-text-editor\" data-id=\"e4921fb\" data-element_type=\"widget\" data-widget_type=\"text-editor.default\">\n\t\t\t\t<div class=\"elementor-widget-container\">\n\t\t\t\t\t\t\t\t\t<p>Fondation Botanique Klorane &#8211; Histoires vraies<\/p>\t\t\t\t\t\t\t\t<\/div>\n\t\t\t\t<\/div>\n\t\t\t\t<\/div>\n\t\t\t\t<\/div>\n\t\t\t\t\t<\/div>\n\t\t\t\t<\/div>\n\t\t<div class=\"elementor-element elementor-element-cb614fb e-flex e-con-boxed e-con e-parent\" data-id=\"cb614fb\" data-element_type=\"container\">\n\t\t\t\t\t<div class=\"e-con-inner\">\n\t\t<div class=\"elementor-element elementor-element-c234eb9 e-con-full e-flex e-con e-child\" data-id=\"c234eb9\" data-element_type=\"container\">\n\t\t\t\t<div class=\"elementor-element elementor-element-2420029 elementor-widget elementor-widget-heading\" data-id=\"2420029\" data-element_type=\"widget\" data-widget_type=\"heading.default\">\n\t\t\t\t<div class=\"elementor-widget-container\">\n\t\t\t\t\t<h2 class=\"elementor-heading-title elementor-size-default\">Histoire<\/h2>\t\t\t\t<\/div>\n\t\t\t\t<\/div>\n\t\t\t\t<\/div>\n\t\t\t\t\t<\/div>\n\t\t\t\t<\/div>\n\t\t<div class=\"elementor-element elementor-element-e8c61fb e-flex e-con-boxed e-con e-parent\" data-id=\"e8c61fb\" data-element_type=\"container\">\n\t\t\t\t\t<div class=\"e-con-inner\">\n\t\t<div class=\"elementor-element elementor-element-75a0cc0 e-con-full e-flex e-con e-child\" data-id=\"75a0cc0\" data-element_type=\"container\">\n\t\t\t\t<div class=\"elementor-element elementor-element-6665052 elementor-widget elementor-widget-text-editor\" data-id=\"6665052\" data-element_type=\"widget\" data-widget_type=\"text-editor.default\">\n\t\t\t\t<div class=\"elementor-widget-container\">\n\t\t\t\t\t\t\t\t\t<p>En Chine, une fleur est devenue un symbole au-dessus de tous les autres et a conquis tous les c\u0153urs pour sa beaut\u00e9: c&rsquo;est la c\u00e9l\u00e8bre pivoine.<\/p><p>Malheureusement, plusieurs esp\u00e8ces sauvages sont en danger. Il y a trois causes principales \u00e0 la diminution des pivoines sauvages.<\/p>\t\t\t\t\t\t\t\t<\/div>\n\t\t\t\t<\/div>\n\t\t\t\t<\/div>\n\t\t<div class=\"elementor-element elementor-element-f6fd901 e-con-full e-flex e-con e-child\" data-id=\"f6fd901\" data-element_type=\"container\">\n\t\t\t\t<div class=\"elementor-element elementor-element-b283c39 elementor-widget elementor-widget-image\" data-id=\"b283c39\" data-element_type=\"widget\" data-widget_type=\"image.default\">\n\t\t\t\t<div class=\"elementor-widget-container\">\n\t\t\t\t\t\t\t\t\t\t\t\t\t\t\t<img fetchpriority=\"high\" decoding=\"async\" width=\"800\" height=\"450\" src=\"https:\/\/lalicorn.com\/fr\/wp-content\/uploads\/sites\/3\/2020\/02\/Peony-1024x576.jpg\" class=\"attachment-large size-large wp-image-1442\" alt=\"\" srcset=\"https:\/\/lalicorn.com\/fr\/wp-content\/uploads\/sites\/3\/2020\/02\/Peony-1024x576.jpg 1024w, https:\/\/lalicorn.com\/fr\/wp-content\/uploads\/sites\/3\/2020\/02\/Peony-300x169.jpg 300w, https:\/\/lalicorn.com\/fr\/wp-content\/uploads\/sites\/3\/2020\/02\/Peony-768x432.jpg 768w, https:\/\/lalicorn.com\/fr\/wp-content\/uploads\/sites\/3\/2020\/02\/Peony-1536x864.jpg 1536w, https:\/\/lalicorn.com\/fr\/wp-content\/uploads\/sites\/3\/2020\/02\/Peony.jpg 1920w\" sizes=\"(max-width: 800px) 100vw, 800px\" \/>\t\t\t\t\t\t\t\t\t\t\t\t\t\t\t<\/div>\n\t\t\t\t<\/div>\n\t\t\t\t<div class=\"elementor-element elementor-element-aeb81fe elementor-widget elementor-widget-text-editor\" data-id=\"aeb81fe\" data-element_type=\"widget\" data-widget_type=\"text-editor.default\">\n\t\t\t\t<div class=\"elementor-widget-container\">\n\t\t\t\t\t\t\t\t\t<p>Par exemple, il ne reste que 500 tiges de pivoines sterniama au Tibet.<\/p>\t\t\t\t\t\t\t\t<\/div>\n\t\t\t\t<\/div>\n\t\t\t\t<\/div>\n\t\t\t\t\t<\/div>\n\t\t\t\t<\/div>\n\t\t<div class=\"elementor-element elementor-element-3167bb8 e-flex e-con-boxed e-con e-parent\" data-id=\"3167bb8\" data-element_type=\"container\">\n\t\t\t\t\t<div class=\"e-con-inner\">\n\t\t\t\t<div class=\"elementor-element elementor-element-c5f0b5e elementor-widget elementor-widget-text-editor\" data-id=\"c5f0b5e\" data-element_type=\"widget\" data-widget_type=\"text-editor.default\">\n\t\t\t\t<div class=\"elementor-widget-container\">\n\t\t\t\t\t\t\t\t\t<p>Tout d&rsquo;abord, elles sont tr\u00e8s convoit\u00e9es par les hommes, qui les cueillent pour leurs bienfaits m\u00e9dicinaux, souvent persuad\u00e9s que les esp\u00e8ces sauvages sont plus efficaces que les esp\u00e8ces cultiv\u00e9es.<\/p><p>Ensuite, il y a un autre probl\u00e8me, partag\u00e9 par de nombreuses fleurs \u00e0 travers le monde. L&rsquo;habitat naturel des pivoines sauvages se d\u00e9grade et devient de moins en moins adapt\u00e9 \u00e0 sa survie.<\/p>\t\t\t\t\t\t\t\t<\/div>\n\t\t\t\t<\/div>\n\t\t\t\t\t<\/div>\n\t\t\t\t<\/div>\n\t\t<div class=\"elementor-element elementor-element-b3fb8e7 e-flex e-con-boxed e-con e-parent\" data-id=\"b3fb8e7\" data-element_type=\"container\">\n\t\t\t\t\t<div class=\"e-con-inner\">\n\t\t<div class=\"elementor-element elementor-element-7f1d907 e-con-full e-flex e-con e-child\" data-id=\"7f1d907\" data-element_type=\"container\">\n\t\t\t\t<div class=\"elementor-element elementor-element-8eacb21 elementor-widget elementor-widget-text-editor\" data-id=\"8eacb21\" data-element_type=\"widget\" data-widget_type=\"text-editor.default\">\n\t\t\t\t<div class=\"elementor-widget-container\">\n\t\t\t\t\t\t\t\t\t<p>Avec St\u00e9pahanie Lambey, directrice de la Fondation botanique Klorane, Pr Liangsheng Wang, directeur ex\u00e9cutif adjoint de l&rsquo;IBCAS.<\/p>\t\t\t\t\t\t\t\t<\/div>\n\t\t\t\t<\/div>\n\t\t\t\t<\/div>\n\t\t<div class=\"elementor-element elementor-element-317311d e-con-full e-flex e-con e-child\" data-id=\"317311d\" data-element_type=\"container\">\n\t\t\t\t<div class=\"elementor-element elementor-element-4fb58fd elementor-widget elementor-widget-image\" data-id=\"4fb58fd\" data-element_type=\"widget\" data-widget_type=\"image.default\">\n\t\t\t\t<div class=\"elementor-widget-container\">\n\t\t\t\t\t\t\t\t\t\t\t\t\t\t\t<img decoding=\"async\" width=\"800\" height=\"450\" src=\"https:\/\/lalicorn.com\/fr\/wp-content\/uploads\/sites\/3\/2020\/02\/ITW-2-1024x576.jpg\" class=\"attachment-large size-large wp-image-1444\" alt=\"\" srcset=\"https:\/\/lalicorn.com\/fr\/wp-content\/uploads\/sites\/3\/2020\/02\/ITW-2-1024x576.jpg 1024w, https:\/\/lalicorn.com\/fr\/wp-content\/uploads\/sites\/3\/2020\/02\/ITW-2-300x169.jpg 300w, https:\/\/lalicorn.com\/fr\/wp-content\/uploads\/sites\/3\/2020\/02\/ITW-2-768x432.jpg 768w, https:\/\/lalicorn.com\/fr\/wp-content\/uploads\/sites\/3\/2020\/02\/ITW-2-1536x864.jpg 1536w, https:\/\/lalicorn.com\/fr\/wp-content\/uploads\/sites\/3\/2020\/02\/ITW-2.jpg 1920w\" sizes=\"(max-width: 800px) 100vw, 800px\" \/>\t\t\t\t\t\t\t\t\t\t\t\t\t\t\t<\/div>\n\t\t\t\t<\/div>\n\t\t\t\t<div class=\"elementor-element elementor-element-b6558ea elementor-widget elementor-widget-text-editor\" data-id=\"b6558ea\" data-element_type=\"widget\" data-widget_type=\"text-editor.default\">\n\t\t\t\t<div class=\"elementor-widget-container\">\n\t\t\t\t\t\t\t\t\t<p>St\u00e9pahanie Lambey &#8211; Directrice de la Fondation Klorane<\/p>\t\t\t\t\t\t\t\t<\/div>\n\t\t\t\t<\/div>\n\t\t\t\t<\/div>\n\t\t\t\t\t<\/div>\n\t\t\t\t<\/div>\n\t\t<div class=\"elementor-element elementor-element-b1eee97 e-flex e-con-boxed e-con e-parent\" data-id=\"b1eee97\" data-element_type=\"container\">\n\t\t\t\t\t<div class=\"e-con-inner\">\n\t\t<div class=\"elementor-element elementor-element-5395fff e-con-full e-flex e-con e-child\" data-id=\"5395fff\" data-element_type=\"container\">\n\t\t\t\t<div class=\"elementor-element elementor-element-6940e78 elementor-widget elementor-widget-image\" data-id=\"6940e78\" data-element_type=\"widget\" data-widget_type=\"image.default\">\n\t\t\t\t<div class=\"elementor-widget-container\">\n\t\t\t\t\t\t\t\t\t\t\t\t<figure class=\"wp-caption\">\n\t\t\t\t\t\t\t\t\t\t<img decoding=\"async\" width=\"1920\" height=\"744\" src=\"https:\/\/lalicorn.com\/fr\/wp-content\/uploads\/sites\/3\/2020\/02\/Klorane-Foundation-Research.jpg\" class=\"attachment-full size-full wp-image-1353\" alt=\"\" srcset=\"https:\/\/lalicorn.com\/fr\/wp-content\/uploads\/sites\/3\/2020\/02\/Klorane-Foundation-Research.jpg 1920w, https:\/\/lalicorn.com\/fr\/wp-content\/uploads\/sites\/3\/2020\/02\/Klorane-Foundation-Research-300x116.jpg 300w, https:\/\/lalicorn.com\/fr\/wp-content\/uploads\/sites\/3\/2020\/02\/Klorane-Foundation-Research-1024x397.jpg 1024w, https:\/\/lalicorn.com\/fr\/wp-content\/uploads\/sites\/3\/2020\/02\/Klorane-Foundation-Research-768x298.jpg 768w, https:\/\/lalicorn.com\/fr\/wp-content\/uploads\/sites\/3\/2020\/02\/Klorane-Foundation-Research-1536x595.jpg 1536w\" sizes=\"(max-width: 1920px) 100vw, 1920px\" \/>\t\t\t\t\t\t\t\t\t\t\t<figcaption class=\"widget-image-caption wp-caption-text\"><\/figcaption>\n\t\t\t\t\t\t\t\t\t\t<\/figure>\n\t\t\t\t\t\t\t\t\t<\/div>\n\t\t\t\t<\/div>\n\t\t\t\t<\/div>\n\t\t\t\t\t<\/div>\n\t\t\t\t<\/div>\n\t\t\t\t<\/div>\n\t\t","protected":false},"excerpt":{"rendered":"<p>Fondation <\/p>\n","protected":false},"author":2,"featured_media":0,"parent":221,"menu_order":0,"comment_status":"closed","ping_status":"closed","template":"","meta":{"footnotes":""},"class_list":["post-136","page","type-page","status-publish","hentry"],"_links":{"self":[{"href":"https:\/\/lalicorn.com\/fr\/wp-json\/wp\/v2\/pages\/136","targetHints":{"allow":["GET"]}}],"collection":[{"href":"https:\/\/lalicorn.com\/fr\/wp-json\/wp\/v2\/pages"}],"about":[{"href":"https:\/\/lalicorn.com\/fr\/wp-json\/wp\/v2\/types\/page"}],"author":[{"embeddable":true,"href":"https:\/\/lalicorn.com\/fr\/wp-json\/wp\/v2\/users\/2"}],"replies":[{"embeddable":true,"href":"https:\/\/lalicorn.com\/fr\/wp-json\/wp\/v2\/comments?post=136"}],"version-history":[{"count":101,"href":"https:\/\/lalicorn.com\/fr\/wp-json\/wp\/v2\/pages\/136\/revisions"}],"predecessor-version":[{"id":14779,"href":"https:\/\/lalicorn.com\/fr\/wp-json\/wp\/v2\/pages\/136\/revisions\/14779"}],"up":[{"embeddable":true,"href":"https:\/\/lalicorn.com\/fr\/wp-json\/wp\/v2\/pages\/221"}],"wp:attachment":[{"href":"https:\/\/lalicorn.com\/fr\/wp-json\/wp\/v2\/media?parent=136"}],"curies":[{"name":"wp","href":"https:\/\/api.w.org\/{rel}","templated":true}]}}