{"id":116,"date":"2025-03-03T05:09:43","date_gmt":"2025-03-03T05:09:43","guid":{"rendered":"https:\/\/lalicorn.com\/fr\/pnud\/"},"modified":"2026-01-27T07:00:21","modified_gmt":"2026-01-27T07:00:21","slug":"pnud-localisation-odd","status":"publish","type":"page","link":"https:\/\/lalicorn.com\/fr\/works\/pnud-localisation-odd\/","title":{"rendered":"PNUD"},"content":{"rendered":"\t\t<div data-elementor-type=\"wp-post\" data-elementor-id=\"116\" class=\"elementor elementor-116\" data-elementor-post-type=\"page\">\n\t\t\t\t<div class=\"elementor-element elementor-element-50b03c6 e-flex e-con-boxed e-con e-parent\" data-id=\"50b03c6\" data-element_type=\"container\" data-settings=\"{&quot;background_background&quot;:&quot;classic&quot;}\">\n\t\t\t\t\t<div class=\"e-con-inner\">\n\t\t<div class=\"elementor-element elementor-element-2fd10f7 e-con-full e-flex e-con e-child\" data-id=\"2fd10f7\" data-element_type=\"container\" data-settings=\"{&quot;background_background&quot;:&quot;classic&quot;,&quot;background_motion_fx_motion_fx_scrolling&quot;:&quot;yes&quot;,&quot;background_motion_fx_devices&quot;:[&quot;desktop&quot;,&quot;tablet&quot;,&quot;mobile&quot;]}\">\n\t\t\t\t<div class=\"elementor-element elementor-element-0ae201d elementor-hidden-tablet elementor-hidden-phone elementor-widget elementor-widget-theme-post-title elementor-page-title elementor-widget-heading\" data-id=\"0ae201d\" data-element_type=\"widget\" data-widget_type=\"theme-post-title.default\">\n\t\t\t\t<div class=\"elementor-widget-container\">\n\t\t\t\t\t<h3 class=\"elementor-heading-title elementor-size-default\">PNUD<\/h3>\t\t\t\t<\/div>\n\t\t\t\t<\/div>\n\t\t\t\t<div class=\"elementor-element elementor-element-19d781b elementor-hidden-tablet elementor-hidden-phone elementor-widget elementor-widget-theme-post-excerpt\" data-id=\"19d781b\" data-element_type=\"widget\" data-widget_type=\"theme-post-excerpt.default\">\n\t\t\t\t<div class=\"elementor-widget-container\">\n\t\t\t\t\tLocalisation des ODDs\t\t\t\t<\/div>\n\t\t\t\t<\/div>\n\t\t\t\t<\/div>\n\t\t\t\t\t<\/div>\n\t\t\t\t<\/div>\n\t\t<div class=\"elementor-element elementor-element-6231d75 e-flex e-con-boxed e-con e-parent\" data-id=\"6231d75\" data-element_type=\"container\">\n\t\t\t\t\t<div class=\"e-con-inner\">\n\t\t<div class=\"elementor-element elementor-element-cbac187 e-con-full e-flex e-con e-child\" data-id=\"cbac187\" data-element_type=\"container\">\n\t\t\t\t<div class=\"elementor-element elementor-element-c0e2397 elementor-widget elementor-widget-heading\" data-id=\"c0e2397\" data-element_type=\"widget\" data-widget_type=\"heading.default\">\n\t\t\t\t<div class=\"elementor-widget-container\">\n\t\t\t\t\t<p class=\"elementor-heading-title elementor-size-default\">Cat\u00e9gorie : film d'animation \u00e9ducatif<\/p>\t\t\t\t<\/div>\n\t\t\t\t<\/div>\n\t\t\t\t<\/div>\n\t\t\t\t\t<\/div>\n\t\t\t\t<\/div>\n\t\t<div class=\"elementor-element elementor-element-4e0201f e-flex e-con-boxed e-con e-parent\" data-id=\"4e0201f\" data-element_type=\"container\">\n\t\t\t\t\t<div class=\"e-con-inner\">\n\t\t<div class=\"elementor-element elementor-element-26d95d1 e-con-full e-flex e-con e-child\" data-id=\"26d95d1\" data-element_type=\"container\">\n\t\t\t\t<div class=\"elementor-element elementor-element-b3d6f7e elementor-hidden-desktop elementor-widget elementor-widget-heading\" data-id=\"b3d6f7e\" data-element_type=\"widget\" data-widget_type=\"heading.default\">\n\t\t\t\t<div class=\"elementor-widget-container\">\n\t\t\t\t\t<h1 class=\"elementor-heading-title elementor-size-default\">PNUD<\/h1>\t\t\t\t<\/div>\n\t\t\t\t<\/div>\n\t\t\t\t<div class=\"elementor-element elementor-element-1df11f2 elementor-hidden-desktop elementor-widget elementor-widget-theme-post-excerpt\" data-id=\"1df11f2\" data-element_type=\"widget\" data-widget_type=\"theme-post-excerpt.default\">\n\t\t\t\t<div class=\"elementor-widget-container\">\n\t\t\t\t\tLocalisation des ODDs\t\t\t\t<\/div>\n\t\t\t\t<\/div>\n\t\t\t\t<\/div>\n\t\t\t\t\t<\/div>\n\t\t\t\t<\/div>\n\t\t<div class=\"elementor-element elementor-element-619498f e-flex e-con-boxed e-con e-parent\" data-id=\"619498f\" data-element_type=\"container\">\n\t\t\t\t\t<div class=\"e-con-inner\">\n\t\t<div class=\"elementor-element elementor-element-edce6fe e-con-full e-flex e-con e-child\" data-id=\"edce6fe\" data-element_type=\"container\">\n\t\t\t\t<div class=\"elementor-element elementor-element-0b45622 elementor-widget elementor-widget-text-editor\" data-id=\"0b45622\" data-element_type=\"widget\" data-widget_type=\"text-editor.default\">\n\t\t\t\t<div class=\"elementor-widget-container\">\n\t\t\t\t\t\t\t\t\t<p>Le programme de localisation des Objectifs de D\u00e9veloppement Durable (ODD) s&rsquo;efforce d&rsquo;am\u00e9liorer la qualit\u00e9 de vie de tous. Cependant, la d\u00e9finition de la \u00abqualit\u00e9 de vie\u00bb peut varier grandement d&rsquo;un individu \u00e0 l&rsquo;autre.<\/p>\t\t\t\t\t\t\t\t<\/div>\n\t\t\t\t<\/div>\n\t\t\t\t<div class=\"elementor-element elementor-element-4d145e0 elementor-widget elementor-widget-text-editor\" data-id=\"4d145e0\" data-element_type=\"widget\" data-widget_type=\"text-editor.default\">\n\t\t\t\t<div class=\"elementor-widget-container\">\n\t\t\t\t\t\t\t\t\t<p>Lalicorn a \u00e9t\u00e9 commissionn\u00e9 par le Programme des Nations Unies pour le D\u00e9veloppement pour expliquer au grand public ce que sont les ODDs et comment ils peuvent am\u00e9liorer la vie de tous les individus.<\/p>\t\t\t\t\t\t\t\t<\/div>\n\t\t\t\t<\/div>\n\t\t\t\t<\/div>\n\t\t\t\t\t<\/div>\n\t\t\t\t<\/div>\n\t\t<div class=\"elementor-element elementor-element-d17d79f e-flex e-con-boxed e-con e-parent\" data-id=\"d17d79f\" data-element_type=\"container\">\n\t\t\t\t\t<div class=\"e-con-inner\">\n\t\t<div class=\"elementor-element elementor-element-eae4717 e-con-full e-flex e-con e-child\" data-id=\"eae4717\" data-element_type=\"container\">\n\t\t\t\t<div class=\"elementor-element elementor-element-13cc034 elementor-widget elementor-widget-heading\" data-id=\"13cc034\" data-element_type=\"widget\" data-widget_type=\"heading.default\">\n\t\t\t\t<div class=\"elementor-widget-container\">\n\t\t\t\t\t<h2 class=\"elementor-heading-title elementor-size-default\">FILM<\/h2>\t\t\t\t<\/div>\n\t\t\t\t<\/div>\n\t\t\t\t<\/div>\n\t\t\t\t\t<\/div>\n\t\t\t\t<\/div>\n\t\t<div class=\"elementor-element elementor-element-f8a3bf2 e-flex e-con-boxed e-con e-parent\" data-id=\"f8a3bf2\" data-element_type=\"container\">\n\t\t\t\t\t<div class=\"e-con-inner\">\n\t\t<div class=\"elementor-element elementor-element-900f812 e-con-full e-flex e-con e-child\" data-id=\"900f812\" data-element_type=\"container\">\n\t\t<div class=\"elementor-element elementor-element-218a795 e-con-full e-flex e-con e-child\" data-id=\"218a795\" data-element_type=\"container\">\n\t\t\t\t<div class=\"elementor-element elementor-element-fbba793 elementor-widget elementor-widget-video\" data-id=\"fbba793\" data-element_type=\"widget\" data-settings=\"{&quot;youtube_url&quot;:&quot;https:\\\/\\\/youtu.be\\\/-fz-lJ0TP38&quot;,&quot;autoplay&quot;:&quot;yes&quot;,&quot;mute&quot;:&quot;yes&quot;,&quot;loop&quot;:&quot;yes&quot;,&quot;lazy_load&quot;:&quot;yes&quot;,&quot;play_on_mobile&quot;:&quot;yes&quot;,&quot;video_type&quot;:&quot;youtube&quot;,&quot;controls&quot;:&quot;yes&quot;}\" data-widget_type=\"video.default\">\n\t\t\t\t<div class=\"elementor-widget-container\">\n\t\t\t\t\t\t\t<div class=\"elementor-wrapper elementor-open-inline\">\n\t\t\t<div class=\"elementor-video\"><\/div>\t\t<\/div>\n\t\t\t\t\t\t<\/div>\n\t\t\t\t<\/div>\n\t\t\t\t<div class=\"elementor-element elementor-element-363ff5d elementor-widget elementor-widget-text-editor\" data-id=\"363ff5d\" data-element_type=\"widget\" data-widget_type=\"text-editor.default\">\n\t\t\t\t<div class=\"elementor-widget-container\">\n\t\t\t\t\t\t\t\t\t<p>PNUD Tha\u00eflande &#8211; Localisation des ODDs &#8211; Film d&rsquo;animation<\/p>\t\t\t\t\t\t\t\t<\/div>\n\t\t\t\t<\/div>\n\t\t\t\t<\/div>\n\t\t\t\t<\/div>\n\t\t\t\t\t<\/div>\n\t\t\t\t<\/div>\n\t\t<div class=\"elementor-element elementor-element-42d46cf e-flex e-con-boxed e-con e-parent\" data-id=\"42d46cf\" data-element_type=\"container\">\n\t\t\t\t\t<div class=\"e-con-inner\">\n\t\t<div class=\"elementor-element elementor-element-7773629 e-con-full e-flex e-con e-child\" data-id=\"7773629\" data-element_type=\"container\">\n\t\t\t\t<div class=\"elementor-element elementor-element-d1c84be elementor-widget elementor-widget-heading\" data-id=\"d1c84be\" data-element_type=\"widget\" data-widget_type=\"heading.default\">\n\t\t\t\t<div class=\"elementor-widget-container\">\n\t\t\t\t\t<h2 class=\"elementor-heading-title elementor-size-default\">D\u00e9fi<\/h2>\t\t\t\t<\/div>\n\t\t\t\t<\/div>\n\t\t\t\t<\/div>\n\t\t\t\t\t<\/div>\n\t\t\t\t<\/div>\n\t\t<div class=\"elementor-element elementor-element-3278b11 e-flex e-con-boxed e-con e-parent\" data-id=\"3278b11\" data-element_type=\"container\">\n\t\t\t\t\t<div class=\"e-con-inner\">\n\t\t\t\t<div class=\"elementor-element elementor-element-a94ff6e elementor-widget elementor-widget-text-editor\" data-id=\"a94ff6e\" data-element_type=\"widget\" data-widget_type=\"text-editor.default\">\n\t\t\t\t<div class=\"elementor-widget-container\">\n\t\t\t\t\t\t\t\t\t<p>Le PNUD en Tha\u00eflande avait besoin d&rsquo;un film d&rsquo;animation pour pr\u00e9senter son programme de localisation des Objectifs de D\u00e9veloppemenet Durables (ODDs) dans les 76 provinces. \u00c9tant donn\u00e9 que le grand public tha\u00eflandais n&rsquo;est pas familier avec les ODDs et la mani\u00e8re dont ils peuvent acc\u00e9l\u00e9rer le d\u00e9veloppement communautaire, Lalicorn a propos\u00e9 un film d&rsquo;animation explorant la d\u00e9finition d\u2019 \u00abUne vie meilleure pour tous\u00bb mettant en valeur les 17 ODDs.<\/p><p>Le film suit l&rsquo;histoire de Jan, une \u00e9coli\u00e8re d&rsquo;une communaut\u00e9 rurale.<\/p>\t\t\t\t\t\t\t\t<\/div>\n\t\t\t\t<\/div>\n\t\t\t\t\t<\/div>\n\t\t\t\t<\/div>\n\t\t<div class=\"elementor-element elementor-element-4c7788d e-flex e-con-boxed e-con e-parent\" data-id=\"4c7788d\" data-element_type=\"container\">\n\t\t\t\t\t<div class=\"e-con-inner\">\n\t\t\t\t<div class=\"elementor-element elementor-element-762478e elementor-skin-carousel elementor-widget elementor-widget-media-carousel\" data-id=\"762478e\" data-element_type=\"widget\" data-settings=\"{&quot;slides_per_view&quot;:&quot;2&quot;,&quot;speed&quot;:1000,&quot;autoplay_speed&quot;:2000,&quot;lazyload&quot;:&quot;yes&quot;,&quot;space_between&quot;:{&quot;unit&quot;:&quot;px&quot;,&quot;size&quot;:20,&quot;sizes&quot;:[]},&quot;slides_per_view_tablet&quot;:&quot;1&quot;,&quot;skin&quot;:&quot;carousel&quot;,&quot;effect&quot;:&quot;slide&quot;,&quot;autoplay&quot;:&quot;yes&quot;,&quot;loop&quot;:&quot;yes&quot;,&quot;space_between_tablet&quot;:{&quot;unit&quot;:&quot;px&quot;,&quot;size&quot;:10,&quot;sizes&quot;:[]},&quot;space_between_mobile&quot;:{&quot;unit&quot;:&quot;px&quot;,&quot;size&quot;:10,&quot;sizes&quot;:[]}}\" data-widget_type=\"media-carousel.default\">\n\t\t\t\t<div class=\"elementor-widget-container\">\n\t\t\t\t\t\t\t\t\t<div class=\"elementor-swiper\">\n\t\t\t\t\t<div class=\"elementor-main-swiper swiper\" role=\"region\" aria-roledescription=\"carousel\" aria-label=\"Slides\">\n\t\t\t\t<div class=\"swiper-wrapper\">\n\t\t\t\t\t\t\t\t\t\t\t<div class=\"swiper-slide\" role=\"group\" aria-roledescription=\"slide\">\n\t\t\t\t\t\t\t\t\t<div class=\"elementor-carousel-image swiper-lazy\" role=\"img\" aria-label=\"Roll_01\" data-background=\"https:\/\/lalicorn.com\/fr\/wp-content\/uploads\/sites\/3\/2025\/03\/Roll_01.jpg\">\n\n\t\t\t\t\t\t\t<div class=\"swiper-lazy-preloader\"><\/div>\n\t\t\t\n\t\t\t\t\t<\/div>\n\t\t\t\t\t\t\t\t<\/div>\n\t\t\t\t\t\t\t\t\t\t\t<div class=\"swiper-slide\" role=\"group\" aria-roledescription=\"slide\">\n\t\t\t\t\t\t\t\t\t<div class=\"elementor-carousel-image swiper-lazy\" role=\"img\" aria-label=\"Roll_02\" data-background=\"https:\/\/lalicorn.com\/fr\/wp-content\/uploads\/sites\/3\/2025\/03\/Roll_02.jpg\">\n\n\t\t\t\t\t\t\t<div class=\"swiper-lazy-preloader\"><\/div>\n\t\t\t\n\t\t\t\t\t<\/div>\n\t\t\t\t\t\t\t\t<\/div>\n\t\t\t\t\t\t\t\t\t\t\t<div class=\"swiper-slide\" role=\"group\" aria-roledescription=\"slide\">\n\t\t\t\t\t\t\t\t\t<div class=\"elementor-carousel-image swiper-lazy\" role=\"img\" aria-label=\"Roll_03\" data-background=\"https:\/\/lalicorn.com\/fr\/wp-content\/uploads\/sites\/3\/2025\/03\/Roll_03.jpg\">\n\n\t\t\t\t\t\t\t<div class=\"swiper-lazy-preloader\"><\/div>\n\t\t\t\n\t\t\t\t\t<\/div>\n\t\t\t\t\t\t\t\t<\/div>\n\t\t\t\t\t\t\t\t\t\t\t<div class=\"swiper-slide\" role=\"group\" aria-roledescription=\"slide\">\n\t\t\t\t\t\t\t\t\t<div class=\"elementor-carousel-image swiper-lazy\" role=\"img\" aria-label=\"Roll_04\" data-background=\"https:\/\/lalicorn.com\/fr\/wp-content\/uploads\/sites\/3\/2025\/03\/Roll_04.jpg\">\n\n\t\t\t\t\t\t\t<div class=\"swiper-lazy-preloader\"><\/div>\n\t\t\t\n\t\t\t\t\t<\/div>\n\t\t\t\t\t\t\t\t<\/div>\n\t\t\t\t\t\t\t\t\t\t\t<div class=\"swiper-slide\" role=\"group\" aria-roledescription=\"slide\">\n\t\t\t\t\t\t\t\t\t<div class=\"elementor-carousel-image swiper-lazy\" role=\"img\" aria-label=\"Roll_05\" data-background=\"https:\/\/lalicorn.com\/fr\/wp-content\/uploads\/sites\/3\/2025\/03\/Roll_05.jpg\">\n\n\t\t\t\t\t\t\t<div class=\"swiper-lazy-preloader\"><\/div>\n\t\t\t\n\t\t\t\t\t<\/div>\n\t\t\t\t\t\t\t\t<\/div>\n\t\t\t\t\t\t\t\t\t\t\t<div class=\"swiper-slide\" role=\"group\" aria-roledescription=\"slide\">\n\t\t\t\t\t\t\t\t\t<div class=\"elementor-carousel-image swiper-lazy\" role=\"img\" aria-label=\"Roll_06\" data-background=\"https:\/\/lalicorn.com\/fr\/wp-content\/uploads\/sites\/3\/2025\/03\/Roll_06.jpg\">\n\n\t\t\t\t\t\t\t<div class=\"swiper-lazy-preloader\"><\/div>\n\t\t\t\n\t\t\t\t\t<\/div>\n\t\t\t\t\t\t\t\t<\/div>\n\t\t\t\t\t\t\t\t\t\t\t<div class=\"swiper-slide\" role=\"group\" aria-roledescription=\"slide\">\n\t\t\t\t\t\t\t\t\t<div class=\"elementor-carousel-image swiper-lazy\" role=\"img\" aria-label=\"Roll_07\" data-background=\"https:\/\/lalicorn.com\/fr\/wp-content\/uploads\/sites\/3\/2025\/03\/Roll_07.jpg\">\n\n\t\t\t\t\t\t\t<div class=\"swiper-lazy-preloader\"><\/div>\n\t\t\t\n\t\t\t\t\t<\/div>\n\t\t\t\t\t\t\t\t<\/div>\n\t\t\t\t\t\t\t\t\t\t\t<div class=\"swiper-slide\" role=\"group\" aria-roledescription=\"slide\">\n\t\t\t\t\t\t\t\t\t<div class=\"elementor-carousel-image swiper-lazy\" role=\"img\" aria-label=\"Roll_08\" data-background=\"https:\/\/lalicorn.com\/fr\/wp-content\/uploads\/sites\/3\/2025\/03\/Roll_08.jpg\">\n\n\t\t\t\t\t\t\t<div class=\"swiper-lazy-preloader\"><\/div>\n\t\t\t\n\t\t\t\t\t<\/div>\n\t\t\t\t\t\t\t\t<\/div>\n\t\t\t\t\t\t\t\t\t\t\t<div class=\"swiper-slide\" role=\"group\" aria-roledescription=\"slide\">\n\t\t\t\t\t\t\t\t\t<div class=\"elementor-carousel-image swiper-lazy\" role=\"img\" aria-label=\"Roll_09\" data-background=\"https:\/\/lalicorn.com\/fr\/wp-content\/uploads\/sites\/3\/2025\/03\/Roll_09.jpg\">\n\n\t\t\t\t\t\t\t<div class=\"swiper-lazy-preloader\"><\/div>\n\t\t\t\n\t\t\t\t\t<\/div>\n\t\t\t\t\t\t\t\t<\/div>\n\t\t\t\t\t\t\t\t\t\t\t<div class=\"swiper-slide\" role=\"group\" aria-roledescription=\"slide\">\n\t\t\t\t\t\t\t\t\t<div class=\"elementor-carousel-image swiper-lazy\" role=\"img\" aria-label=\"Roll_10\" data-background=\"https:\/\/lalicorn.com\/fr\/wp-content\/uploads\/sites\/3\/2025\/03\/Roll_10.jpg\">\n\n\t\t\t\t\t\t\t<div class=\"swiper-lazy-preloader\"><\/div>\n\t\t\t\n\t\t\t\t\t<\/div>\n\t\t\t\t\t\t\t\t<\/div>\n\t\t\t\t\t\t\t\t\t\t\t<div class=\"swiper-slide\" role=\"group\" aria-roledescription=\"slide\">\n\t\t\t\t\t\t\t\t\t<div class=\"elementor-carousel-image swiper-lazy\" role=\"img\" aria-label=\"Roll_11\" data-background=\"https:\/\/lalicorn.com\/fr\/wp-content\/uploads\/sites\/3\/2025\/03\/Roll_11.jpg\">\n\n\t\t\t\t\t\t\t<div class=\"swiper-lazy-preloader\"><\/div>\n\t\t\t\n\t\t\t\t\t<\/div>\n\t\t\t\t\t\t\t\t<\/div>\n\t\t\t\t\t\t\t\t\t<\/div>\n\t\t\t\t\t\t\t\t\t\t\t\t\t\t\t\t\t\t\t\t\t<\/div>\n\t\t\t\t<\/div>\n\t\t\t\t\t\t\t\t<\/div>\n\t\t\t\t<\/div>\n\t\t\t\t\t<\/div>\n\t\t\t\t<\/div>\n\t\t<div class=\"elementor-element elementor-element-9fcba5a e-flex e-con-boxed e-con e-parent\" data-id=\"9fcba5a\" data-element_type=\"container\">\n\t\t\t\t\t<div class=\"e-con-inner\">\n\t\t\t\t<div class=\"elementor-element elementor-element-f9255f6 elementor-widget elementor-widget-text-editor\" data-id=\"f9255f6\" data-element_type=\"widget\" data-widget_type=\"text-editor.default\">\n\t\t\t\t<div class=\"elementor-widget-container\">\n\t\t\t\t\t\t\t\t\t<p>La conclusion ouverte encourage le public \u00e0 s&rsquo;interroger \u00e0 ce qu\u2019 \u00abUne vie meilleure\u00bb pourrait signifier pour divers groupes, notamment les personnes handicap\u00e9es, les minorit\u00e9s ethniques, les personnes \u00e2g\u00e9es et les personnes non binaires.<\/p><p>Cette approche aide l&rsquo;audience \u00e0 comprendre l&rsquo;interconnexion des probl\u00e8mes et comment la localisation des ODDs peut cr\u00e9er un changement positif.<\/p><p>Par extension, le public peut \u00e9galement r\u00e9fl\u00e9chir \u00e0 ce que cela signifierait dans son cas personnel.<\/p>\t\t\t\t\t\t\t\t<\/div>\n\t\t\t\t<\/div>\n\t\t\t\t\t<\/div>\n\t\t\t\t<\/div>\n\t\t<div class=\"elementor-element elementor-element-5b4b46e e-flex e-con-boxed e-con e-parent\" data-id=\"5b4b46e\" data-element_type=\"container\">\n\t\t\t\t\t<div class=\"e-con-inner\">\n\t\t<div class=\"elementor-element elementor-element-d1e1a04 e-con-full e-flex e-con e-child\" data-id=\"d1e1a04\" data-element_type=\"container\">\n\t\t\t\t<div class=\"elementor-element elementor-element-eba5c83 elementor-widget elementor-widget-heading\" data-id=\"eba5c83\" data-element_type=\"widget\" data-widget_type=\"heading.default\">\n\t\t\t\t<div class=\"elementor-widget-container\">\n\t\t\t\t\t<h2 class=\"elementor-heading-title elementor-size-default\">Contexte<\/h2>\t\t\t\t<\/div>\n\t\t\t\t<\/div>\n\t\t\t\t<\/div>\n\t\t\t\t\t<\/div>\n\t\t\t\t<\/div>\n\t\t<div class=\"elementor-element elementor-element-9119801 e-flex e-con-boxed e-con e-parent\" data-id=\"9119801\" data-element_type=\"container\">\n\t\t\t\t\t<div class=\"e-con-inner\">\n\t\t<div class=\"elementor-element elementor-element-6e0547c e-con-full e-flex e-con e-child\" data-id=\"6e0547c\" data-element_type=\"container\">\n\t\t\t\t<div class=\"elementor-element elementor-element-0b077e7 elementor-widget elementor-widget-text-editor\" data-id=\"0b077e7\" data-element_type=\"widget\" data-widget_type=\"text-editor.default\">\n\t\t\t\t<div class=\"elementor-widget-container\">\n\t\t\t\t\t\t\t\t\t<div><p>En tant qu&rsquo;agence chef de file des Nations Unies en mati\u00e8re de d\u00e9veloppement international, le PNUD travaille dans 170 pays et territoires pour lutter contre la pauvret\u00e9 et r\u00e9duire les in\u00e9galit\u00e9s.<\/p><p>La localisation des ODDs est le processus de transformation des ODDs (les 17 Objectifs de D\u00e9veloppement Durable) en r\u00e9alit\u00e9 au niveau local, en coh\u00e9rence avec les cadres nationaux et en ligne avec les priorit\u00e9s des communaut\u00e9s.<\/p><\/div>\t\t\t\t\t\t\t\t<\/div>\n\t\t\t\t<\/div>\n\t\t\t\t<\/div>\n\t\t<div class=\"elementor-element elementor-element-c4ba4d1 e-con-full e-flex e-con e-child\" data-id=\"c4ba4d1\" data-element_type=\"container\">\n\t\t\t\t<div class=\"elementor-element elementor-element-fbbba13 elementor-widget elementor-widget-image\" data-id=\"fbbba13\" data-element_type=\"widget\" data-widget_type=\"image.default\">\n\t\t\t\t<div class=\"elementor-widget-container\">\n\t\t\t\t\t\t\t\t\t\t\t\t\t\t\t<img fetchpriority=\"high\" decoding=\"async\" width=\"800\" height=\"492\" src=\"https:\/\/lalicorn.com\/fr\/wp-content\/uploads\/sites\/3\/2024\/05\/17SDGs.jpg\" class=\"attachment-large size-large wp-image-6061\" alt=\"\" srcset=\"https:\/\/lalicorn.com\/fr\/wp-content\/uploads\/sites\/3\/2024\/05\/17SDGs.jpg 1024w, https:\/\/lalicorn.com\/fr\/wp-content\/uploads\/sites\/3\/2024\/05\/17SDGs-300x185.jpg 300w, https:\/\/lalicorn.com\/fr\/wp-content\/uploads\/sites\/3\/2024\/05\/17SDGs-768x473.jpg 768w\" sizes=\"(max-width: 800px) 100vw, 800px\" \/>\t\t\t\t\t\t\t\t\t\t\t\t\t\t\t<\/div>\n\t\t\t\t<\/div>\n\t\t\t\t<\/div>\n\t\t\t\t\t<\/div>\n\t\t\t\t<\/div>\n\t\t\t\t<\/div>\n\t\t","protected":false},"excerpt":{"rendered":"<p>Localisation des ODDs<\/p>\n","protected":false},"author":2,"featured_media":0,"parent":221,"menu_order":0,"comment_status":"closed","ping_status":"closed","template":"","meta":{"footnotes":""},"class_list":["post-116","page","type-page","status-publish","hentry"],"_links":{"self":[{"href":"https:\/\/lalicorn.com\/fr\/wp-json\/wp\/v2\/pages\/116","targetHints":{"allow":["GET"]}}],"collection":[{"href":"https:\/\/lalicorn.com\/fr\/wp-json\/wp\/v2\/pages"}],"about":[{"href":"https:\/\/lalicorn.com\/fr\/wp-json\/wp\/v2\/types\/page"}],"author":[{"embeddable":true,"href":"https:\/\/lalicorn.com\/fr\/wp-json\/wp\/v2\/users\/2"}],"replies":[{"embeddable":true,"href":"https:\/\/lalicorn.com\/fr\/wp-json\/wp\/v2\/comments?post=116"}],"version-history":[{"count":106,"href":"https:\/\/lalicorn.com\/fr\/wp-json\/wp\/v2\/pages\/116\/revisions"}],"predecessor-version":[{"id":14688,"href":"https:\/\/lalicorn.com\/fr\/wp-json\/wp\/v2\/pages\/116\/revisions\/14688"}],"up":[{"embeddable":true,"href":"https:\/\/lalicorn.com\/fr\/wp-json\/wp\/v2\/pages\/221"}],"wp:attachment":[{"href":"https:\/\/lalicorn.com\/fr\/wp-json\/wp\/v2\/media?parent=116"}],"curies":[{"name":"wp","href":"https:\/\/api.w.org\/{rel}","templated":true}]}}