{"id":110,"date":"2025-03-03T05:09:41","date_gmt":"2025-03-03T05:09:41","guid":{"rendered":"https:\/\/lalicorn.com\/fr\/fr-statrys\/"},"modified":"2026-01-27T09:55:38","modified_gmt":"2026-01-27T09:55:38","slug":"statrys-chaine-youtube","status":"publish","type":"page","link":"https:\/\/lalicorn.com\/fr\/works\/statrys-chaine-youtube\/","title":{"rendered":"STATRYS"},"content":{"rendered":"\t\t<div data-elementor-type=\"wp-post\" data-elementor-id=\"110\" class=\"elementor elementor-110\" data-elementor-post-type=\"page\">\n\t\t\t\t<div class=\"elementor-element elementor-element-d615676 e-flex e-con-boxed e-con e-parent\" data-id=\"d615676\" data-element_type=\"container\" data-settings=\"{&quot;background_background&quot;:&quot;classic&quot;}\">\n\t\t\t\t\t<div class=\"e-con-inner\">\n\t\t<div class=\"elementor-element elementor-element-04c6e9c e-con-full e-flex e-con e-child\" data-id=\"04c6e9c\" data-element_type=\"container\" data-settings=\"{&quot;background_background&quot;:&quot;classic&quot;,&quot;background_motion_fx_motion_fx_scrolling&quot;:&quot;yes&quot;,&quot;background_motion_fx_devices&quot;:[&quot;desktop&quot;,&quot;tablet&quot;,&quot;mobile&quot;]}\">\n\t\t\t\t<div class=\"elementor-element elementor-element-82b0e3a elementor-hidden-tablet elementor-hidden-phone elementor-widget elementor-widget-theme-post-title elementor-page-title elementor-widget-heading\" data-id=\"82b0e3a\" data-element_type=\"widget\" data-widget_type=\"theme-post-title.default\">\n\t\t\t\t<div class=\"elementor-widget-container\">\n\t\t\t\t\t<h3 class=\"elementor-heading-title elementor-size-default\">STATRYS<\/h3>\t\t\t\t<\/div>\n\t\t\t\t<\/div>\n\t\t\t\t<div class=\"elementor-element elementor-element-a270f12 elementor-hidden-tablet elementor-hidden-phone elementor-widget elementor-widget-theme-post-excerpt\" data-id=\"a270f12\" data-element_type=\"widget\" data-widget_type=\"theme-post-excerpt.default\">\n\t\t\t\t<div class=\"elementor-widget-container\">\n\t\t\t\t\tSolution bancaire en ligne\t\t\t\t<\/div>\n\t\t\t\t<\/div>\n\t\t\t\t<\/div>\n\t\t\t\t\t<\/div>\n\t\t\t\t<\/div>\n\t\t<div class=\"elementor-element elementor-element-7367cda e-flex e-con-boxed e-con e-parent\" data-id=\"7367cda\" data-element_type=\"container\">\n\t\t\t\t\t<div class=\"e-con-inner\">\n\t\t<div class=\"elementor-element elementor-element-fc1de23 e-con-full e-flex e-con e-child\" data-id=\"fc1de23\" data-element_type=\"container\">\n\t\t\t\t<div class=\"elementor-element elementor-element-b62e211 elementor-widget elementor-widget-heading\" data-id=\"b62e211\" data-element_type=\"widget\" data-widget_type=\"heading.default\">\n\t\t\t\t<div class=\"elementor-widget-container\">\n\t\t\t\t\t<p class=\"elementor-heading-title elementor-size-default\">Cat\u00e9gorie : cha\u00eene YouTube<\/p>\t\t\t\t<\/div>\n\t\t\t\t<\/div>\n\t\t\t\t<\/div>\n\t\t\t\t\t<\/div>\n\t\t\t\t<\/div>\n\t\t<div class=\"elementor-element elementor-element-86276ce e-flex e-con-boxed e-con e-parent\" data-id=\"86276ce\" data-element_type=\"container\">\n\t\t\t\t\t<div class=\"e-con-inner\">\n\t\t<div class=\"elementor-element elementor-element-e31c012 e-con-full e-flex e-con e-child\" data-id=\"e31c012\" data-element_type=\"container\">\n\t\t\t\t<div class=\"elementor-element elementor-element-2b9fee5 elementor-hidden-desktop elementor-widget elementor-widget-heading\" data-id=\"2b9fee5\" data-element_type=\"widget\" data-widget_type=\"heading.default\">\n\t\t\t\t<div class=\"elementor-widget-container\">\n\t\t\t\t\t<h1 class=\"elementor-heading-title elementor-size-default\">STATRYS<\/h1>\t\t\t\t<\/div>\n\t\t\t\t<\/div>\n\t\t\t\t<div class=\"elementor-element elementor-element-ac44cd6 elementor-hidden-desktop elementor-widget elementor-widget-theme-post-excerpt\" data-id=\"ac44cd6\" data-element_type=\"widget\" data-widget_type=\"theme-post-excerpt.default\">\n\t\t\t\t<div class=\"elementor-widget-container\">\n\t\t\t\t\tSolution bancaire en ligne\t\t\t\t<\/div>\n\t\t\t\t<\/div>\n\t\t\t\t<\/div>\n\t\t\t\t\t<\/div>\n\t\t\t\t<\/div>\n\t\t<div class=\"elementor-element elementor-element-125f0b9 e-flex e-con-boxed e-con e-parent\" data-id=\"125f0b9\" data-element_type=\"container\">\n\t\t\t\t\t<div class=\"e-con-inner\">\n\t\t<div class=\"elementor-element elementor-element-13869c9 e-con-full e-flex e-con e-child\" data-id=\"13869c9\" data-element_type=\"container\">\n\t\t\t\t<div class=\"elementor-element elementor-element-ea9ccb5 elementor-widget elementor-widget-text-editor\" data-id=\"ea9ccb5\" data-element_type=\"widget\" data-widget_type=\"text-editor.default\">\n\t\t\t\t<div class=\"elementor-widget-container\">\n\t\t\t\t\t\t\t\t\t<p>La vid\u00e9o et les algorithmes changeant la donne pour le r\u00e9f\u00e9rencement des sites Web.<\/p><p>Statrys visait \u00e0 am\u00e9liorer son classement, en nous contactant pour notre expertise afin de cr\u00e9er leur studio pour leur cha\u00eene YouTube.<\/p>\t\t\t\t\t\t\t\t<\/div>\n\t\t\t\t<\/div>\n\t\t\t\t<div class=\"elementor-element elementor-element-256dc4e elementor-widget elementor-widget-text-editor\" data-id=\"256dc4e\" data-element_type=\"widget\" data-widget_type=\"text-editor.default\">\n\t\t\t\t<div class=\"elementor-widget-container\">\n\t\t\t\t\t\t\t\t\t<p>Lalicorn a construit et \u00e9quip\u00e9 le \u00ab studio au bureau \u00bb, d\u00e9velopp\u00e9 un style cr\u00e9atif et un certain nombre d&rsquo;\u00e9l\u00e9ments pour les vid\u00e9os. Nous avons aussi form\u00e9 leur personnel sur le mat\u00e9riel et leur avons donn\u00e9 un media training adapt\u00e9.<\/p>\t\t\t\t\t\t\t\t<\/div>\n\t\t\t\t<\/div>\n\t\t\t\t<\/div>\n\t\t\t\t\t<\/div>\n\t\t\t\t<\/div>\n\t\t<div class=\"elementor-element elementor-element-8669967 e-flex e-con-boxed e-con e-parent\" data-id=\"8669967\" data-element_type=\"container\">\n\t\t\t\t\t<div class=\"e-con-inner\">\n\t\t<div class=\"elementor-element elementor-element-7d26ec8 e-con-full e-flex e-con e-child\" data-id=\"7d26ec8\" data-element_type=\"container\">\n\t\t\t\t<div class=\"elementor-element elementor-element-b9a62a7 elementor-widget elementor-widget-heading\" data-id=\"b9a62a7\" data-element_type=\"widget\" data-widget_type=\"heading.default\">\n\t\t\t\t<div class=\"elementor-widget-container\">\n\t\t\t\t\t<h2 class=\"elementor-heading-title elementor-size-default\">Films<\/h2>\t\t\t\t<\/div>\n\t\t\t\t<\/div>\n\t\t\t\t<\/div>\n\t\t\t\t\t<\/div>\n\t\t\t\t<\/div>\n\t\t<div class=\"elementor-element elementor-element-a48cba6 e-flex e-con-boxed e-con e-parent\" data-id=\"a48cba6\" data-element_type=\"container\">\n\t\t\t\t\t<div class=\"e-con-inner\">\n\t\t\t\t<div class=\"elementor-element elementor-element-0a47583 elementor-widget elementor-widget-text-editor\" data-id=\"0a47583\" data-element_type=\"widget\" data-widget_type=\"text-editor.default\">\n\t\t\t\t<div class=\"elementor-widget-container\">\n\t\t\t\t\t\t\t\t\t<p>Lalicorn a d\u00e9velopp\u00e9 ces quatre mod\u00e8les de vid\u00e9os afin d&rsquo;\u00e9tablir un cadre clair pour le d\u00e9veloppement des futur contenus par leurs \u00e9quipes.<\/p>\t\t\t\t\t\t\t\t<\/div>\n\t\t\t\t<\/div>\n\t\t\t\t\t<\/div>\n\t\t\t\t<\/div>\n\t\t<div class=\"elementor-element elementor-element-1750e92 e-flex e-con-boxed e-con e-parent\" data-id=\"1750e92\" data-element_type=\"container\">\n\t\t\t\t\t<div class=\"e-con-inner\">\n\t\t<div class=\"elementor-element elementor-element-56075c3 e-con-full e-flex e-con e-child\" data-id=\"56075c3\" data-element_type=\"container\">\n\t\t<div class=\"elementor-element elementor-element-da3ba08 e-con-full e-flex e-con e-child\" data-id=\"da3ba08\" data-element_type=\"container\">\n\t\t\t\t<div class=\"elementor-element elementor-element-9a6fee5 elementor-widget elementor-widget-video\" data-id=\"9a6fee5\" data-element_type=\"widget\" data-settings=\"{&quot;youtube_url&quot;:&quot;https:\\\/\\\/youtu.be\\\/ZZPH7cg_6s8&quot;,&quot;autoplay&quot;:&quot;yes&quot;,&quot;mute&quot;:&quot;yes&quot;,&quot;loop&quot;:&quot;yes&quot;,&quot;lazy_load&quot;:&quot;yes&quot;,&quot;play_on_mobile&quot;:&quot;yes&quot;,&quot;video_type&quot;:&quot;youtube&quot;,&quot;controls&quot;:&quot;yes&quot;}\" data-widget_type=\"video.default\">\n\t\t\t\t<div class=\"elementor-widget-container\">\n\t\t\t\t\t\t\t<div class=\"elementor-wrapper elementor-open-inline\">\n\t\t\t<div class=\"elementor-video\"><\/div>\t\t<\/div>\n\t\t\t\t\t\t<\/div>\n\t\t\t\t<\/div>\n\t\t\t\t<\/div>\n\t\t\t\t<\/div>\n\t\t\t\t\t<\/div>\n\t\t\t\t<\/div>\n\t\t<div class=\"elementor-element elementor-element-9fdaa42 e-flex e-con-boxed e-con e-parent\" data-id=\"9fdaa42\" data-element_type=\"container\">\n\t\t\t\t\t<div class=\"e-con-inner\">\n\t\t<div class=\"elementor-element elementor-element-79eb714 e-con-full e-flex e-con e-child\" data-id=\"79eb714\" data-element_type=\"container\">\n\t\t\t\t<div class=\"elementor-element elementor-element-c449928 elementor-widget elementor-widget-video\" data-id=\"c449928\" data-element_type=\"widget\" data-settings=\"{&quot;youtube_url&quot;:&quot;https:\\\/\\\/youtu.be\\\/41RalIrWUak&quot;,&quot;lazy_load&quot;:&quot;yes&quot;,&quot;video_type&quot;:&quot;youtube&quot;,&quot;controls&quot;:&quot;yes&quot;}\" data-widget_type=\"video.default\">\n\t\t\t\t<div class=\"elementor-widget-container\">\n\t\t\t\t\t\t\t<div class=\"elementor-wrapper elementor-open-inline\">\n\t\t\t<div class=\"elementor-video\"><\/div>\t\t<\/div>\n\t\t\t\t\t\t<\/div>\n\t\t\t\t<\/div>\n\t\t\t\t<div class=\"elementor-element elementor-element-d9c9a02 elementor-widget elementor-widget-video\" data-id=\"d9c9a02\" data-element_type=\"widget\" data-settings=\"{&quot;youtube_url&quot;:&quot;https:\\\/\\\/youtu.be\\\/-GM7f-nXBzM&quot;,&quot;lazy_load&quot;:&quot;yes&quot;,&quot;video_type&quot;:&quot;youtube&quot;,&quot;controls&quot;:&quot;yes&quot;}\" data-widget_type=\"video.default\">\n\t\t\t\t<div class=\"elementor-widget-container\">\n\t\t\t\t\t\t\t<div class=\"elementor-wrapper elementor-open-inline\">\n\t\t\t<div class=\"elementor-video\"><\/div>\t\t<\/div>\n\t\t\t\t\t\t<\/div>\n\t\t\t\t<\/div>\n\t\t\t\t<\/div>\n\t\t<div class=\"elementor-element elementor-element-ba497cd e-con-full e-flex e-con e-child\" data-id=\"ba497cd\" data-element_type=\"container\">\n\t\t\t\t<div class=\"elementor-element elementor-element-e18531b elementor-widget elementor-widget-video\" data-id=\"e18531b\" data-element_type=\"widget\" data-settings=\"{&quot;youtube_url&quot;:&quot;https:\\\/\\\/youtu.be\\\/DXNdR-_KDyg&quot;,&quot;lazy_load&quot;:&quot;yes&quot;,&quot;video_type&quot;:&quot;youtube&quot;,&quot;controls&quot;:&quot;yes&quot;}\" data-widget_type=\"video.default\">\n\t\t\t\t<div class=\"elementor-widget-container\">\n\t\t\t\t\t\t\t<div class=\"elementor-wrapper elementor-open-inline\">\n\t\t\t<div class=\"elementor-video\"><\/div>\t\t<\/div>\n\t\t\t\t\t\t<\/div>\n\t\t\t\t<\/div>\n\t\t\t\t<\/div>\n\t\t\t\t\t<\/div>\n\t\t\t\t<\/div>\n\t\t<div class=\"elementor-element elementor-element-c46a7a7 e-flex e-con-boxed e-con e-parent\" data-id=\"c46a7a7\" data-element_type=\"container\">\n\t\t\t\t\t<div class=\"e-con-inner\">\n\t\t<div class=\"elementor-element elementor-element-59cd072 e-con-full e-flex e-con e-child\" data-id=\"59cd072\" data-element_type=\"container\">\n\t\t\t\t<div class=\"elementor-element elementor-element-5405b59 elementor-widget elementor-widget-heading\" data-id=\"5405b59\" data-element_type=\"widget\" data-widget_type=\"heading.default\">\n\t\t\t\t<div class=\"elementor-widget-container\">\n\t\t\t\t\t<h2 class=\"elementor-heading-title elementor-size-default\">Works<\/h2>\t\t\t\t<\/div>\n\t\t\t\t<\/div>\n\t\t\t\t<\/div>\n\t\t\t\t\t<\/div>\n\t\t\t\t<\/div>\n\t\t<div class=\"elementor-element elementor-element-9c5145b e-flex e-con-boxed e-con e-parent\" data-id=\"9c5145b\" data-element_type=\"container\">\n\t\t\t\t\t<div class=\"e-con-inner\">\n\t\t\t\t<div class=\"elementor-element elementor-element-320978e elementor-widget elementor-widget-text-editor\" data-id=\"320978e\" data-element_type=\"widget\" data-widget_type=\"text-editor.default\">\n\t\t\t\t<div class=\"elementor-widget-container\">\n\t\t\t\t\t\t\t\t\t<p>Les diff\u00e9rents travaux impliqu\u00e9s dans le processus de cr\u00e9ation d&rsquo;une cha\u00eene YouTube r\u00e9sum\u00e9s dans une courte vid\u00e9o et \u00e9num\u00e9r\u00e9s ci-dessous.<\/p>\t\t\t\t\t\t\t\t<\/div>\n\t\t\t\t<\/div>\n\t\t\t\t\t<\/div>\n\t\t\t\t<\/div>\n\t\t<div class=\"elementor-element elementor-element-910db57 e-flex e-con-boxed e-con e-parent\" data-id=\"910db57\" data-element_type=\"container\">\n\t\t\t\t\t<div class=\"e-con-inner\">\n\t\t<div class=\"elementor-element elementor-element-0d52cab e-con-full e-flex e-con e-child\" data-id=\"0d52cab\" data-element_type=\"container\">\n\t\t\t\t<div class=\"elementor-element elementor-element-b58044d elementor-widget elementor-widget-video\" data-id=\"b58044d\" data-element_type=\"widget\" data-settings=\"{&quot;youtube_url&quot;:&quot;https:\\\/\\\/youtu.be\\\/YetjmxOY66A&quot;,&quot;show_image_overlay&quot;:&quot;yes&quot;,&quot;image_overlay&quot;:{&quot;url&quot;:&quot;&quot;,&quot;id&quot;:&quot;&quot;,&quot;size&quot;:&quot;&quot;,&quot;alt&quot;:&quot;&quot;,&quot;source&quot;:&quot;library&quot;},&quot;video_type&quot;:&quot;youtube&quot;,&quot;controls&quot;:&quot;yes&quot;}\" data-widget_type=\"video.default\">\n\t\t\t\t<div class=\"elementor-widget-container\">\n\t\t\t\t\t\t\t<div class=\"elementor-wrapper elementor-open-inline\">\n\t\t\t<div class=\"elementor-video\"><\/div>\t\t<\/div>\n\t\t\t\t\t\t<\/div>\n\t\t\t\t<\/div>\n\t\t\t\t<\/div>\n\t\t\t\t\t<\/div>\n\t\t\t\t<\/div>\n\t\t<div class=\"elementor-element elementor-element-bbf6f39 e-flex e-con-boxed e-con e-parent\" data-id=\"bbf6f39\" data-element_type=\"container\">\n\t\t\t\t\t<div class=\"e-con-inner\">\n\t\t\t\t<div class=\"elementor-element elementor-element-c1d1781 elementor-widget elementor-widget-text-editor\" data-id=\"c1d1781\" data-element_type=\"widget\" data-widget_type=\"text-editor.default\">\n\t\t\t\t<div class=\"elementor-widget-container\">\n\t\t\t\t\t\t\t\t\t<p><span style=\"text-decoration: underline;\">BRANDING<\/span><\/p><p>La direction artistique que nous avons d\u00e9velopp\u00e9e est un environnement qui adh\u00e8re \u00e0 l&rsquo;identit\u00e9 de marque de Statrys. Il \u00e9tend sa port\u00e9e \u00e0 l&rsquo;univers du contenu vid\u00e9o en introduisant de nouveaux graphiques, assets, ressources et mod\u00e8les.<\/p>\t\t\t\t\t\t\t\t<\/div>\n\t\t\t\t<\/div>\n\t\t\t\t<div class=\"elementor-element elementor-element-d32f187 elementor-widget elementor-widget-text-editor\" data-id=\"d32f187\" data-element_type=\"widget\" data-widget_type=\"text-editor.default\">\n\t\t\t\t<div class=\"elementor-widget-container\">\n\t\t\t\t\t\t\t\t\t<p><span style=\"text-decoration: underline;\">CONFIGURATION ET FORMATION DE YOUTUBE STUDIO<\/span><\/p>\t\t\t\t\t\t\t\t<\/div>\n\t\t\t\t<\/div>\n\t\t\t\t<div class=\"elementor-element elementor-element-cdaeb58 elementor-widget elementor-widget-text-editor\" data-id=\"cdaeb58\" data-element_type=\"widget\" data-widget_type=\"text-editor.default\">\n\t\t\t\t<div class=\"elementor-widget-container\">\n\t\t\t\t\t\t\t\t\t<p>Lalicorn a transform\u00e9 la petite salle de r\u00e9union de Statrys en un studio YouTube. Les travaux ont compris l&rsquo;insonorisation, le choix et l&rsquo;achat et l&rsquo;installation d&rsquo;\u00e9quipements adapt\u00e9s (lumi\u00e8res, cam\u00e9ra, mat\u00e9riel de son), et enfin un m\u00e9dia training et une formation technique pour leur personnel. Et voil\u00e0 !<\/p>\t\t\t\t\t\t\t\t<\/div>\n\t\t\t\t<\/div>\n\t\t\t\t<div class=\"elementor-element elementor-element-7629857 elementor-widget elementor-widget-text-editor\" data-id=\"7629857\" data-element_type=\"widget\" data-widget_type=\"text-editor.default\">\n\t\t\t\t<div class=\"elementor-widget-container\">\n\t\t\t\t\t\t\t\t\t<p><span style=\"text-decoration: underline;\">MOTION DESIGN<\/span><\/p><p>Lalicorn a cr\u00e9\u00e9 une collection d&rsquo;animations, de mod\u00e8les et d&rsquo;assets pour les vid\u00e9os et les vignettes pour chaque cat\u00e9gorie de vid\u00e9os.<\/p>\t\t\t\t\t\t\t\t<\/div>\n\t\t\t\t<\/div>\n\t\t\t\t<div class=\"elementor-element elementor-element-616f220 elementor-widget elementor-widget-text-editor\" data-id=\"616f220\" data-element_type=\"widget\" data-widget_type=\"text-editor.default\">\n\t\t\t\t<div class=\"elementor-widget-container\">\n\t\t\t\t\t\t\t\t\t<p><span style=\"text-decoration: underline;\">PRODUCTION DE FILM<\/span><\/p><p>Lalicorn a produit 4 films, 1 pour chaque cat\u00e9gorie, afin de mettre en place un mod\u00e8le que l&rsquo;\u00e9quipe de Statrys pourra r\u00e9utiliser pour la r\u00e9alisation de futures vid\u00e9os.<\/p>\t\t\t\t\t\t\t\t<\/div>\n\t\t\t\t<\/div>\n\t\t\t\t\t<\/div>\n\t\t\t\t<\/div>\n\t\t<div class=\"elementor-element elementor-element-0843818 e-flex e-con-boxed e-con e-parent\" data-id=\"0843818\" data-element_type=\"container\">\n\t\t\t\t\t<div class=\"e-con-inner\">\n\t\t<div class=\"elementor-element elementor-element-2a576a4 e-con-full e-flex e-con e-child\" data-id=\"2a576a4\" data-element_type=\"container\">\n\t\t\t\t<div class=\"elementor-element elementor-element-683f9b6 elementor-widget elementor-widget-heading\" data-id=\"683f9b6\" data-element_type=\"widget\" data-widget_type=\"heading.default\">\n\t\t\t\t<div class=\"elementor-widget-container\">\n\t\t\t\t\t<h2 class=\"elementor-heading-title elementor-size-default\">D\u00e9fi<\/h2>\t\t\t\t<\/div>\n\t\t\t\t<\/div>\n\t\t\t\t<\/div>\n\t\t\t\t\t<\/div>\n\t\t\t\t<\/div>\n\t\t<div class=\"elementor-element elementor-element-e497703 e-flex e-con-boxed e-con e-parent\" data-id=\"e497703\" data-element_type=\"container\">\n\t\t\t\t\t<div class=\"e-con-inner\">\n\t\t\t\t<div class=\"elementor-element elementor-element-536cd3c elementor-widget elementor-widget-text-editor\" data-id=\"536cd3c\" data-element_type=\"widget\" data-widget_type=\"text-editor.default\">\n\t\t\t\t<div class=\"elementor-widget-container\">\n\t\t\t\t\t\t\t\t\t<p>La salle de r\u00e9union de Statrys avait deux murs de verre \u2013 l&rsquo;un donnant sur l&rsquo;ext\u00e9rieur o\u00f9 le bruit du m\u00e9tro a\u00e9rien pouvait \u00eatre entendu, l&rsquo;autre faisant face au bureau o\u00f9 les sons ambiants du bureau p\u00e9n\u00e9traient \u2013 et un mur faisant r\u00e9sonner le bruit de la salle de r\u00e9union suivante.<\/p><p>L&rsquo;ing\u00e9nieur du son de Lalicorn a insonoris\u00e9 2 murs, enfermant le mur de verre ext\u00e9rieur et installant un rideau lourd et \u00e9pais pour isoler la pi\u00e8ce du bruit du bureau. Au lieu d&rsquo;utiliser plusieurs couches de mousse, qui peuvent avoir des propri\u00e9t\u00e9s canc\u00e9rig\u00e8nes, une technique secr\u00e8te a \u00e9t\u00e9 utilis\u00e9e pour une isolation acoustique optimale.<\/p>\t\t\t\t\t\t\t\t<\/div>\n\t\t\t\t<\/div>\n\t\t\t\t\t<\/div>\n\t\t\t\t<\/div>\n\t\t<div class=\"elementor-element elementor-element-59c49d6 e-flex e-con-boxed e-con e-parent\" data-id=\"59c49d6\" data-element_type=\"container\">\n\t\t\t\t\t<div class=\"e-con-inner\">\n\t\t<div class=\"elementor-element elementor-element-03cdeef e-con-full e-flex e-con e-child\" data-id=\"03cdeef\" data-element_type=\"container\">\n\t\t\t\t<div class=\"elementor-element elementor-element-a9842a9 elementor-widget elementor-widget-video\" data-id=\"a9842a9\" data-element_type=\"widget\" data-settings=\"{&quot;video_type&quot;:&quot;hosted&quot;,&quot;show_image_overlay&quot;:&quot;yes&quot;,&quot;image_overlay&quot;:{&quot;url&quot;:&quot;https:\\\/\\\/lalicorn.com\\\/fr\\\/wp-content\\\/uploads\\\/sites\\\/3\\\/2024\\\/09\\\/Behind-the-Scene.jpg&quot;,&quot;id&quot;:8197,&quot;size&quot;:&quot;&quot;,&quot;alt&quot;:&quot;&quot;,&quot;source&quot;:&quot;library&quot;},&quot;controls&quot;:&quot;yes&quot;}\" data-widget_type=\"video.default\">\n\t\t\t\t<div class=\"elementor-widget-container\">\n\t\t\t\t\t\t\t<div class=\"e-hosted-video elementor-wrapper elementor-open-inline\">\n\t\t\t\t\t<video class=\"elementor-video\" src=\"https:\/\/lalicorn.com\/fr\/wp-content\/uploads\/sites\/3\/2025\/03\/Statrys-Studio-Making-Behind-the-Scene.mp4\" controls=\"\" preload=\"metadata\" controlsList=\"nodownload\"><\/video>\n\t\t\t\t\t\t<div class=\"elementor-custom-embed-image-overlay\" style=\"background-image: url(https:\/\/lalicorn.com\/fr\/wp-content\/uploads\/sites\/3\/2024\/09\/Behind-the-Scene.jpg);\">\n\t\t\t\t\t\t\t\t\t\t\t\t\t\t\t\t<div class=\"elementor-custom-embed-play\" role=\"button\" aria-label=\"Lire la vid\u00e9o\" tabindex=\"0\">\n\t\t\t\t\t\t\t<svg aria-hidden=\"true\" class=\"e-font-icon-svg e-eicon-play\" viewBox=\"0 0 1000 1000\" xmlns=\"http:\/\/www.w3.org\/2000\/svg\"><path d=\"M838 162C746 71 633 25 500 25 371 25 258 71 163 162 71 254 25 367 25 500 25 633 71 746 163 837 254 929 367 979 500 979 633 979 746 933 838 837 929 746 975 633 975 500 975 367 929 254 838 162M808 192C892 279 933 379 933 500 933 621 892 725 808 808 725 892 621 938 500 938 379 938 279 896 196 808 113 725 67 621 67 500 67 379 108 279 196 192 279 108 383 62 500 62 621 62 721 108 808 192M438 392V642L642 517 438 392Z\"><\/path><\/svg>\t\t\t\t\t\t<\/div>\n\t\t\t\t\t\t\t\t\t<\/div>\n\t\t\t\t\t<\/div>\n\t\t\t\t\t\t<\/div>\n\t\t\t\t<\/div>\n\t\t\t\t<\/div>\n\t\t<div class=\"elementor-element elementor-element-7c871df e-con-full e-flex e-con e-child\" data-id=\"7c871df\" data-element_type=\"container\">\n\t\t\t\t<div class=\"elementor-element elementor-element-6cc8346 elementor-widget elementor-widget-text-editor\" data-id=\"6cc8346\" data-element_type=\"widget\" data-widget_type=\"text-editor.default\">\n\t\t\t\t<div class=\"elementor-widget-container\">\n\t\t\t\t\t\t\t\t\t<p>Une fois le m\u00e9tro a\u00e9rien et le bruit des bureaux \u00e9limin\u00e9s, le studio a \u00e9t\u00e9 \u00e9quip\u00e9 d&rsquo;une cam\u00e9ra, d&rsquo;engrenages, d&rsquo;\u00e9clairages et d&rsquo;un t\u00e9l\u00e9prompteur.<\/p>\t\t\t\t\t\t\t\t<\/div>\n\t\t\t\t<\/div>\n\t\t\t\t<div class=\"elementor-element elementor-element-fbaa4a8 elementor-widget elementor-widget-text-editor\" data-id=\"fbaa4a8\" data-element_type=\"widget\" data-widget_type=\"text-editor.default\">\n\t\t\t\t<div class=\"elementor-widget-container\">\n\t\t\t\t\t\t\t\t\t<p>Pour assurer l&rsquo;autonomie de Statrys, une formation a \u00e9t\u00e9 dispens\u00e9e, couvrant les aspects techniques de la production vid\u00e9o en studio ainsi que le coaching m\u00e9diatique pour les animateurs.<\/p><p>Statrys est pr\u00eat \u00e0 enregistrer du contenu vid\u00e9o de haute qualit\u00e9 \u00e0 tout moment, de jour comme de nuit.<\/p>\t\t\t\t\t\t\t\t<\/div>\n\t\t\t\t<\/div>\n\t\t\t\t<\/div>\n\t\t\t\t\t<\/div>\n\t\t\t\t<\/div>\n\t\t\t\t<\/div>\n\t\t","protected":false},"excerpt":{"rendered":"<p>Solution bancaire en ligne<\/p>\n","protected":false},"author":2,"featured_media":0,"parent":221,"menu_order":0,"comment_status":"closed","ping_status":"closed","template":"","meta":{"footnotes":""},"class_list":["post-110","page","type-page","status-publish","hentry"],"_links":{"self":[{"href":"https:\/\/lalicorn.com\/fr\/wp-json\/wp\/v2\/pages\/110","targetHints":{"allow":["GET"]}}],"collection":[{"href":"https:\/\/lalicorn.com\/fr\/wp-json\/wp\/v2\/pages"}],"about":[{"href":"https:\/\/lalicorn.com\/fr\/wp-json\/wp\/v2\/types\/page"}],"author":[{"embeddable":true,"href":"https:\/\/lalicorn.com\/fr\/wp-json\/wp\/v2\/users\/2"}],"replies":[{"embeddable":true,"href":"https:\/\/lalicorn.com\/fr\/wp-json\/wp\/v2\/comments?post=110"}],"version-history":[{"count":77,"href":"https:\/\/lalicorn.com\/fr\/wp-json\/wp\/v2\/pages\/110\/revisions"}],"predecessor-version":[{"id":14761,"href":"https:\/\/lalicorn.com\/fr\/wp-json\/wp\/v2\/pages\/110\/revisions\/14761"}],"up":[{"embeddable":true,"href":"https:\/\/lalicorn.com\/fr\/wp-json\/wp\/v2\/pages\/221"}],"wp:attachment":[{"href":"https:\/\/lalicorn.com\/fr\/wp-json\/wp\/v2\/media?parent=110"}],"curies":[{"name":"wp","href":"https:\/\/api.w.org\/{rel}","templated":true}]}}