{"id":10432,"date":"2025-03-05T07:01:54","date_gmt":"2025-03-05T07:01:54","guid":{"rendered":"https:\/\/lalicorn.com\/fr\/?page_id=10432"},"modified":"2026-01-27T06:47:45","modified_gmt":"2026-01-27T06:47:45","slug":"joube","status":"publish","type":"page","link":"https:\/\/lalicorn.com\/fr\/works\/joube\/","title":{"rendered":"JOUBe"},"content":{"rendered":"\t\t<div data-elementor-type=\"wp-post\" data-elementor-id=\"10432\" class=\"elementor elementor-10432\" data-elementor-post-type=\"page\">\n\t\t\t\t<div class=\"elementor-element elementor-element-7a8cb4a e-flex e-con-boxed e-con e-parent\" data-id=\"7a8cb4a\" data-element_type=\"container\" data-settings=\"{&quot;background_background&quot;:&quot;classic&quot;}\">\n\t\t\t\t\t<div class=\"e-con-inner\">\n\t\t<div class=\"elementor-element elementor-element-c5ed121 e-con-full e-flex e-con e-child\" data-id=\"c5ed121\" data-element_type=\"container\" data-settings=\"{&quot;background_background&quot;:&quot;classic&quot;,&quot;background_motion_fx_motion_fx_scrolling&quot;:&quot;yes&quot;,&quot;background_motion_fx_devices&quot;:[&quot;desktop&quot;,&quot;tablet&quot;,&quot;mobile&quot;]}\">\n\t\t\t\t<div class=\"elementor-element elementor-element-7059d1a elementor-hidden-tablet elementor-hidden-phone elementor-widget elementor-widget-theme-post-title elementor-page-title elementor-widget-heading\" data-id=\"7059d1a\" data-element_type=\"widget\" data-widget_type=\"theme-post-title.default\">\n\t\t\t\t<div class=\"elementor-widget-container\">\n\t\t\t\t\t<h3 class=\"elementor-heading-title elementor-size-default\">JOUBe<\/h3>\t\t\t\t<\/div>\n\t\t\t\t<\/div>\n\t\t\t\t<div class=\"elementor-element elementor-element-c162dc4 elementor-hidden-tablet elementor-hidden-phone elementor-widget elementor-widget-theme-post-excerpt\" data-id=\"c162dc4\" data-element_type=\"widget\" data-widget_type=\"theme-post-excerpt.default\">\n\t\t\t\t<div class=\"elementor-widget-container\">\n\t\t\t\t\tMusique \u00e9lectronique\t\t\t\t<\/div>\n\t\t\t\t<\/div>\n\t\t\t\t<\/div>\n\t\t\t\t\t<\/div>\n\t\t\t\t<\/div>\n\t\t<div class=\"elementor-element elementor-element-969c4f8 e-flex e-con-boxed e-con e-parent\" data-id=\"969c4f8\" data-element_type=\"container\">\n\t\t\t\t\t<div class=\"e-con-inner\">\n\t\t<div class=\"elementor-element elementor-element-7a2be48 e-con-full e-flex e-con e-child\" data-id=\"7a2be48\" data-element_type=\"container\">\n\t\t\t\t<div class=\"elementor-element elementor-element-235f00b elementor-widget elementor-widget-heading\" data-id=\"235f00b\" data-element_type=\"widget\" data-widget_type=\"heading.default\">\n\t\t\t\t<div class=\"elementor-widget-container\">\n\t\t\t\t\t<p class=\"elementor-heading-title elementor-size-default\">Cat\u00e9gorie : documentaire<\/p>\t\t\t\t<\/div>\n\t\t\t\t<\/div>\n\t\t\t\t<\/div>\n\t\t\t\t\t<\/div>\n\t\t\t\t<\/div>\n\t\t<div class=\"elementor-element elementor-element-fbc90f2 e-flex e-con-boxed e-con e-parent\" data-id=\"fbc90f2\" data-element_type=\"container\">\n\t\t\t\t\t<div class=\"e-con-inner\">\n\t\t<div class=\"elementor-element elementor-element-37c7ca3 e-con-full e-flex e-con e-child\" data-id=\"37c7ca3\" data-element_type=\"container\">\n\t\t\t\t<div class=\"elementor-element elementor-element-d52054c elementor-hidden-desktop elementor-widget elementor-widget-heading\" data-id=\"d52054c\" data-element_type=\"widget\" data-widget_type=\"heading.default\">\n\t\t\t\t<div class=\"elementor-widget-container\">\n\t\t\t\t\t<h1 class=\"elementor-heading-title elementor-size-default\">JOUBe<\/h1>\t\t\t\t<\/div>\n\t\t\t\t<\/div>\n\t\t\t\t<div class=\"elementor-element elementor-element-7d34238 elementor-hidden-desktop elementor-widget elementor-widget-theme-post-excerpt\" data-id=\"7d34238\" data-element_type=\"widget\" data-widget_type=\"theme-post-excerpt.default\">\n\t\t\t\t<div class=\"elementor-widget-container\">\n\t\t\t\t\tMusique \u00e9lectronique\t\t\t\t<\/div>\n\t\t\t\t<\/div>\n\t\t\t\t<\/div>\n\t\t\t\t\t<\/div>\n\t\t\t\t<\/div>\n\t\t<div class=\"elementor-element elementor-element-4293d96 e-flex e-con-boxed e-con e-parent\" data-id=\"4293d96\" data-element_type=\"container\">\n\t\t\t\t\t<div class=\"e-con-inner\">\n\t\t<div class=\"elementor-element elementor-element-8676965 e-con-full e-flex e-con e-child\" data-id=\"8676965\" data-element_type=\"container\">\n\t\t\t\t<div class=\"elementor-element elementor-element-7eb3b93 elementor-widget elementor-widget-text-editor\" data-id=\"7eb3b93\" data-element_type=\"widget\" data-widget_type=\"text-editor.default\">\n\t\t\t\t<div class=\"elementor-widget-container\">\n\t\t\t\t\t\t\t\t\t<p><span class=\"OYPEnA font-feature-liga-off font-feature-clig-off font-feature-calt-off text-decoration-none text-strikethrough-none\">Lorsque l&rsquo;art et la durabilit\u00e9 se rencontrent, l&rsquo;innovation fleurit.<\/span><\/p><p><span class=\"OYPEnA font-feature-liga-off font-feature-clig-off font-feature-calt-off text-decoration-none text-strikethrough-none\">L&rsquo;artiste fran\u00e7ais JOUBe fusionne le cyclisme, l&rsquo;enregistrement de sons et les danse floors pour une exp\u00e9rience nouvelle.<\/span><\/p>\t\t\t\t\t\t\t\t<\/div>\n\t\t\t\t<\/div>\n\t\t\t\t<div class=\"elementor-element elementor-element-c8c0cd8 elementor-widget elementor-widget-text-editor\" data-id=\"c8c0cd8\" data-element_type=\"widget\" data-widget_type=\"text-editor.default\">\n\t\t\t\t<div class=\"elementor-widget-container\">\n\t\t\t\t\t\t\t\t\t<p><span class=\"OYPEnA font-feature-liga-off font-feature-clig-off font-feature-calt-off text-decoration-none text-strikethrough-none\">Ce projet est le fruit d&rsquo;une collaboration entre Lalicorn, Live Promotion et Mediatone.<\/span><\/p>\t\t\t\t\t\t\t\t<\/div>\n\t\t\t\t<\/div>\n\t\t\t\t<\/div>\n\t\t\t\t\t<\/div>\n\t\t\t\t<\/div>\n\t\t<div class=\"elementor-element elementor-element-25636b7 e-flex e-con-boxed e-con e-parent\" data-id=\"25636b7\" data-element_type=\"container\">\n\t\t\t\t\t<div class=\"e-con-inner\">\n\t\t<div class=\"elementor-element elementor-element-1a1d331 e-con-full e-flex e-con e-child\" data-id=\"1a1d331\" data-element_type=\"container\">\n\t\t\t\t<div class=\"elementor-element elementor-element-b39704f elementor-widget elementor-widget-heading\" data-id=\"b39704f\" data-element_type=\"widget\" data-widget_type=\"heading.default\">\n\t\t\t\t<div class=\"elementor-widget-container\">\n\t\t\t\t\t<h2 class=\"elementor-heading-title elementor-size-default\">Film<\/h2>\t\t\t\t<\/div>\n\t\t\t\t<\/div>\n\t\t\t\t<\/div>\n\t\t\t\t\t<\/div>\n\t\t\t\t<\/div>\n\t\t<div class=\"elementor-element elementor-element-0419ca6 e-flex e-con-boxed e-con e-parent\" data-id=\"0419ca6\" data-element_type=\"container\">\n\t\t\t\t\t<div class=\"e-con-inner\">\n\t\t<div class=\"elementor-element elementor-element-54cbe27 e-con-full e-flex e-con e-child\" data-id=\"54cbe27\" data-element_type=\"container\">\n\t\t<div class=\"elementor-element elementor-element-888462e e-con-full e-flex e-con e-child\" data-id=\"888462e\" data-element_type=\"container\">\n\t\t\t\t<div class=\"elementor-element elementor-element-f1bbb8e elementor-widget elementor-widget-video\" data-id=\"f1bbb8e\" data-element_type=\"widget\" data-settings=\"{&quot;youtube_url&quot;:&quot;https:\\\/\\\/youtu.be\\\/OWzJbDAkWa0?si=rCnzU_haV4NNoMMC&quot;,&quot;autoplay&quot;:&quot;yes&quot;,&quot;mute&quot;:&quot;yes&quot;,&quot;loop&quot;:&quot;yes&quot;,&quot;lazy_load&quot;:&quot;yes&quot;,&quot;play_on_mobile&quot;:&quot;yes&quot;,&quot;video_type&quot;:&quot;youtube&quot;,&quot;controls&quot;:&quot;yes&quot;}\" data-widget_type=\"video.default\">\n\t\t\t\t<div class=\"elementor-widget-container\">\n\t\t\t\t\t\t\t<div class=\"elementor-wrapper elementor-open-inline\">\n\t\t\t<div class=\"elementor-video\"><\/div>\t\t<\/div>\n\t\t\t\t\t\t<\/div>\n\t\t\t\t<\/div>\n\t\t\t\t<div class=\"elementor-element elementor-element-4f27ef9 elementor-widget elementor-widget-text-editor\" data-id=\"4f27ef9\" data-element_type=\"widget\" data-widget_type=\"text-editor.default\">\n\t\t\t\t<div class=\"elementor-widget-container\">\n\t\t\t\t\t\t\t\t\t<p>JOUBe Goes to Wonderfruit (Thailand) &#8211; Documentaire<\/p>\t\t\t\t\t\t\t\t<\/div>\n\t\t\t\t<\/div>\n\t\t\t\t<\/div>\n\t\t\t\t<\/div>\n\t\t\t\t\t<\/div>\n\t\t\t\t<\/div>\n\t\t<div class=\"elementor-element elementor-element-86b8188 e-flex e-con-boxed e-con e-parent\" data-id=\"86b8188\" data-element_type=\"container\">\n\t\t\t\t\t<div class=\"e-con-inner\">\n\t\t<div class=\"elementor-element elementor-element-40a59ef e-con-full e-flex e-con e-child\" data-id=\"40a59ef\" data-element_type=\"container\">\n\t\t\t\t<div class=\"elementor-element elementor-element-f7dba9e elementor-widget elementor-widget-heading\" data-id=\"f7dba9e\" data-element_type=\"widget\" data-widget_type=\"heading.default\">\n\t\t\t\t<div class=\"elementor-widget-container\">\n\t\t\t\t\t<h2 class=\"elementor-heading-title elementor-size-default\">Contexte<\/h2>\t\t\t\t<\/div>\n\t\t\t\t<\/div>\n\t\t\t\t<\/div>\n\t\t\t\t\t<\/div>\n\t\t\t\t<\/div>\n\t\t<div class=\"elementor-element elementor-element-390dab6 e-flex e-con-boxed e-con e-parent\" data-id=\"390dab6\" data-element_type=\"container\">\n\t\t\t\t\t<div class=\"e-con-inner\">\n\t\t\t\t<div class=\"elementor-element elementor-element-2cd4523 elementor-widget elementor-widget-text-editor\" data-id=\"2cd4523\" data-element_type=\"widget\" data-widget_type=\"text-editor.default\">\n\t\t\t\t<div class=\"elementor-widget-container\">\n\t\t\t\t\t\t\t\t\t<p>JOUBe est connu pour son approche innovante du sampling, utilisant des enregistrements de sons naturels \u2013 des calottes glaciaires du Groenland aux vaches des montagnes suisses.<\/p><p>Cette fois, JOUBe entreprend un voyage en Tha\u00eflande, propuls\u00e9 uniquement par ses mollets. Son v\u00e9lo con\u00e7u sur mesure sert \u00e9galement d&rsquo;instrument de musique, cr\u00e9ant une performance live unique qui incarne l&rsquo;art durable.<\/p><p>Notre documentaire visait \u00e0 capturer le voyage cyclo-\u00e9lectronique de JOUBe, en suivant son parcours de Bangkok au festival Wonderfruit \u00e0 Pattaya.<\/p>\t\t\t\t\t\t\t\t<\/div>\n\t\t\t\t<\/div>\n\t\t\t\t\t<\/div>\n\t\t\t\t<\/div>\n\t\t<div class=\"elementor-element elementor-element-5d2cd98 e-flex e-con-boxed e-con e-parent\" data-id=\"5d2cd98\" data-element_type=\"container\">\n\t\t\t\t\t<div class=\"e-con-inner\">\n\t\t<div class=\"elementor-element elementor-element-caeb327 e-con-full e-flex e-con e-child\" data-id=\"caeb327\" data-element_type=\"container\">\n\t\t\t\t<div class=\"elementor-element elementor-element-30200aa elementor-widget elementor-widget-heading\" data-id=\"30200aa\" data-element_type=\"widget\" data-widget_type=\"heading.default\">\n\t\t\t\t<div class=\"elementor-widget-container\">\n\t\t\t\t\t<h2 class=\"elementor-heading-title elementor-size-default\">D\u00e9fi<\/h2>\t\t\t\t<\/div>\n\t\t\t\t<\/div>\n\t\t\t\t<\/div>\n\t\t\t\t\t<\/div>\n\t\t\t\t<\/div>\n\t\t<div class=\"elementor-element elementor-element-9fb243c e-flex e-con-boxed e-con e-parent\" data-id=\"9fb243c\" data-element_type=\"container\">\n\t\t\t\t\t<div class=\"e-con-inner\">\n\t\t\t\t<div class=\"elementor-element elementor-element-0e34bcf elementor-widget elementor-widget-text-editor\" data-id=\"0e34bcf\" data-element_type=\"widget\" data-widget_type=\"text-editor.default\">\n\t\t\t\t<div class=\"elementor-widget-container\">\n\t\t\t\t\t\t\t\t\t<p data-sourcepos=\"3:1-3:426\">Avec seulement deux jours de tournage, nous avons \u00e9t\u00e9 confront\u00e9s au d\u00e9fi d&rsquo;\u00e9quilibrer un film de haute qualit\u00e9 avec l&rsquo;imm\u00e9diatet\u00e9 du moment. Notre solution a \u00e9t\u00e9 une fusion inventive d&rsquo;images professionnelles et de prises de vue \u00e0 l&rsquo;iPhone, qui a apport\u00e9 un style intime et personnel.<\/p><p data-sourcepos=\"5:1-5:302\">Au c\u0153ur du documentaire se trouve une interview men\u00e9e par le fondateur de Lalicorn, Fr\u00e9dy, dont les questions et les r\u00e9flexions permettent \u00e0 la passion de JOUBe de briller. Cette conversation sinc\u00e8re devient la lentille \u00e0 travers laquelle nous vivons le voyage de JOUBe.<\/p>\t\t\t\t\t\t\t\t<\/div>\n\t\t\t\t<\/div>\n\t\t\t\t\t<\/div>\n\t\t\t\t<\/div>\n\t\t<div class=\"elementor-element elementor-element-2e36827 e-flex e-con-boxed e-con e-parent\" data-id=\"2e36827\" data-element_type=\"container\">\n\t\t\t\t\t<div class=\"e-con-inner\">\n\t\t<div class=\"elementor-element elementor-element-c32423b e-con-full e-flex e-con e-child\" data-id=\"c32423b\" data-element_type=\"container\">\n\t\t\t\t<div class=\"elementor-element elementor-element-d2658b7 elementor-widget elementor-widget-heading\" data-id=\"d2658b7\" data-element_type=\"widget\" data-widget_type=\"heading.default\">\n\t\t\t\t<div class=\"elementor-widget-container\">\n\t\t\t\t\t<h2 class=\"elementor-heading-title elementor-size-default\">R\u00e9sultat<\/h2>\t\t\t\t<\/div>\n\t\t\t\t<\/div>\n\t\t\t\t<\/div>\n\t\t\t\t\t<\/div>\n\t\t\t\t<\/div>\n\t\t<div class=\"elementor-element elementor-element-f9667de e-flex e-con-boxed e-con e-parent\" data-id=\"f9667de\" data-element_type=\"container\">\n\t\t\t\t\t<div class=\"e-con-inner\">\n\t\t\t\t<div class=\"elementor-element elementor-element-e6be5a5 elementor-widget elementor-widget-text-editor\" data-id=\"e6be5a5\" data-element_type=\"widget\" data-widget_type=\"text-editor.default\">\n\t\t\t\t<div class=\"elementor-widget-container\">\n\t\t\t\t\t\t\t\t\t<p>Nous avons pu aider \u00e0 concr\u00e9tiser la vision de JOUBe d&rsquo;une mani\u00e8re \u00e0 la fois authentique et inspirante, et donn\u00e9 naissance \u00e0 un documentaire exp\u00e9rimental unique en son genre.<\/p>\t\t\t\t\t\t\t\t<\/div>\n\t\t\t\t<\/div>\n\t\t\t\t\t<\/div>\n\t\t\t\t<\/div>\n\t\t\t\t<\/div>\n\t\t","protected":false},"excerpt":{"rendered":"<p>Musique \u00e9lectronique<\/p>\n","protected":false},"author":4,"featured_media":10433,"parent":221,"menu_order":0,"comment_status":"closed","ping_status":"closed","template":"","meta":{"footnotes":""},"class_list":["post-10432","page","type-page","status-publish","has-post-thumbnail","hentry"],"_links":{"self":[{"href":"https:\/\/lalicorn.com\/fr\/wp-json\/wp\/v2\/pages\/10432","targetHints":{"allow":["GET"]}}],"collection":[{"href":"https:\/\/lalicorn.com\/fr\/wp-json\/wp\/v2\/pages"}],"about":[{"href":"https:\/\/lalicorn.com\/fr\/wp-json\/wp\/v2\/types\/page"}],"author":[{"embeddable":true,"href":"https:\/\/lalicorn.com\/fr\/wp-json\/wp\/v2\/users\/4"}],"replies":[{"embeddable":true,"href":"https:\/\/lalicorn.com\/fr\/wp-json\/wp\/v2\/comments?post=10432"}],"version-history":[{"count":103,"href":"https:\/\/lalicorn.com\/fr\/wp-json\/wp\/v2\/pages\/10432\/revisions"}],"predecessor-version":[{"id":14669,"href":"https:\/\/lalicorn.com\/fr\/wp-json\/wp\/v2\/pages\/10432\/revisions\/14669"}],"up":[{"embeddable":true,"href":"https:\/\/lalicorn.com\/fr\/wp-json\/wp\/v2\/pages\/221"}],"wp:featuredmedia":[{"embeddable":true,"href":"https:\/\/lalicorn.com\/fr\/wp-json\/wp\/v2\/media\/10433"}],"wp:attachment":[{"href":"https:\/\/lalicorn.com\/fr\/wp-json\/wp\/v2\/media?parent=10432"}],"curies":[{"name":"wp","href":"https:\/\/api.w.org\/{rel}","templated":true}]}}