{"id":10417,"date":"2025-03-05T06:56:54","date_gmt":"2025-03-05T06:56:54","guid":{"rendered":"https:\/\/lalicorn.com\/fr\/?page_id=10417"},"modified":"2026-01-27T13:36:19","modified_gmt":"2026-01-27T13:36:19","slug":"expertise-france-documentaire","status":"publish","type":"page","link":"https:\/\/lalicorn.com\/fr\/works\/expertise-france-documentaire\/","title":{"rendered":"EXPERTISE FRANCE"},"content":{"rendered":"\t\t<div data-elementor-type=\"wp-post\" data-elementor-id=\"10417\" class=\"elementor elementor-10417\" data-elementor-post-type=\"page\">\n\t\t\t\t<div class=\"elementor-element elementor-element-37c0d76 e-flex e-con-boxed e-con e-parent\" data-id=\"37c0d76\" data-element_type=\"container\" data-settings=\"{&quot;background_background&quot;:&quot;classic&quot;}\">\n\t\t\t\t\t<div class=\"e-con-inner\">\n\t\t<div class=\"elementor-element elementor-element-62e21ea e-con-full e-flex e-con e-child\" data-id=\"62e21ea\" data-element_type=\"container\" data-settings=\"{&quot;background_background&quot;:&quot;classic&quot;,&quot;background_motion_fx_motion_fx_scrolling&quot;:&quot;yes&quot;,&quot;background_motion_fx_devices&quot;:[&quot;desktop&quot;,&quot;tablet&quot;,&quot;mobile&quot;]}\">\n\t\t\t\t<div class=\"elementor-element elementor-element-b6f4e47 elementor-hidden-tablet elementor-hidden-phone elementor-widget elementor-widget-theme-post-title elementor-page-title elementor-widget-heading\" data-id=\"b6f4e47\" data-element_type=\"widget\" data-widget_type=\"theme-post-title.default\">\n\t\t\t\t<div class=\"elementor-widget-container\">\n\t\t\t\t\t<h3 class=\"elementor-heading-title elementor-size-default\">EXPERTISE FRANCE<\/h3>\t\t\t\t<\/div>\n\t\t\t\t<\/div>\n\t\t\t\t<div class=\"elementor-element elementor-element-8520946 elementor-hidden-tablet elementor-hidden-phone elementor-widget elementor-widget-theme-post-excerpt\" data-id=\"8520946\" data-element_type=\"widget\" data-widget_type=\"theme-post-excerpt.default\">\n\t\t\t\t<div class=\"elementor-widget-container\">\n\t\t\t\t\tL'Initiative\t\t\t\t<\/div>\n\t\t\t\t<\/div>\n\t\t\t\t<\/div>\n\t\t\t\t\t<\/div>\n\t\t\t\t<\/div>\n\t\t<div class=\"elementor-element elementor-element-4a55e67 e-flex e-con-boxed e-con e-parent\" data-id=\"4a55e67\" data-element_type=\"container\">\n\t\t\t\t\t<div class=\"e-con-inner\">\n\t\t<div class=\"elementor-element elementor-element-d9743ad e-con-full e-flex e-con e-child\" data-id=\"d9743ad\" data-element_type=\"container\">\n\t\t\t\t<div class=\"elementor-element elementor-element-cf54b09 elementor-widget elementor-widget-heading\" data-id=\"cf54b09\" data-element_type=\"widget\" data-widget_type=\"heading.default\">\n\t\t\t\t<div class=\"elementor-widget-container\">\n\t\t\t\t\t<p class=\"elementor-heading-title elementor-size-default\">Cat\u00e9gorie : documentaire<\/p>\t\t\t\t<\/div>\n\t\t\t\t<\/div>\n\t\t\t\t<\/div>\n\t\t\t\t\t<\/div>\n\t\t\t\t<\/div>\n\t\t<div class=\"elementor-element elementor-element-560b2a2 e-flex e-con-boxed e-con e-parent\" data-id=\"560b2a2\" data-element_type=\"container\">\n\t\t\t\t\t<div class=\"e-con-inner\">\n\t\t<div class=\"elementor-element elementor-element-9f8aaf5 e-con-full e-flex e-con e-child\" data-id=\"9f8aaf5\" data-element_type=\"container\">\n\t\t\t\t<div class=\"elementor-element elementor-element-37a96af elementor-hidden-desktop elementor-widget elementor-widget-heading\" data-id=\"37a96af\" data-element_type=\"widget\" data-widget_type=\"heading.default\">\n\t\t\t\t<div class=\"elementor-widget-container\">\n\t\t\t\t\t<h1 class=\"elementor-heading-title elementor-size-default\">EXPERTISE FRANCE<\/h1>\t\t\t\t<\/div>\n\t\t\t\t<\/div>\n\t\t\t\t<div class=\"elementor-element elementor-element-7b40455 elementor-hidden-desktop elementor-widget elementor-widget-theme-post-excerpt\" data-id=\"7b40455\" data-element_type=\"widget\" data-widget_type=\"theme-post-excerpt.default\">\n\t\t\t\t<div class=\"elementor-widget-container\">\n\t\t\t\t\tL'Initiative\t\t\t\t<\/div>\n\t\t\t\t<\/div>\n\t\t\t\t<\/div>\n\t\t\t\t\t<\/div>\n\t\t\t\t<\/div>\n\t\t<div class=\"elementor-element elementor-element-9f8ba7b e-flex e-con-boxed e-con e-parent\" data-id=\"9f8ba7b\" data-element_type=\"container\">\n\t\t\t\t\t<div class=\"e-con-inner\">\n\t\t<div class=\"elementor-element elementor-element-7cb0c6c e-con-full e-flex e-con e-child\" data-id=\"7cb0c6c\" data-element_type=\"container\">\n\t\t\t\t<div class=\"elementor-element elementor-element-f3d2df6 elementor-widget elementor-widget-text-editor\" data-id=\"f3d2df6\" data-element_type=\"widget\" data-widget_type=\"text-editor.default\">\n\t\t\t\t<div class=\"elementor-widget-container\">\n\t\t\t\t\t\t\t\t\t<p>Expertise France est l&rsquo;agence publique fran\u00e7aise charg\u00e9e de la conception et de la mise en \u0153uvre de projets de coop\u00e9ration technique internationale.<\/p>\t\t\t\t\t\t\t\t<\/div>\n\t\t\t\t<\/div>\n\t\t\t\t<div class=\"elementor-element elementor-element-1d637bb elementor-widget elementor-widget-text-editor\" data-id=\"1d637bb\" data-element_type=\"widget\" data-widget_type=\"text-editor.default\">\n\t\t\t\t<div class=\"elementor-widget-container\">\n\t\t\t\t\t\t\t\t\t<p>Expertise France a fait appel \u00e0 Lalicorn pour son expertise en post-production afin de r\u00e9aliser un documentaire saisissant \u00e0 base d&rsquo;une grande quantit\u00e9 de footage de qualit\u00e9 disparate.<\/p>\t\t\t\t\t\t\t\t<\/div>\n\t\t\t\t<\/div>\n\t\t\t\t<\/div>\n\t\t\t\t\t<\/div>\n\t\t\t\t<\/div>\n\t\t<div class=\"elementor-element elementor-element-fc1c9e5 e-flex e-con-boxed e-con e-parent\" data-id=\"fc1c9e5\" data-element_type=\"container\">\n\t\t\t\t\t<div class=\"e-con-inner\">\n\t\t<div class=\"elementor-element elementor-element-f0bb152 e-con-full e-flex e-con e-child\" data-id=\"f0bb152\" data-element_type=\"container\">\n\t\t\t\t<div class=\"elementor-element elementor-element-e6db944 elementor-widget elementor-widget-heading\" data-id=\"e6db944\" data-element_type=\"widget\" data-widget_type=\"heading.default\">\n\t\t\t\t<div class=\"elementor-widget-container\">\n\t\t\t\t\t<h2 class=\"elementor-heading-title elementor-size-default\">Film<\/h2>\t\t\t\t<\/div>\n\t\t\t\t<\/div>\n\t\t\t\t<\/div>\n\t\t\t\t\t<\/div>\n\t\t\t\t<\/div>\n\t\t<div class=\"elementor-element elementor-element-a8f3495 e-flex e-con-boxed e-con e-parent\" data-id=\"a8f3495\" data-element_type=\"container\">\n\t\t\t\t\t<div class=\"e-con-inner\">\n\t\t<div class=\"elementor-element elementor-element-3d73f24 e-con-full e-flex e-con e-child\" data-id=\"3d73f24\" data-element_type=\"container\">\n\t\t<div class=\"elementor-element elementor-element-6c617bf e-con-full e-flex e-con e-child\" data-id=\"6c617bf\" data-element_type=\"container\">\n\t\t\t\t<div class=\"elementor-element elementor-element-47d5a2d elementor-widget elementor-widget-video\" data-id=\"47d5a2d\" data-element_type=\"widget\" data-settings=\"{&quot;youtube_url&quot;:&quot;https:\\\/\\\/youtu.be\\\/sc72oRlC50Q?si=z-PpZ_P6vEleBYVu&quot;,&quot;autoplay&quot;:&quot;yes&quot;,&quot;mute&quot;:&quot;yes&quot;,&quot;loop&quot;:&quot;yes&quot;,&quot;lazy_load&quot;:&quot;yes&quot;,&quot;play_on_mobile&quot;:&quot;yes&quot;,&quot;video_type&quot;:&quot;youtube&quot;,&quot;controls&quot;:&quot;yes&quot;}\" data-widget_type=\"video.default\">\n\t\t\t\t<div class=\"elementor-widget-container\">\n\t\t\t\t\t\t\t<div class=\"elementor-wrapper elementor-open-inline\">\n\t\t\t<div class=\"elementor-video\"><\/div>\t\t<\/div>\n\t\t\t\t\t\t<\/div>\n\t\t\t\t<\/div>\n\t\t\t\t<div class=\"elementor-element elementor-element-de8c2de elementor-widget elementor-widget-text-editor\" data-id=\"de8c2de\" data-element_type=\"widget\" data-widget_type=\"text-editor.default\">\n\t\t\t\t<div class=\"elementor-widget-container\">\n\t\t\t\t\t\t\t\t\t<p>Expertise France \/ L&rsquo;Initiative : Documentaire Myanmar Tha\u00eflande, un acc\u00e8s aux soins sans barri\u00e8res.<\/p>\t\t\t\t\t\t\t\t<\/div>\n\t\t\t\t<\/div>\n\t\t\t\t<\/div>\n\t\t\t\t<\/div>\n\t\t\t\t\t<\/div>\n\t\t\t\t<\/div>\n\t\t<div class=\"elementor-element elementor-element-f2aecac e-flex e-con-boxed e-con e-parent\" data-id=\"f2aecac\" data-element_type=\"container\">\n\t\t\t\t\t<div class=\"e-con-inner\">\n\t\t<div class=\"elementor-element elementor-element-c965ebb e-con-full e-flex e-con e-child\" data-id=\"c965ebb\" data-element_type=\"container\">\n\t\t\t\t<div class=\"elementor-element elementor-element-638c459 elementor-widget elementor-widget-heading\" data-id=\"638c459\" data-element_type=\"widget\" data-widget_type=\"heading.default\">\n\t\t\t\t<div class=\"elementor-widget-container\">\n\t\t\t\t\t<h2 class=\"elementor-heading-title elementor-size-default\">Contexte<\/h2>\t\t\t\t<\/div>\n\t\t\t\t<\/div>\n\t\t\t\t<\/div>\n\t\t\t\t\t<\/div>\n\t\t\t\t<\/div>\n\t\t<div class=\"elementor-element elementor-element-35c6076 e-flex e-con-boxed e-con e-parent\" data-id=\"35c6076\" data-element_type=\"container\">\n\t\t\t\t\t<div class=\"e-con-inner\">\n\t\t\t\t<div class=\"elementor-element elementor-element-0b37c6e elementor-widget elementor-widget-text-editor\" data-id=\"0b37c6e\" data-element_type=\"widget\" data-widget_type=\"text-editor.default\">\n\t\t\t\t<div class=\"elementor-widget-container\">\n\t\t\t\t\t\t\t\t\t<p>Expertise France, via l&rsquo;Initiative, soutient des projets de sant\u00e9 essentiels \u00e0 la fronti\u00e8re Tha\u00eflande-Myanmar, notamment pour les r\u00e9fugi\u00e9s. Ce documentaire met en lumi\u00e8re l&rsquo;impact de ces financements sur des organisations comme SMRU et M-Fund, qui fournissent des services m\u00e9dicaux vitaux.<\/p><p>Expertise France a rassembl\u00e9 un ensemble d&rsquo;images documentant leurs actions sur le terrain et a sollicit\u00e9 notre expertise en post-production pour cr\u00e9er un document captivant.<\/p>\t\t\t\t\t\t\t\t<\/div>\n\t\t\t\t<\/div>\n\t\t\t\t\t<\/div>\n\t\t\t\t<\/div>\n\t\t<div class=\"elementor-element elementor-element-3dfeaf6 e-flex e-con-boxed e-con e-parent\" data-id=\"3dfeaf6\" data-element_type=\"container\">\n\t\t\t\t\t<div class=\"e-con-inner\">\n\t\t<div class=\"elementor-element elementor-element-3bcc92c e-con-full e-flex e-con e-child\" data-id=\"3bcc92c\" data-element_type=\"container\">\n\t\t\t\t<div class=\"elementor-element elementor-element-eaf28b3 elementor-widget elementor-widget-heading\" data-id=\"eaf28b3\" data-element_type=\"widget\" data-widget_type=\"heading.default\">\n\t\t\t\t<div class=\"elementor-widget-container\">\n\t\t\t\t\t<h2 class=\"elementor-heading-title elementor-size-default\">D\u00e9fi<\/h2>\t\t\t\t<\/div>\n\t\t\t\t<\/div>\n\t\t\t\t<\/div>\n\t\t\t\t\t<\/div>\n\t\t\t\t<\/div>\n\t\t<div class=\"elementor-element elementor-element-29e5d22 e-flex e-con-boxed e-con e-parent\" data-id=\"29e5d22\" data-element_type=\"container\">\n\t\t\t\t\t<div class=\"e-con-inner\">\n\t\t\t\t<div class=\"elementor-element elementor-element-2f25219 elementor-widget elementor-widget-text-editor\" data-id=\"2f25219\" data-element_type=\"widget\" data-widget_type=\"text-editor.default\">\n\t\t\t\t<div class=\"elementor-widget-container\">\n\t\t\t\t\t\t\t\t\t<p>Le principal d\u00e9fi fut de transformer des heures d&rsquo;interviews et de s\u00e9quences vid\u00e9o de qualit\u00e9 tr\u00e8s variable avec une prise de son de mauvaise qualit\u00e9 en un documentaire de qualit\u00e9, captivant et coh\u00e9rent, capable de transmettre efficacement le propos.<\/p><p>Le contenu devait allier rigueur informative et engagement \u00e9motionnel sans tomber dans la victimisation.<\/p><p>Une autre difficult\u00e9 fut l&rsquo;int\u00e9gration de longs textes qui \u00e9taient obligatoires, sans alourdir le visionnage.<\/p>\t\t\t\t\t\t\t\t<\/div>\n\t\t\t\t<\/div>\n\t\t\t\t\t<\/div>\n\t\t\t\t<\/div>\n\t\t<div class=\"elementor-element elementor-element-d7dd8a0 e-flex e-con-boxed e-con e-parent\" data-id=\"d7dd8a0\" data-element_type=\"container\">\n\t\t\t\t\t<div class=\"e-con-inner\">\n\t\t<div class=\"elementor-element elementor-element-7d60f09 e-con-full e-flex e-con e-child\" data-id=\"7d60f09\" data-element_type=\"container\">\n\t\t\t\t<div class=\"elementor-element elementor-element-a4a3ef1 elementor-widget elementor-widget-heading\" data-id=\"a4a3ef1\" data-element_type=\"widget\" data-widget_type=\"heading.default\">\n\t\t\t\t<div class=\"elementor-widget-container\">\n\t\t\t\t\t<h2 class=\"elementor-heading-title elementor-size-default\">R\u00e9sultat<\/h2>\t\t\t\t<\/div>\n\t\t\t\t<\/div>\n\t\t\t\t<\/div>\n\t\t\t\t\t<\/div>\n\t\t\t\t<\/div>\n\t\t<div class=\"elementor-element elementor-element-6ae22df e-flex e-con-boxed e-con e-parent\" data-id=\"6ae22df\" data-element_type=\"container\">\n\t\t\t\t\t<div class=\"e-con-inner\">\n\t\t<div class=\"elementor-element elementor-element-6fe4ed6 e-con-full e-flex e-con e-child\" data-id=\"6fe4ed6\" data-element_type=\"container\">\n\t\t\t\t<div class=\"elementor-element elementor-element-08848d0 elementor-widget elementor-widget-text-editor\" data-id=\"08848d0\" data-element_type=\"widget\" data-widget_type=\"text-editor.default\">\n\t\t\t\t<div class=\"elementor-widget-container\">\n\t\t\t\t\t\t\t\t\t<p>Le montage et le travail de post-production minutieux de Lalicorn ont cr\u00e9\u00e9 un contenu qui a \u00e9t\u00e9 tr\u00e8s appr\u00e9ci\u00e9 par les \u00e9quipes d&rsquo;Expertise France et l&rsquo;AFD.<\/p><p>Une s\u00e9rie de formats courts de 3 cutdowns et 1 teaser leur a permis de communiquer efficacement sur leurs r\u00e9seaux sociaux.<\/p>\t\t\t\t\t\t\t\t<\/div>\n\t\t\t\t<\/div>\n\t\t\t\t<\/div>\n\t\t<div class=\"elementor-element elementor-element-e26ea9f e-con-full e-flex e-con e-child\" data-id=\"e26ea9f\" data-element_type=\"container\">\n\t\t\t\t<div class=\"elementor-element elementor-element-814899a elementor-widget elementor-widget-image\" data-id=\"814899a\" data-element_type=\"widget\" data-widget_type=\"image.default\">\n\t\t\t\t<div class=\"elementor-widget-container\">\n\t\t\t\t\t\t\t\t\t\t\t\t\t\t\t<img fetchpriority=\"high\" decoding=\"async\" width=\"533\" height=\"586\" src=\"https:\/\/lalicorn.com\/fr\/wp-content\/uploads\/sites\/3\/2025\/03\/ExpertiseFranceSocialMedia.jpg\" class=\"attachment-large size-large wp-image-11001\" alt=\"\" srcset=\"https:\/\/lalicorn.com\/fr\/wp-content\/uploads\/sites\/3\/2025\/03\/ExpertiseFranceSocialMedia.jpg 533w, https:\/\/lalicorn.com\/fr\/wp-content\/uploads\/sites\/3\/2025\/03\/ExpertiseFranceSocialMedia-273x300.jpg 273w\" sizes=\"(max-width: 533px) 100vw, 533px\" \/>\t\t\t\t\t\t\t\t\t\t\t\t\t\t\t<\/div>\n\t\t\t\t<\/div>\n\t\t\t\t<\/div>\n\t\t\t\t\t<\/div>\n\t\t\t\t<\/div>\n\t\t<div class=\"elementor-element elementor-element-1189922 e-flex e-con-boxed e-con e-parent\" data-id=\"1189922\" data-element_type=\"container\">\n\t\t\t\t\t<div class=\"e-con-inner\">\n\t\t<div class=\"elementor-element elementor-element-98b0870 e-con-full e-flex e-con e-child\" data-id=\"98b0870\" data-element_type=\"container\">\n\t\t\t\t<div class=\"elementor-element elementor-element-aa9558f elementor-widget elementor-widget-video\" data-id=\"aa9558f\" data-element_type=\"widget\" data-settings=\"{&quot;youtube_url&quot;:&quot;https:\\\/\\\/youtu.be\\\/E6vfU2UWHCE&quot;,&quot;show_image_overlay&quot;:&quot;yes&quot;,&quot;image_overlay&quot;:{&quot;url&quot;:&quot;&quot;,&quot;id&quot;:&quot;&quot;,&quot;size&quot;:&quot;&quot;,&quot;alt&quot;:&quot;&quot;,&quot;source&quot;:&quot;library&quot;},&quot;video_type&quot;:&quot;youtube&quot;,&quot;controls&quot;:&quot;yes&quot;}\" data-widget_type=\"video.default\">\n\t\t\t\t<div class=\"elementor-widget-container\">\n\t\t\t\t\t\t\t<div class=\"elementor-wrapper elementor-open-inline\">\n\t\t\t<div class=\"elementor-video\"><\/div>\t\t<\/div>\n\t\t\t\t\t\t<\/div>\n\t\t\t\t<\/div>\n\t\t\t\t<\/div>\n\t\t<div class=\"elementor-element elementor-element-432fbce e-con-full e-flex e-con e-child\" data-id=\"432fbce\" data-element_type=\"container\">\n\t\t\t\t<div class=\"elementor-element elementor-element-45e8efd elementor-widget elementor-widget-video\" data-id=\"45e8efd\" data-element_type=\"widget\" data-settings=\"{&quot;youtube_url&quot;:&quot;https:\\\/\\\/youtu.be\\\/321jR8mJ7gQ&quot;,&quot;show_image_overlay&quot;:&quot;yes&quot;,&quot;image_overlay&quot;:{&quot;url&quot;:&quot;&quot;,&quot;id&quot;:&quot;&quot;,&quot;size&quot;:&quot;&quot;,&quot;alt&quot;:&quot;&quot;,&quot;source&quot;:&quot;library&quot;},&quot;video_type&quot;:&quot;youtube&quot;,&quot;controls&quot;:&quot;yes&quot;}\" data-widget_type=\"video.default\">\n\t\t\t\t<div class=\"elementor-widget-container\">\n\t\t\t\t\t\t\t<div class=\"elementor-wrapper elementor-open-inline\">\n\t\t\t<div class=\"elementor-video\"><\/div>\t\t<\/div>\n\t\t\t\t\t\t<\/div>\n\t\t\t\t<\/div>\n\t\t\t\t<\/div>\n\t\t<div class=\"elementor-element elementor-element-211a747 e-con-full e-flex e-con e-child\" data-id=\"211a747\" data-element_type=\"container\">\n\t\t\t\t<div class=\"elementor-element elementor-element-fa576bc elementor-widget elementor-widget-video\" data-id=\"fa576bc\" data-element_type=\"widget\" data-settings=\"{&quot;youtube_url&quot;:&quot;https:\\\/\\\/youtu.be\\\/_aUMC9lrvkk&quot;,&quot;show_image_overlay&quot;:&quot;yes&quot;,&quot;image_overlay&quot;:{&quot;url&quot;:&quot;&quot;,&quot;id&quot;:&quot;&quot;,&quot;size&quot;:&quot;&quot;,&quot;alt&quot;:&quot;&quot;,&quot;source&quot;:&quot;library&quot;},&quot;video_type&quot;:&quot;youtube&quot;,&quot;controls&quot;:&quot;yes&quot;}\" data-widget_type=\"video.default\">\n\t\t\t\t<div class=\"elementor-widget-container\">\n\t\t\t\t\t\t\t<div class=\"elementor-wrapper elementor-open-inline\">\n\t\t\t<div class=\"elementor-video\"><\/div>\t\t<\/div>\n\t\t\t\t\t\t<\/div>\n\t\t\t\t<\/div>\n\t\t\t\t<\/div>\n\t\t<div class=\"elementor-element elementor-element-31347ca e-con-full e-flex e-con e-child\" data-id=\"31347ca\" data-element_type=\"container\">\n\t\t\t\t<div class=\"elementor-element elementor-element-519f119 elementor-widget elementor-widget-video\" data-id=\"519f119\" data-element_type=\"widget\" data-settings=\"{&quot;youtube_url&quot;:&quot;https:\\\/\\\/youtu.be\\\/M_dZZxwl6LI&quot;,&quot;show_image_overlay&quot;:&quot;yes&quot;,&quot;image_overlay&quot;:{&quot;url&quot;:&quot;&quot;,&quot;id&quot;:&quot;&quot;,&quot;size&quot;:&quot;&quot;,&quot;alt&quot;:&quot;&quot;,&quot;source&quot;:&quot;library&quot;},&quot;video_type&quot;:&quot;youtube&quot;,&quot;controls&quot;:&quot;yes&quot;}\" data-widget_type=\"video.default\">\n\t\t\t\t<div class=\"elementor-widget-container\">\n\t\t\t\t\t\t\t<div class=\"elementor-wrapper elementor-open-inline\">\n\t\t\t<div class=\"elementor-video\"><\/div>\t\t<\/div>\n\t\t\t\t\t\t<\/div>\n\t\t\t\t<\/div>\n\t\t\t\t<\/div>\n\t\t\t\t\t<\/div>\n\t\t\t\t<\/div>\n\t\t\t\t<\/div>\n\t\t","protected":false},"excerpt":{"rendered":"<p>L&rsquo;Initiative<\/p>\n","protected":false},"author":4,"featured_media":0,"parent":221,"menu_order":0,"comment_status":"closed","ping_status":"closed","template":"","meta":{"footnotes":""},"class_list":["post-10417","page","type-page","status-publish","hentry"],"_links":{"self":[{"href":"https:\/\/lalicorn.com\/fr\/wp-json\/wp\/v2\/pages\/10417","targetHints":{"allow":["GET"]}}],"collection":[{"href":"https:\/\/lalicorn.com\/fr\/wp-json\/wp\/v2\/pages"}],"about":[{"href":"https:\/\/lalicorn.com\/fr\/wp-json\/wp\/v2\/types\/page"}],"author":[{"embeddable":true,"href":"https:\/\/lalicorn.com\/fr\/wp-json\/wp\/v2\/users\/4"}],"replies":[{"embeddable":true,"href":"https:\/\/lalicorn.com\/fr\/wp-json\/wp\/v2\/comments?post=10417"}],"version-history":[{"count":129,"href":"https:\/\/lalicorn.com\/fr\/wp-json\/wp\/v2\/pages\/10417\/revisions"}],"predecessor-version":[{"id":14773,"href":"https:\/\/lalicorn.com\/fr\/wp-json\/wp\/v2\/pages\/10417\/revisions\/14773"}],"up":[{"embeddable":true,"href":"https:\/\/lalicorn.com\/fr\/wp-json\/wp\/v2\/pages\/221"}],"wp:attachment":[{"href":"https:\/\/lalicorn.com\/fr\/wp-json\/wp\/v2\/media?parent=10417"}],"curies":[{"name":"wp","href":"https:\/\/api.w.org\/{rel}","templated":true}]}}